{"id":1595,"date":"2025-06-05T14:03:33","date_gmt":"2025-06-05T11:03:33","guid":{"rendered":"https:\/\/www.airpower.fi\/tuote\/case-for-axles-o600\/"},"modified":"2025-06-05T14:03:33","modified_gmt":"2025-06-05T11:03:33","slug":"case-for-axles-o600","status":"publish","type":"product","link":"https:\/\/www.airpower.fi\/en\/product\/case-for-axles-o600\/","title":{"rendered":"Case for axles \u00f8600"},"content":{"rendered":"<p>Axle case or carrier bag \u00f8600mm diameter.<\/p>\n<p>Designed to hold a flexible shaft 6mm. The bag also conveniently holds brushes for storage.<\/p>\n","protected":false},"excerpt":{"rendered":"<p>Axle case small 600mm<\/p>\n","protected":false},"featured_media":1313,"template":"","meta":[],"product_brand":[],"product_cat":[224],"product_tag":[247,356,358],"class_list":{"0":"post-1595","1":"product","2":"type-product","3":"status-publish","4":"has-post-thumbnail","6":"product_cat-auxiliary-tools","7":"product_tag-shaft-bag","8":"product_tag-storage-bag","9":"product_tag-storage-bag-en","11":"first","12":"instock","13":"shipping-taxable","14":"purchasable","15":"product-type-simple"},"yoast_head":"<!-- This site is optimized with the Yoast SEO plugin v27.4 - https:\/\/yoast.com\/product\/yoast-seo-wordpress\/ -->\n<title>Case for axles \u00f8600 - AirPower - Puhtaan ilman puolesta<\/title>\n<meta name=\"robots\" content=\"index, follow, max-snippet:-1, max-image-preview:large, max-video-preview:-1\" \/>\n<link rel=\"canonical\" href=\"https:\/\/www.airpower.fi\/en\/product\/case-for-axles-o600\/\" \/>\n<meta property=\"og:locale\" content=\"en_US\" \/>\n<meta property=\"og:type\" content=\"article\" \/>\n<meta property=\"og:title\" content=\"Case for axles \u00f8600 - AirPower - Puhtaan ilman puolesta\" \/>\n<meta property=\"og:description\" content=\"Axle case small 600mm\" \/>\n<meta property=\"og:url\" content=\"https:\/\/www.airpower.fi\/en\/product\/case-for-axles-o600\/\" \/>\n<meta property=\"og:site_name\" content=\"AirPower - Puhtaan ilman puolesta\" \/>\n<meta property=\"og:image\" content=\"https:\/\/www.airpower.fi\/wpc\/uploads\/2025\/06\/11003_Akselikassi_600mm_1_AirPower.jpg\" \/>\n\t<meta property=\"og:image:width\" content=\"1000\" \/>\n\t<meta property=\"og:image:height\" content=\"1000\" \/>\n\t<meta property=\"og:image:type\" content=\"image\/jpeg\" \/>\n<meta name=\"twitter:card\" content=\"summary_large_image\" \/>\n<script type=\"application\/ld+json\" class=\"yoast-schema-graph\">{\"@context\":\"https:\\\/\\\/schema.org\",\"@graph\":[{\"@type\":\"WebPage\",\"@id\":\"https:\\\/\\\/www.airpower.fi\\\/en\\\/product\\\/case-for-axles-o600\\\/\",\"url\":\"https:\\\/\\\/www.airpower.fi\\\/en\\\/product\\\/case-for-axles-o600\\\/\",\"name\":\"Case for axles \u00f8600 - AirPower - Puhtaan ilman puolesta\",\"isPartOf\":{\"@id\":\"https:\\\/\\\/www.airpower.fi\\\/en\\\/#website\"},\"primaryImageOfPage\":{\"@id\":\"https:\\\/\\\/www.airpower.fi\\\/en\\\/product\\\/case-for-axles-o600\\\/#primaryimage\"},\"image\":{\"@id\":\"https:\\\/\\\/www.airpower.fi\\\/en\\\/product\\\/case-for-axles-o600\\\/#primaryimage\"},\"thumbnailUrl\":\"https:\\\/\\\/www.airpower.fi\\\/wpc\\\/uploads\\\/2025\\\/06\\\/11003_Akselikassi_600mm_1_AirPower.jpg\",\"datePublished\":\"2025-06-05T11:03:33+00:00\",\"breadcrumb\":{\"@id\":\"https:\\\/\\\/www.airpower.fi\\\/en\\\/product\\\/case-for-axles-o600\\\/#breadcrumb\"},\"inLanguage\":\"en-US\",\"potentialAction\":[{\"@type\":\"ReadAction\",\"target\":[\"https:\\\/\\\/www.airpower.fi\\\/en\\\/product\\\/case-for-axles-o600\\\/\"]}]},{\"@type\":\"ImageObject\",\"inLanguage\":\"en-US\",\"@id\":\"https:\\\/\\\/www.airpower.fi\\\/en\\\/product\\\/case-for-axles-o600\\\/#primaryimage\",\"url\":\"https:\\\/\\\/www.airpower.fi\\\/wpc\\\/uploads\\\/2025\\\/06\\\/11003_Akselikassi_600mm_1_AirPower.jpg\",\"contentUrl\":\"https:\\\/\\\/www.airpower.fi\\\/wpc\\\/uploads\\\/2025\\\/06\\\/11003_Akselikassi_600mm_1_AirPower.jpg\",\"width\":1000,\"height\":1000},{\"@type\":\"BreadcrumbList\",\"@id\":\"https:\\\/\\\/www.airpower.fi\\\/en\\\/product\\\/case-for-axles-o600\\\/#breadcrumb\",\"itemListElement\":[{\"@type\":\"ListItem\",\"position\":1,\"name\":\"Home\",\"item\":\"https:\\\/\\\/www.airpower.fi\\\/en\\\/\"},{\"@type\":\"ListItem\",\"position\":2,\"name\":\"Products\",\"item\":\"https:\\\/\\\/www.airpower.fi\\\/tuotteet\\\/\"},{\"@type\":\"ListItem\",\"position\":3,\"name\":\"Case for axles \u00f8600\"}]},{\"@type\":\"WebSite\",\"@id\":\"https:\\\/\\\/www.airpower.fi\\\/en\\\/#website\",\"url\":\"https:\\\/\\\/www.airpower.fi\\\/en\\\/\",\"name\":\"AirPower - Puhtaan ilman puolesta\",\"description\":\"Ratkaisut ilmastointikanavien puhdistukseen ja tarkastukseen\",\"alternateName\":\"R\u00e4\u00e4kkyl\u00e4n Pelti- ja Metallity\u00f6 Oy\",\"potentialAction\":[{\"@type\":\"SearchAction\",\"target\":{\"@type\":\"EntryPoint\",\"urlTemplate\":\"https:\\\/\\\/www.airpower.fi\\\/en\\\/?s={search_term_string}\"},\"query-input\":{\"@type\":\"PropertyValueSpecification\",\"valueRequired\":true,\"valueName\":\"search_term_string\"}}],\"inLanguage\":\"en-US\"}]}<\/script>\n<!-- \/ Yoast SEO plugin. -->","yoast_head_json":{"title":"Case for axles \u00f8600 - AirPower - Puhtaan ilman puolesta","robots":{"index":"index","follow":"follow","max-snippet":"max-snippet:-1","max-image-preview":"max-image-preview:large","max-video-preview":"max-video-preview:-1"},"canonical":"https:\/\/www.airpower.fi\/en\/product\/case-for-axles-o600\/","og_locale":"en_US","og_type":"article","og_title":"Case for axles \u00f8600 - AirPower - Puhtaan ilman puolesta","og_description":"Axle case small 600mm","og_url":"https:\/\/www.airpower.fi\/en\/product\/case-for-axles-o600\/","og_site_name":"AirPower - Puhtaan ilman puolesta","og_image":[{"width":1000,"height":1000,"url":"https:\/\/www.airpower.fi\/wpc\/uploads\/2025\/06\/11003_Akselikassi_600mm_1_AirPower.jpg","type":"image\/jpeg"}],"twitter_card":"summary_large_image","schema":{"@context":"https:\/\/schema.org","@graph":[{"@type":"WebPage","@id":"https:\/\/www.airpower.fi\/en\/product\/case-for-axles-o600\/","url":"https:\/\/www.airpower.fi\/en\/product\/case-for-axles-o600\/","name":"Case for axles \u00f8600 - AirPower - Puhtaan ilman puolesta","isPartOf":{"@id":"https:\/\/www.airpower.fi\/en\/#website"},"primaryImageOfPage":{"@id":"https:\/\/www.airpower.fi\/en\/product\/case-for-axles-o600\/#primaryimage"},"image":{"@id":"https:\/\/www.airpower.fi\/en\/product\/case-for-axles-o600\/#primaryimage"},"thumbnailUrl":"https:\/\/www.airpower.fi\/wpc\/uploads\/2025\/06\/11003_Akselikassi_600mm_1_AirPower.jpg","datePublished":"2025-06-05T11:03:33+00:00","breadcrumb":{"@id":"https:\/\/www.airpower.fi\/en\/product\/case-for-axles-o600\/#breadcrumb"},"inLanguage":"en-US","potentialAction":[{"@type":"ReadAction","target":["https:\/\/www.airpower.fi\/en\/product\/case-for-axles-o600\/"]}]},{"@type":"ImageObject","inLanguage":"en-US","@id":"https:\/\/www.airpower.fi\/en\/product\/case-for-axles-o600\/#primaryimage","url":"https:\/\/www.airpower.fi\/wpc\/uploads\/2025\/06\/11003_Akselikassi_600mm_1_AirPower.jpg","contentUrl":"https:\/\/www.airpower.fi\/wpc\/uploads\/2025\/06\/11003_Akselikassi_600mm_1_AirPower.jpg","width":1000,"height":1000},{"@type":"BreadcrumbList","@id":"https:\/\/www.airpower.fi\/en\/product\/case-for-axles-o600\/#breadcrumb","itemListElement":[{"@type":"ListItem","position":1,"name":"Home","item":"https:\/\/www.airpower.fi\/en\/"},{"@type":"ListItem","position":2,"name":"Products","item":"https:\/\/www.airpower.fi\/tuotteet\/"},{"@type":"ListItem","position":3,"name":"Case for axles \u00f8600"}]},{"@type":"WebSite","@id":"https:\/\/www.airpower.fi\/en\/#website","url":"https:\/\/www.airpower.fi\/en\/","name":"AirPower - Puhtaan ilman puolesta","description":"Ratkaisut ilmastointikanavien puhdistukseen ja tarkastukseen","alternateName":"R\u00e4\u00e4kkyl\u00e4n Pelti- ja Metallity\u00f6 Oy","potentialAction":[{"@type":"SearchAction","target":{"@type":"EntryPoint","urlTemplate":"https:\/\/www.airpower.fi\/en\/?s={search_term_string}"},"query-input":{"@type":"PropertyValueSpecification","valueRequired":true,"valueName":"search_term_string"}}],"inLanguage":"en-US"}]}},"_links":{"self":[{"href":"https:\/\/www.airpower.fi\/en\/wp-json\/wp\/v2\/product\/1595","targetHints":{"allow":["GET"]}}],"collection":[{"href":"https:\/\/www.airpower.fi\/en\/wp-json\/wp\/v2\/product"}],"about":[{"href":"https:\/\/www.airpower.fi\/en\/wp-json\/wp\/v2\/types\/product"}],"wp:featuredmedia":[{"embeddable":true,"href":"https:\/\/www.airpower.fi\/en\/wp-json\/wp\/v2\/media\/1313"}],"wp:attachment":[{"href":"https:\/\/www.airpower.fi\/en\/wp-json\/wp\/v2\/media?parent=1595"}],"wp:term":[{"taxonomy":"product_brand","embeddable":true,"href":"https:\/\/www.airpower.fi\/en\/wp-json\/wp\/v2\/product_brand?post=1595"},{"taxonomy":"product_cat","embeddable":true,"href":"https:\/\/www.airpower.fi\/en\/wp-json\/wp\/v2\/product_cat?post=1595"},{"taxonomy":"product_tag","embeddable":true,"href":"https:\/\/www.airpower.fi\/en\/wp-json\/wp\/v2\/product_tag?post=1595"}],"curies":[{"name":"wp","href":"https:\/\/api.w.org\/{rel}","templated":true}]}}