{"id":1665,"date":"2025-06-05T14:02:46","date_gmt":"2025-06-05T11:02:46","guid":{"rendered":"https:\/\/www.airpower.fi\/tuote\/protective-covers-for-brush-concentrator-10304\/"},"modified":"2025-06-05T14:02:46","modified_gmt":"2025-06-05T11:02:46","slug":"protective-covers-for-brush-concentrator-10304","status":"publish","type":"product","link":"https:\/\/www.airpower.fi\/en\/product\/protective-covers-for-brush-concentrator-10304\/","title":{"rendered":"Protective covers for brush concentrator (10304)"},"content":{"rendered":"","protected":false},"excerpt":{"rendered":"<p>Protective covers for brush concentrator 10304, 6pcs<\/p>\n","protected":false},"featured_media":0,"template":"","meta":[],"product_brand":[],"product_cat":[224],"product_tag":[253,302,360],"class_list":{"0":"post-1665","1":"product","2":"type-product","3":"status-publish","5":"product_cat-auxiliary-tools","6":"product_tag-brush-centering-device","7":"product_tag-brush-concentrator","8":"product_tag-spare-part","10":"first","11":"instock","12":"shipping-taxable","13":"purchasable","14":"product-type-simple"},"yoast_head":"<!-- This site is optimized with the Yoast SEO plugin v27.2 - https:\/\/yoast.com\/product\/yoast-seo-wordpress\/ -->\n<title>Protective covers for brush concentrator (10304) - AirPower - Puhtaan ilman puolesta<\/title>\n<meta name=\"robots\" content=\"index, follow, max-snippet:-1, max-image-preview:large, max-video-preview:-1\" \/>\n<link rel=\"canonical\" href=\"https:\/\/www.airpower.fi\/en\/product\/protective-covers-for-brush-concentrator-10304\/\" \/>\n<meta property=\"og:locale\" content=\"en_US\" \/>\n<meta property=\"og:type\" content=\"article\" \/>\n<meta property=\"og:title\" content=\"Protective covers for brush concentrator (10304) - AirPower - Puhtaan ilman puolesta\" \/>\n<meta property=\"og:description\" content=\"Protective covers for brush concentrator 10304, 6pcs\" \/>\n<meta property=\"og:url\" content=\"https:\/\/www.airpower.fi\/en\/product\/protective-covers-for-brush-concentrator-10304\/\" \/>\n<meta property=\"og:site_name\" content=\"AirPower - Puhtaan ilman puolesta\" \/>\n<meta property=\"og:image\" content=\"https:\/\/www.airpower.fi\/wpc\/uploads\/2025\/08\/Some-FB-1200x630px.jpg\" \/>\n\t<meta property=\"og:image:width\" content=\"1200\" \/>\n\t<meta property=\"og:image:height\" content=\"630\" \/>\n\t<meta property=\"og:image:type\" content=\"image\/jpeg\" \/>\n<meta name=\"twitter:card\" content=\"summary_large_image\" \/>\n<script type=\"application\/ld+json\" class=\"yoast-schema-graph\">{\"@context\":\"https:\/\/schema.org\",\"@graph\":[{\"@type\":\"WebPage\",\"@id\":\"https:\/\/www.airpower.fi\/en\/product\/protective-covers-for-brush-concentrator-10304\/\",\"url\":\"https:\/\/www.airpower.fi\/en\/product\/protective-covers-for-brush-concentrator-10304\/\",\"name\":\"Protective covers for brush concentrator (10304) - AirPower - Puhtaan ilman puolesta\",\"isPartOf\":{\"@id\":\"https:\/\/www.airpower.fi\/en\/#website\"},\"datePublished\":\"2025-06-05T11:02:46+00:00\",\"breadcrumb\":{\"@id\":\"https:\/\/www.airpower.fi\/en\/product\/protective-covers-for-brush-concentrator-10304\/#breadcrumb\"},\"inLanguage\":\"en-US\",\"potentialAction\":[{\"@type\":\"ReadAction\",\"target\":[\"https:\/\/www.airpower.fi\/en\/product\/protective-covers-for-brush-concentrator-10304\/\"]}]},{\"@type\":\"BreadcrumbList\",\"@id\":\"https:\/\/www.airpower.fi\/en\/product\/protective-covers-for-brush-concentrator-10304\/#breadcrumb\",\"itemListElement\":[{\"@type\":\"ListItem\",\"position\":1,\"name\":\"Home\",\"item\":\"https:\/\/www.airpower.fi\/en\/\"},{\"@type\":\"ListItem\",\"position\":2,\"name\":\"Products\",\"item\":\"https:\/\/www.airpower.fi\/tuotteet\/\"},{\"@type\":\"ListItem\",\"position\":3,\"name\":\"Protective covers for brush concentrator (10304)\"}]},{\"@type\":\"WebSite\",\"@id\":\"https:\/\/www.airpower.fi\/en\/#website\",\"url\":\"https:\/\/www.airpower.fi\/en\/\",\"name\":\"AirPower - Puhtaan ilman puolesta\",\"description\":\"Ratkaisut ilmastointikanavien puhdistukseen ja tarkastukseen\",\"alternateName\":\"R\u00e4\u00e4kkyl\u00e4n Pelti- ja Metallity\u00f6 Oy\",\"potentialAction\":[{\"@type\":\"SearchAction\",\"target\":{\"@type\":\"EntryPoint\",\"urlTemplate\":\"https:\/\/www.airpower.fi\/en\/?s={search_term_string}\"},\"query-input\":{\"@type\":\"PropertyValueSpecification\",\"valueRequired\":true,\"valueName\":\"search_term_string\"}}],\"inLanguage\":\"en-US\"}]}<\/script>\n<!-- \/ Yoast SEO plugin. -->","yoast_head_json":{"title":"Protective covers for brush concentrator (10304) - AirPower - Puhtaan ilman puolesta","robots":{"index":"index","follow":"follow","max-snippet":"max-snippet:-1","max-image-preview":"max-image-preview:large","max-video-preview":"max-video-preview:-1"},"canonical":"https:\/\/www.airpower.fi\/en\/product\/protective-covers-for-brush-concentrator-10304\/","og_locale":"en_US","og_type":"article","og_title":"Protective covers for brush concentrator (10304) - AirPower - Puhtaan ilman puolesta","og_description":"Protective covers for brush concentrator 10304, 6pcs","og_url":"https:\/\/www.airpower.fi\/en\/product\/protective-covers-for-brush-concentrator-10304\/","og_site_name":"AirPower - Puhtaan ilman puolesta","og_image":[{"width":1200,"height":630,"url":"https:\/\/www.airpower.fi\/wpc\/uploads\/2025\/08\/Some-FB-1200x630px.jpg","type":"image\/jpeg"}],"twitter_card":"summary_large_image","schema":{"@context":"https:\/\/schema.org","@graph":[{"@type":"WebPage","@id":"https:\/\/www.airpower.fi\/en\/product\/protective-covers-for-brush-concentrator-10304\/","url":"https:\/\/www.airpower.fi\/en\/product\/protective-covers-for-brush-concentrator-10304\/","name":"Protective covers for brush concentrator (10304) - AirPower - Puhtaan ilman puolesta","isPartOf":{"@id":"https:\/\/www.airpower.fi\/en\/#website"},"datePublished":"2025-06-05T11:02:46+00:00","breadcrumb":{"@id":"https:\/\/www.airpower.fi\/en\/product\/protective-covers-for-brush-concentrator-10304\/#breadcrumb"},"inLanguage":"en-US","potentialAction":[{"@type":"ReadAction","target":["https:\/\/www.airpower.fi\/en\/product\/protective-covers-for-brush-concentrator-10304\/"]}]},{"@type":"BreadcrumbList","@id":"https:\/\/www.airpower.fi\/en\/product\/protective-covers-for-brush-concentrator-10304\/#breadcrumb","itemListElement":[{"@type":"ListItem","position":1,"name":"Home","item":"https:\/\/www.airpower.fi\/en\/"},{"@type":"ListItem","position":2,"name":"Products","item":"https:\/\/www.airpower.fi\/tuotteet\/"},{"@type":"ListItem","position":3,"name":"Protective covers for brush concentrator (10304)"}]},{"@type":"WebSite","@id":"https:\/\/www.airpower.fi\/en\/#website","url":"https:\/\/www.airpower.fi\/en\/","name":"AirPower - Puhtaan ilman puolesta","description":"Ratkaisut ilmastointikanavien puhdistukseen ja tarkastukseen","alternateName":"R\u00e4\u00e4kkyl\u00e4n Pelti- ja Metallity\u00f6 Oy","potentialAction":[{"@type":"SearchAction","target":{"@type":"EntryPoint","urlTemplate":"https:\/\/www.airpower.fi\/en\/?s={search_term_string}"},"query-input":{"@type":"PropertyValueSpecification","valueRequired":true,"valueName":"search_term_string"}}],"inLanguage":"en-US"}]}},"_links":{"self":[{"href":"https:\/\/www.airpower.fi\/en\/wp-json\/wp\/v2\/product\/1665","targetHints":{"allow":["GET"]}}],"collection":[{"href":"https:\/\/www.airpower.fi\/en\/wp-json\/wp\/v2\/product"}],"about":[{"href":"https:\/\/www.airpower.fi\/en\/wp-json\/wp\/v2\/types\/product"}],"wp:attachment":[{"href":"https:\/\/www.airpower.fi\/en\/wp-json\/wp\/v2\/media?parent=1665"}],"wp:term":[{"taxonomy":"product_brand","embeddable":true,"href":"https:\/\/www.airpower.fi\/en\/wp-json\/wp\/v2\/product_brand?post=1665"},{"taxonomy":"product_cat","embeddable":true,"href":"https:\/\/www.airpower.fi\/en\/wp-json\/wp\/v2\/product_cat?post=1665"},{"taxonomy":"product_tag","embeddable":true,"href":"https:\/\/www.airpower.fi\/en\/wp-json\/wp\/v2\/product_tag?post=1665"}],"curies":[{"name":"wp","href":"https:\/\/api.w.org\/{rel}","templated":true}]}}