{"id":1675,"date":"2025-06-05T14:02:48","date_gmt":"2025-06-05T11:02:48","guid":{"rendered":"https:\/\/www.airpower.fi\/tuote\/flexible-shaft-10-mm-length-15-m\/"},"modified":"2025-08-18T15:29:45","modified_gmt":"2025-08-18T12:29:45","slug":"flexible-shaft-10-mm-length-15-m","status":"publish","type":"product","link":"https:\/\/www.airpower.fi\/en\/product\/flexible-shaft-10-mm-length-15-m\/","title":{"rendered":"Flexible shaft 10 mm, length 1,5 m"},"content":{"rendered":"<p><strong>Flexible shaft 10 mm \u2013 Length 1.5 m. Recommended duct size 100\u2013400 mm<\/strong><\/p>\n<p>The flexible 10 mm shaft is made of soft shell and uses a spring-like 10 mm inner shaft. This shaft can also be used from a reel and rotated in both directions.<\/p>\n<p>With 20335 adapter attachment at the brush end, plastic-framed brushes and M12-mounted brushes can be used, or both brushes can be used in succession. The brush attachment is the same as in AirPower brand brush machines.<\/p>\n<p>For ducts smaller than \u2300200 mm, we recommend using the 20337 spring adapter.<\/p>\n","protected":false},"excerpt":{"rendered":"<p>Flexible shaft 10 mm, 1,5 m (soft shell)<\/p>\n","protected":false},"featured_media":1562,"template":"","meta":[],"product_brand":[],"product_cat":[227],"product_tag":[279,291,339,295],"class_list":{"0":"post-1675","1":"product","2":"type-product","3":"status-publish","4":"has-post-thumbnail","6":"product_cat-flexible-shafts-8-12mm","7":"product_tag-drilling-machine-axles","8":"product_tag-flexible-axle","9":"product_tag-rotation-axle","10":"product_tag-warp","12":"first","13":"instock","14":"shipping-taxable","15":"purchasable","16":"product-type-simple"},"yoast_head":"<!-- This site is optimized with the Yoast SEO plugin v27.4 - https:\/\/yoast.com\/product\/yoast-seo-wordpress\/ -->\n<title>Flexible shaft 10 mm, length 1,5 m - AirPower - Puhtaan ilman puolesta<\/title>\n<meta name=\"robots\" content=\"index, follow, max-snippet:-1, max-image-preview:large, max-video-preview:-1\" \/>\n<link rel=\"canonical\" href=\"https:\/\/www.airpower.fi\/en\/product\/flexible-shaft-10-mm-length-15-m\/\" \/>\n<meta property=\"og:locale\" content=\"en_US\" \/>\n<meta property=\"og:type\" content=\"article\" \/>\n<meta property=\"og:title\" content=\"Flexible shaft 10 mm, length 1,5 m - AirPower - Puhtaan ilman puolesta\" \/>\n<meta property=\"og:description\" content=\"Flexible shaft 10 mm, 1,5 m (soft shell)\" \/>\n<meta property=\"og:url\" content=\"https:\/\/www.airpower.fi\/en\/product\/flexible-shaft-10-mm-length-15-m\/\" \/>\n<meta property=\"og:site_name\" content=\"AirPower - Puhtaan ilman puolesta\" \/>\n<meta property=\"article:modified_time\" content=\"2025-08-18T12:29:45+00:00\" \/>\n<meta property=\"og:image\" content=\"https:\/\/www.airpower.fi\/wpc\/uploads\/2025\/06\/201xx_Taipuisa-akseli_10mm_3_AirPower-rotated.jpg\" \/>\n\t<meta property=\"og:image:width\" content=\"1020\" \/>\n\t<meta property=\"og:image:height\" content=\"1020\" \/>\n\t<meta property=\"og:image:type\" content=\"image\/jpeg\" \/>\n<meta name=\"twitter:card\" content=\"summary_large_image\" \/>\n<meta name=\"twitter:label1\" content=\"Est. reading time\" \/>\n\t<meta name=\"twitter:data1\" content=\"1 minute\" \/>\n<script type=\"application\/ld+json\" class=\"yoast-schema-graph\">{\"@context\":\"https:\\\/\\\/schema.org\",\"@graph\":[{\"@type\":\"WebPage\",\"@id\":\"https:\\\/\\\/www.airpower.fi\\\/en\\\/product\\\/flexible-shaft-10-mm-length-15-m\\\/\",\"url\":\"https:\\\/\\\/www.airpower.fi\\\/en\\\/product\\\/flexible-shaft-10-mm-length-15-m\\\/\",\"name\":\"Flexible shaft 10 mm, length 1,5 m - AirPower - Puhtaan ilman puolesta\",\"isPartOf\":{\"@id\":\"https:\\\/\\\/www.airpower.fi\\\/en\\\/#website\"},\"primaryImageOfPage\":{\"@id\":\"https:\\\/\\\/www.airpower.fi\\\/en\\\/product\\\/flexible-shaft-10-mm-length-15-m\\\/#primaryimage\"},\"image\":{\"@id\":\"https:\\\/\\\/www.airpower.fi\\\/en\\\/product\\\/flexible-shaft-10-mm-length-15-m\\\/#primaryimage\"},\"thumbnailUrl\":\"https:\\\/\\\/www.airpower.fi\\\/wpc\\\/uploads\\\/2025\\\/06\\\/201xx_Taipuisa-akseli_10mm_3_AirPower-rotated.jpg\",\"datePublished\":\"2025-06-05T11:02:48+00:00\",\"dateModified\":\"2025-08-18T12:29:45+00:00\",\"breadcrumb\":{\"@id\":\"https:\\\/\\\/www.airpower.fi\\\/en\\\/product\\\/flexible-shaft-10-mm-length-15-m\\\/#breadcrumb\"},\"inLanguage\":\"en-US\",\"potentialAction\":[{\"@type\":\"ReadAction\",\"target\":[\"https:\\\/\\\/www.airpower.fi\\\/en\\\/product\\\/flexible-shaft-10-mm-length-15-m\\\/\"]}]},{\"@type\":\"ImageObject\",\"inLanguage\":\"en-US\",\"@id\":\"https:\\\/\\\/www.airpower.fi\\\/en\\\/product\\\/flexible-shaft-10-mm-length-15-m\\\/#primaryimage\",\"url\":\"https:\\\/\\\/www.airpower.fi\\\/wpc\\\/uploads\\\/2025\\\/06\\\/201xx_Taipuisa-akseli_10mm_3_AirPower-rotated.jpg\",\"contentUrl\":\"https:\\\/\\\/www.airpower.fi\\\/wpc\\\/uploads\\\/2025\\\/06\\\/201xx_Taipuisa-akseli_10mm_3_AirPower-rotated.jpg\",\"width\":1020,\"height\":1020},{\"@type\":\"BreadcrumbList\",\"@id\":\"https:\\\/\\\/www.airpower.fi\\\/en\\\/product\\\/flexible-shaft-10-mm-length-15-m\\\/#breadcrumb\",\"itemListElement\":[{\"@type\":\"ListItem\",\"position\":1,\"name\":\"Home\",\"item\":\"https:\\\/\\\/www.airpower.fi\\\/en\\\/\"},{\"@type\":\"ListItem\",\"position\":2,\"name\":\"Products\",\"item\":\"https:\\\/\\\/www.airpower.fi\\\/tuotteet\\\/\"},{\"@type\":\"ListItem\",\"position\":3,\"name\":\"Flexible shaft 10 mm, length 1,5 m\"}]},{\"@type\":\"WebSite\",\"@id\":\"https:\\\/\\\/www.airpower.fi\\\/en\\\/#website\",\"url\":\"https:\\\/\\\/www.airpower.fi\\\/en\\\/\",\"name\":\"AirPower - Puhtaan ilman puolesta\",\"description\":\"Ratkaisut ilmastointikanavien puhdistukseen ja tarkastukseen\",\"alternateName\":\"R\u00e4\u00e4kkyl\u00e4n Pelti- ja Metallity\u00f6 Oy\",\"potentialAction\":[{\"@type\":\"SearchAction\",\"target\":{\"@type\":\"EntryPoint\",\"urlTemplate\":\"https:\\\/\\\/www.airpower.fi\\\/en\\\/?s={search_term_string}\"},\"query-input\":{\"@type\":\"PropertyValueSpecification\",\"valueRequired\":true,\"valueName\":\"search_term_string\"}}],\"inLanguage\":\"en-US\"}]}<\/script>\n<!-- \/ Yoast SEO plugin. -->","yoast_head_json":{"title":"Flexible shaft 10 mm, length 1,5 m - AirPower - Puhtaan ilman puolesta","robots":{"index":"index","follow":"follow","max-snippet":"max-snippet:-1","max-image-preview":"max-image-preview:large","max-video-preview":"max-video-preview:-1"},"canonical":"https:\/\/www.airpower.fi\/en\/product\/flexible-shaft-10-mm-length-15-m\/","og_locale":"en_US","og_type":"article","og_title":"Flexible shaft 10 mm, length 1,5 m - AirPower - Puhtaan ilman puolesta","og_description":"Flexible shaft 10 mm, 1,5 m (soft shell)","og_url":"https:\/\/www.airpower.fi\/en\/product\/flexible-shaft-10-mm-length-15-m\/","og_site_name":"AirPower - Puhtaan ilman puolesta","article_modified_time":"2025-08-18T12:29:45+00:00","og_image":[{"width":1020,"height":1020,"url":"https:\/\/www.airpower.fi\/wpc\/uploads\/2025\/06\/201xx_Taipuisa-akseli_10mm_3_AirPower-rotated.jpg","type":"image\/jpeg"}],"twitter_card":"summary_large_image","twitter_misc":{"Est. reading time":"1 minute"},"schema":{"@context":"https:\/\/schema.org","@graph":[{"@type":"WebPage","@id":"https:\/\/www.airpower.fi\/en\/product\/flexible-shaft-10-mm-length-15-m\/","url":"https:\/\/www.airpower.fi\/en\/product\/flexible-shaft-10-mm-length-15-m\/","name":"Flexible shaft 10 mm, length 1,5 m - AirPower - Puhtaan ilman puolesta","isPartOf":{"@id":"https:\/\/www.airpower.fi\/en\/#website"},"primaryImageOfPage":{"@id":"https:\/\/www.airpower.fi\/en\/product\/flexible-shaft-10-mm-length-15-m\/#primaryimage"},"image":{"@id":"https:\/\/www.airpower.fi\/en\/product\/flexible-shaft-10-mm-length-15-m\/#primaryimage"},"thumbnailUrl":"https:\/\/www.airpower.fi\/wpc\/uploads\/2025\/06\/201xx_Taipuisa-akseli_10mm_3_AirPower-rotated.jpg","datePublished":"2025-06-05T11:02:48+00:00","dateModified":"2025-08-18T12:29:45+00:00","breadcrumb":{"@id":"https:\/\/www.airpower.fi\/en\/product\/flexible-shaft-10-mm-length-15-m\/#breadcrumb"},"inLanguage":"en-US","potentialAction":[{"@type":"ReadAction","target":["https:\/\/www.airpower.fi\/en\/product\/flexible-shaft-10-mm-length-15-m\/"]}]},{"@type":"ImageObject","inLanguage":"en-US","@id":"https:\/\/www.airpower.fi\/en\/product\/flexible-shaft-10-mm-length-15-m\/#primaryimage","url":"https:\/\/www.airpower.fi\/wpc\/uploads\/2025\/06\/201xx_Taipuisa-akseli_10mm_3_AirPower-rotated.jpg","contentUrl":"https:\/\/www.airpower.fi\/wpc\/uploads\/2025\/06\/201xx_Taipuisa-akseli_10mm_3_AirPower-rotated.jpg","width":1020,"height":1020},{"@type":"BreadcrumbList","@id":"https:\/\/www.airpower.fi\/en\/product\/flexible-shaft-10-mm-length-15-m\/#breadcrumb","itemListElement":[{"@type":"ListItem","position":1,"name":"Home","item":"https:\/\/www.airpower.fi\/en\/"},{"@type":"ListItem","position":2,"name":"Products","item":"https:\/\/www.airpower.fi\/tuotteet\/"},{"@type":"ListItem","position":3,"name":"Flexible shaft 10 mm, length 1,5 m"}]},{"@type":"WebSite","@id":"https:\/\/www.airpower.fi\/en\/#website","url":"https:\/\/www.airpower.fi\/en\/","name":"AirPower - Puhtaan ilman puolesta","description":"Ratkaisut ilmastointikanavien puhdistukseen ja tarkastukseen","alternateName":"R\u00e4\u00e4kkyl\u00e4n Pelti- ja Metallity\u00f6 Oy","potentialAction":[{"@type":"SearchAction","target":{"@type":"EntryPoint","urlTemplate":"https:\/\/www.airpower.fi\/en\/?s={search_term_string}"},"query-input":{"@type":"PropertyValueSpecification","valueRequired":true,"valueName":"search_term_string"}}],"inLanguage":"en-US"}]}},"_links":{"self":[{"href":"https:\/\/www.airpower.fi\/en\/wp-json\/wp\/v2\/product\/1675","targetHints":{"allow":["GET"]}}],"collection":[{"href":"https:\/\/www.airpower.fi\/en\/wp-json\/wp\/v2\/product"}],"about":[{"href":"https:\/\/www.airpower.fi\/en\/wp-json\/wp\/v2\/types\/product"}],"wp:featuredmedia":[{"embeddable":true,"href":"https:\/\/www.airpower.fi\/en\/wp-json\/wp\/v2\/media\/1562"}],"wp:attachment":[{"href":"https:\/\/www.airpower.fi\/en\/wp-json\/wp\/v2\/media?parent=1675"}],"wp:term":[{"taxonomy":"product_brand","embeddable":true,"href":"https:\/\/www.airpower.fi\/en\/wp-json\/wp\/v2\/product_brand?post=1675"},{"taxonomy":"product_cat","embeddable":true,"href":"https:\/\/www.airpower.fi\/en\/wp-json\/wp\/v2\/product_cat?post=1675"},{"taxonomy":"product_tag","embeddable":true,"href":"https:\/\/www.airpower.fi\/en\/wp-json\/wp\/v2\/product_tag?post=1675"}],"curies":[{"name":"wp","href":"https:\/\/api.w.org\/{rel}","templated":true}]}}