{"id":1708,"date":"2025-06-05T14:02:56","date_gmt":"2025-06-05T11:02:56","guid":{"rendered":"https:\/\/www.airpower.fi\/tuote\/ultra-drill-shafts-customized-shafts\/"},"modified":"2025-08-18T15:54:13","modified_gmt":"2025-08-18T12:54:13","slug":"ultra-drill-shafts-customized-shafts","status":"publish","type":"product","link":"https:\/\/www.airpower.fi\/en\/product\/ultra-drill-shafts-customized-shafts\/","title":{"rendered":"Ultra drill shafts, Customized shafts"},"content":{"rendered":"<p>Customized Ultra shafts. Manufactured to the desired length and shaft stiffness.<\/p>\n<p>Standard lengths are 6 m, 10 m, and 15 m. Popular non-standard lengths are 1 m, 3 m, 12 m, 20 m, and 30 m.<\/p>\n<p data-start=\"307\" data-end=\"357\">Recommended duct sizes by Ultra Shaft color:<\/p>\n<ul data-start=\"358\" data-end=\"485\">\n<li data-start=\"358\" data-end=\"383\">\n<p data-start=\"360\" data-end=\"383\">Green: \u00d8100\u2013200mm<\/p>\n<\/li>\n<li data-start=\"384\" data-end=\"407\">\n<p data-start=\"386\" data-end=\"407\">Red: \u00d8160\u2013315mm<\/p>\n<\/li>\n<li data-start=\"408\" data-end=\"432\">\n<p data-start=\"410\" data-end=\"432\">Blue: \u00d8200\u2013630mm<\/p>\n<\/li>\n<li data-start=\"433\" data-end=\"459\">\n<p data-start=\"435\" data-end=\"459\">Black: \u00d8315\u20131000mm<\/p>\n<\/li>\n<li data-start=\"460\" data-end=\"485\">\n<p data-start=\"462\" data-end=\"485\">Grey: \u00d8500\u20131250mm<\/p>\n<\/li>\n<\/ul>\n","protected":false},"excerpt":{"rendered":"<p>Ultra drill shaft \/ meter (customized Ultra shaft lengths)<\/p>\n","protected":false},"featured_media":1173,"template":"","meta":[],"product_brand":[],"product_cat":[229],"product_tag":[279,339,293,294,295],"class_list":{"0":"post-1708","1":"product","2":"type-product","3":"status-publish","4":"has-post-thumbnail","6":"product_cat-ultra-shafts","7":"product_tag-drilling-machine-axles","8":"product_tag-rotation-axle","9":"product_tag-ultra-en","10":"product_tag-ultra-axle","11":"product_tag-warp","13":"first","14":"instock","15":"shipping-taxable","16":"purchasable","17":"product-type-simple"},"yoast_head":"<!-- This site is optimized with the Yoast SEO plugin v27.4 - https:\/\/yoast.com\/product\/yoast-seo-wordpress\/ -->\n<title>Ultra drill shafts, Customized shafts - AirPower - Puhtaan ilman puolesta<\/title>\n<meta name=\"robots\" content=\"index, follow, max-snippet:-1, max-image-preview:large, max-video-preview:-1\" \/>\n<link rel=\"canonical\" href=\"https:\/\/www.airpower.fi\/en\/product\/ultra-drill-shafts-customized-shafts\/\" \/>\n<meta property=\"og:locale\" content=\"en_US\" \/>\n<meta property=\"og:type\" content=\"article\" \/>\n<meta property=\"og:title\" content=\"Ultra drill shafts, Customized shafts - AirPower - Puhtaan ilman puolesta\" \/>\n<meta property=\"og:description\" content=\"Ultra drill shaft \/ meter (customized Ultra shaft lengths)\" \/>\n<meta property=\"og:url\" content=\"https:\/\/www.airpower.fi\/en\/product\/ultra-drill-shafts-customized-shafts\/\" \/>\n<meta property=\"og:site_name\" content=\"AirPower - Puhtaan ilman puolesta\" \/>\n<meta property=\"article:modified_time\" content=\"2025-08-18T12:54:13+00:00\" \/>\n<meta property=\"og:image\" content=\"https:\/\/www.airpower.fi\/wpc\/uploads\/2025\/06\/20333-Ultra-akseli-Metreittain-Raataloitu_Varppi_1_AirPower.jpg\" \/>\n\t<meta property=\"og:image:width\" content=\"1000\" \/>\n\t<meta property=\"og:image:height\" content=\"1000\" \/>\n\t<meta property=\"og:image:type\" content=\"image\/jpeg\" \/>\n<meta name=\"twitter:card\" content=\"summary_large_image\" \/>\n<meta name=\"twitter:label1\" content=\"Est. reading time\" \/>\n\t<meta name=\"twitter:data1\" content=\"1 minute\" \/>\n<script type=\"application\/ld+json\" class=\"yoast-schema-graph\">{\"@context\":\"https:\\\/\\\/schema.org\",\"@graph\":[{\"@type\":\"WebPage\",\"@id\":\"https:\\\/\\\/www.airpower.fi\\\/en\\\/product\\\/ultra-drill-shafts-customized-shafts\\\/\",\"url\":\"https:\\\/\\\/www.airpower.fi\\\/en\\\/product\\\/ultra-drill-shafts-customized-shafts\\\/\",\"name\":\"Ultra drill shafts, Customized shafts - AirPower - Puhtaan ilman puolesta\",\"isPartOf\":{\"@id\":\"https:\\\/\\\/www.airpower.fi\\\/en\\\/#website\"},\"primaryImageOfPage\":{\"@id\":\"https:\\\/\\\/www.airpower.fi\\\/en\\\/product\\\/ultra-drill-shafts-customized-shafts\\\/#primaryimage\"},\"image\":{\"@id\":\"https:\\\/\\\/www.airpower.fi\\\/en\\\/product\\\/ultra-drill-shafts-customized-shafts\\\/#primaryimage\"},\"thumbnailUrl\":\"https:\\\/\\\/www.airpower.fi\\\/wpc\\\/uploads\\\/2025\\\/06\\\/20333-Ultra-akseli-Metreittain-Raataloitu_Varppi_1_AirPower.jpg\",\"datePublished\":\"2025-06-05T11:02:56+00:00\",\"dateModified\":\"2025-08-18T12:54:13+00:00\",\"breadcrumb\":{\"@id\":\"https:\\\/\\\/www.airpower.fi\\\/en\\\/product\\\/ultra-drill-shafts-customized-shafts\\\/#breadcrumb\"},\"inLanguage\":\"en-US\",\"potentialAction\":[{\"@type\":\"ReadAction\",\"target\":[\"https:\\\/\\\/www.airpower.fi\\\/en\\\/product\\\/ultra-drill-shafts-customized-shafts\\\/\"]}]},{\"@type\":\"ImageObject\",\"inLanguage\":\"en-US\",\"@id\":\"https:\\\/\\\/www.airpower.fi\\\/en\\\/product\\\/ultra-drill-shafts-customized-shafts\\\/#primaryimage\",\"url\":\"https:\\\/\\\/www.airpower.fi\\\/wpc\\\/uploads\\\/2025\\\/06\\\/20333-Ultra-akseli-Metreittain-Raataloitu_Varppi_1_AirPower.jpg\",\"contentUrl\":\"https:\\\/\\\/www.airpower.fi\\\/wpc\\\/uploads\\\/2025\\\/06\\\/20333-Ultra-akseli-Metreittain-Raataloitu_Varppi_1_AirPower.jpg\",\"width\":1000,\"height\":1000},{\"@type\":\"BreadcrumbList\",\"@id\":\"https:\\\/\\\/www.airpower.fi\\\/en\\\/product\\\/ultra-drill-shafts-customized-shafts\\\/#breadcrumb\",\"itemListElement\":[{\"@type\":\"ListItem\",\"position\":1,\"name\":\"Home\",\"item\":\"https:\\\/\\\/www.airpower.fi\\\/en\\\/\"},{\"@type\":\"ListItem\",\"position\":2,\"name\":\"Products\",\"item\":\"https:\\\/\\\/www.airpower.fi\\\/tuotteet\\\/\"},{\"@type\":\"ListItem\",\"position\":3,\"name\":\"Ultra drill shafts, Customized shafts\"}]},{\"@type\":\"WebSite\",\"@id\":\"https:\\\/\\\/www.airpower.fi\\\/en\\\/#website\",\"url\":\"https:\\\/\\\/www.airpower.fi\\\/en\\\/\",\"name\":\"AirPower - Puhtaan ilman puolesta\",\"description\":\"Ratkaisut ilmastointikanavien puhdistukseen ja tarkastukseen\",\"alternateName\":\"R\u00e4\u00e4kkyl\u00e4n Pelti- ja Metallity\u00f6 Oy\",\"potentialAction\":[{\"@type\":\"SearchAction\",\"target\":{\"@type\":\"EntryPoint\",\"urlTemplate\":\"https:\\\/\\\/www.airpower.fi\\\/en\\\/?s={search_term_string}\"},\"query-input\":{\"@type\":\"PropertyValueSpecification\",\"valueRequired\":true,\"valueName\":\"search_term_string\"}}],\"inLanguage\":\"en-US\"}]}<\/script>\n<!-- \/ Yoast SEO plugin. -->","yoast_head_json":{"title":"Ultra drill shafts, Customized shafts - AirPower - Puhtaan ilman puolesta","robots":{"index":"index","follow":"follow","max-snippet":"max-snippet:-1","max-image-preview":"max-image-preview:large","max-video-preview":"max-video-preview:-1"},"canonical":"https:\/\/www.airpower.fi\/en\/product\/ultra-drill-shafts-customized-shafts\/","og_locale":"en_US","og_type":"article","og_title":"Ultra drill shafts, Customized shafts - AirPower - Puhtaan ilman puolesta","og_description":"Ultra drill shaft \/ meter (customized Ultra shaft lengths)","og_url":"https:\/\/www.airpower.fi\/en\/product\/ultra-drill-shafts-customized-shafts\/","og_site_name":"AirPower - Puhtaan ilman puolesta","article_modified_time":"2025-08-18T12:54:13+00:00","og_image":[{"width":1000,"height":1000,"url":"https:\/\/www.airpower.fi\/wpc\/uploads\/2025\/06\/20333-Ultra-akseli-Metreittain-Raataloitu_Varppi_1_AirPower.jpg","type":"image\/jpeg"}],"twitter_card":"summary_large_image","twitter_misc":{"Est. reading time":"1 minute"},"schema":{"@context":"https:\/\/schema.org","@graph":[{"@type":"WebPage","@id":"https:\/\/www.airpower.fi\/en\/product\/ultra-drill-shafts-customized-shafts\/","url":"https:\/\/www.airpower.fi\/en\/product\/ultra-drill-shafts-customized-shafts\/","name":"Ultra drill shafts, Customized shafts - AirPower - Puhtaan ilman puolesta","isPartOf":{"@id":"https:\/\/www.airpower.fi\/en\/#website"},"primaryImageOfPage":{"@id":"https:\/\/www.airpower.fi\/en\/product\/ultra-drill-shafts-customized-shafts\/#primaryimage"},"image":{"@id":"https:\/\/www.airpower.fi\/en\/product\/ultra-drill-shafts-customized-shafts\/#primaryimage"},"thumbnailUrl":"https:\/\/www.airpower.fi\/wpc\/uploads\/2025\/06\/20333-Ultra-akseli-Metreittain-Raataloitu_Varppi_1_AirPower.jpg","datePublished":"2025-06-05T11:02:56+00:00","dateModified":"2025-08-18T12:54:13+00:00","breadcrumb":{"@id":"https:\/\/www.airpower.fi\/en\/product\/ultra-drill-shafts-customized-shafts\/#breadcrumb"},"inLanguage":"en-US","potentialAction":[{"@type":"ReadAction","target":["https:\/\/www.airpower.fi\/en\/product\/ultra-drill-shafts-customized-shafts\/"]}]},{"@type":"ImageObject","inLanguage":"en-US","@id":"https:\/\/www.airpower.fi\/en\/product\/ultra-drill-shafts-customized-shafts\/#primaryimage","url":"https:\/\/www.airpower.fi\/wpc\/uploads\/2025\/06\/20333-Ultra-akseli-Metreittain-Raataloitu_Varppi_1_AirPower.jpg","contentUrl":"https:\/\/www.airpower.fi\/wpc\/uploads\/2025\/06\/20333-Ultra-akseli-Metreittain-Raataloitu_Varppi_1_AirPower.jpg","width":1000,"height":1000},{"@type":"BreadcrumbList","@id":"https:\/\/www.airpower.fi\/en\/product\/ultra-drill-shafts-customized-shafts\/#breadcrumb","itemListElement":[{"@type":"ListItem","position":1,"name":"Home","item":"https:\/\/www.airpower.fi\/en\/"},{"@type":"ListItem","position":2,"name":"Products","item":"https:\/\/www.airpower.fi\/tuotteet\/"},{"@type":"ListItem","position":3,"name":"Ultra drill shafts, Customized shafts"}]},{"@type":"WebSite","@id":"https:\/\/www.airpower.fi\/en\/#website","url":"https:\/\/www.airpower.fi\/en\/","name":"AirPower - Puhtaan ilman puolesta","description":"Ratkaisut ilmastointikanavien puhdistukseen ja tarkastukseen","alternateName":"R\u00e4\u00e4kkyl\u00e4n Pelti- ja Metallity\u00f6 Oy","potentialAction":[{"@type":"SearchAction","target":{"@type":"EntryPoint","urlTemplate":"https:\/\/www.airpower.fi\/en\/?s={search_term_string}"},"query-input":{"@type":"PropertyValueSpecification","valueRequired":true,"valueName":"search_term_string"}}],"inLanguage":"en-US"}]}},"_links":{"self":[{"href":"https:\/\/www.airpower.fi\/en\/wp-json\/wp\/v2\/product\/1708","targetHints":{"allow":["GET"]}}],"collection":[{"href":"https:\/\/www.airpower.fi\/en\/wp-json\/wp\/v2\/product"}],"about":[{"href":"https:\/\/www.airpower.fi\/en\/wp-json\/wp\/v2\/types\/product"}],"wp:featuredmedia":[{"embeddable":true,"href":"https:\/\/www.airpower.fi\/en\/wp-json\/wp\/v2\/media\/1173"}],"wp:attachment":[{"href":"https:\/\/www.airpower.fi\/en\/wp-json\/wp\/v2\/media?parent=1708"}],"wp:term":[{"taxonomy":"product_brand","embeddable":true,"href":"https:\/\/www.airpower.fi\/en\/wp-json\/wp\/v2\/product_brand?post=1708"},{"taxonomy":"product_cat","embeddable":true,"href":"https:\/\/www.airpower.fi\/en\/wp-json\/wp\/v2\/product_cat?post=1708"},{"taxonomy":"product_tag","embeddable":true,"href":"https:\/\/www.airpower.fi\/en\/wp-json\/wp\/v2\/product_tag?post=1708"}],"curies":[{"name":"wp","href":"https:\/\/api.w.org\/{rel}","templated":true}]}}