{"id":1709,"date":"2025-06-05T14:02:56","date_gmt":"2025-06-05T11:02:56","guid":{"rendered":"https:\/\/www.airpower.fi\/tuote\/ultra-drill-shaft-15m-gray\/"},"modified":"2025-08-18T15:53:00","modified_gmt":"2025-08-18T12:53:00","slug":"ultra-drill-shaft-15m-gray","status":"publish","type":"product","link":"https:\/\/www.airpower.fi\/en\/product\/ultra-drill-shaft-15m-gray\/","title":{"rendered":"Ultra drill shaft 15m Gray"},"content":{"rendered":"<p><strong>Ultra drill shaft GREY 15 meters. Recommended duct size 500-1250mm.<\/strong><\/p>\n<p>Ultra drill shafts are designed for use with hand-held drills, where the shaft is rotated inside a protective cover. The shaft has a 10mm chuck attachment for the drill.<\/p>\n<p>Thanks to the 20335 adapter attachment at the brush end, plastic-framed brushes and M12-attached brushes can be used, or both brushes can be used in succession. The brush attachment is the same as in AirPower brand brush machines.<\/p>\n<p>The rigid wire-like inner shaft makes the Ultra Shaft lightweight and durable. It does not easily tangle or reverse direction inside the duct when used with recommended brush sizes. Ideal for long ducts with few bends.<\/p>\n<p>The Ultra shaft differs from flexible shafts due to the structure of the inner shaft and is significantly lighter and stiffer. The Ultra shaft should be used as straight as possible or in gentle curves.<\/p>\n<p>Ultra Shafts are also designed for easy maintenance and repair. Spare parts and repair kits are available, and repair times are short.<\/p>\n","protected":false},"excerpt":{"rendered":"<p>Ultra drill shaft \/15 meters (Operating range 500-1250mm max.)<\/p>\n","protected":false},"featured_media":766,"template":"","meta":[],"product_brand":[],"product_cat":[229],"product_tag":[279,306,339,293,294,295],"class_list":{"0":"post-1709","1":"product","2":"type-product","3":"status-publish","4":"has-post-thumbnail","6":"product_cat-ultra-shafts","7":"product_tag-drilling-machine-axles","8":"product_tag-gray","9":"product_tag-rotation-axle","10":"product_tag-ultra-en","11":"product_tag-ultra-axle","12":"product_tag-warp","14":"first","15":"instock","16":"shipping-taxable","17":"purchasable","18":"product-type-simple"},"yoast_head":"<!-- This site is optimized with the Yoast SEO plugin v27.4 - https:\/\/yoast.com\/product\/yoast-seo-wordpress\/ -->\n<title>Ultra drill shaft 15m Gray - AirPower - Puhtaan ilman puolesta<\/title>\n<meta name=\"robots\" content=\"index, follow, max-snippet:-1, max-image-preview:large, max-video-preview:-1\" \/>\n<link rel=\"canonical\" href=\"https:\/\/www.airpower.fi\/en\/product\/ultra-drill-shaft-15m-gray\/\" \/>\n<meta property=\"og:locale\" content=\"en_US\" \/>\n<meta property=\"og:type\" content=\"article\" \/>\n<meta property=\"og:title\" content=\"Ultra drill shaft 15m Gray - AirPower - Puhtaan ilman puolesta\" \/>\n<meta property=\"og:description\" content=\"Ultra drill shaft \/15 meters (Operating range 500-1250mm max.)\" \/>\n<meta property=\"og:url\" content=\"https:\/\/www.airpower.fi\/en\/product\/ultra-drill-shaft-15m-gray\/\" \/>\n<meta property=\"og:site_name\" content=\"AirPower - Puhtaan ilman puolesta\" \/>\n<meta property=\"article:modified_time\" content=\"2025-08-18T12:53:00+00:00\" \/>\n<meta property=\"og:image\" content=\"https:\/\/www.airpower.fi\/wpc\/uploads\/2025\/06\/20315-H-Ultra-akseli-Harmaa_15m_Varppi_1_AirPower.jpg\" \/>\n\t<meta property=\"og:image:width\" content=\"1000\" \/>\n\t<meta property=\"og:image:height\" content=\"1000\" \/>\n\t<meta property=\"og:image:type\" content=\"image\/jpeg\" \/>\n<meta name=\"twitter:card\" content=\"summary_large_image\" \/>\n<meta name=\"twitter:label1\" content=\"Est. reading time\" \/>\n\t<meta name=\"twitter:data1\" content=\"2 minutes\" \/>\n<script type=\"application\/ld+json\" class=\"yoast-schema-graph\">{\"@context\":\"https:\\\/\\\/schema.org\",\"@graph\":[{\"@type\":\"WebPage\",\"@id\":\"https:\\\/\\\/www.airpower.fi\\\/en\\\/product\\\/ultra-drill-shaft-15m-gray\\\/\",\"url\":\"https:\\\/\\\/www.airpower.fi\\\/en\\\/product\\\/ultra-drill-shaft-15m-gray\\\/\",\"name\":\"Ultra drill shaft 15m Gray - AirPower - Puhtaan ilman puolesta\",\"isPartOf\":{\"@id\":\"https:\\\/\\\/www.airpower.fi\\\/en\\\/#website\"},\"primaryImageOfPage\":{\"@id\":\"https:\\\/\\\/www.airpower.fi\\\/en\\\/product\\\/ultra-drill-shaft-15m-gray\\\/#primaryimage\"},\"image\":{\"@id\":\"https:\\\/\\\/www.airpower.fi\\\/en\\\/product\\\/ultra-drill-shaft-15m-gray\\\/#primaryimage\"},\"thumbnailUrl\":\"https:\\\/\\\/www.airpower.fi\\\/wpc\\\/uploads\\\/2025\\\/06\\\/20315-H-Ultra-akseli-Harmaa_15m_Varppi_1_AirPower.jpg\",\"datePublished\":\"2025-06-05T11:02:56+00:00\",\"dateModified\":\"2025-08-18T12:53:00+00:00\",\"breadcrumb\":{\"@id\":\"https:\\\/\\\/www.airpower.fi\\\/en\\\/product\\\/ultra-drill-shaft-15m-gray\\\/#breadcrumb\"},\"inLanguage\":\"en-US\",\"potentialAction\":[{\"@type\":\"ReadAction\",\"target\":[\"https:\\\/\\\/www.airpower.fi\\\/en\\\/product\\\/ultra-drill-shaft-15m-gray\\\/\"]}]},{\"@type\":\"ImageObject\",\"inLanguage\":\"en-US\",\"@id\":\"https:\\\/\\\/www.airpower.fi\\\/en\\\/product\\\/ultra-drill-shaft-15m-gray\\\/#primaryimage\",\"url\":\"https:\\\/\\\/www.airpower.fi\\\/wpc\\\/uploads\\\/2025\\\/06\\\/20315-H-Ultra-akseli-Harmaa_15m_Varppi_1_AirPower.jpg\",\"contentUrl\":\"https:\\\/\\\/www.airpower.fi\\\/wpc\\\/uploads\\\/2025\\\/06\\\/20315-H-Ultra-akseli-Harmaa_15m_Varppi_1_AirPower.jpg\",\"width\":1000,\"height\":1000},{\"@type\":\"BreadcrumbList\",\"@id\":\"https:\\\/\\\/www.airpower.fi\\\/en\\\/product\\\/ultra-drill-shaft-15m-gray\\\/#breadcrumb\",\"itemListElement\":[{\"@type\":\"ListItem\",\"position\":1,\"name\":\"Home\",\"item\":\"https:\\\/\\\/www.airpower.fi\\\/en\\\/\"},{\"@type\":\"ListItem\",\"position\":2,\"name\":\"Products\",\"item\":\"https:\\\/\\\/www.airpower.fi\\\/tuotteet\\\/\"},{\"@type\":\"ListItem\",\"position\":3,\"name\":\"Ultra drill shaft 15m Gray\"}]},{\"@type\":\"WebSite\",\"@id\":\"https:\\\/\\\/www.airpower.fi\\\/en\\\/#website\",\"url\":\"https:\\\/\\\/www.airpower.fi\\\/en\\\/\",\"name\":\"AirPower - Puhtaan ilman puolesta\",\"description\":\"Ratkaisut ilmastointikanavien puhdistukseen ja tarkastukseen\",\"alternateName\":\"R\u00e4\u00e4kkyl\u00e4n Pelti- ja Metallity\u00f6 Oy\",\"potentialAction\":[{\"@type\":\"SearchAction\",\"target\":{\"@type\":\"EntryPoint\",\"urlTemplate\":\"https:\\\/\\\/www.airpower.fi\\\/en\\\/?s={search_term_string}\"},\"query-input\":{\"@type\":\"PropertyValueSpecification\",\"valueRequired\":true,\"valueName\":\"search_term_string\"}}],\"inLanguage\":\"en-US\"}]}<\/script>\n<!-- \/ Yoast SEO plugin. -->","yoast_head_json":{"title":"Ultra drill shaft 15m Gray - AirPower - Puhtaan ilman puolesta","robots":{"index":"index","follow":"follow","max-snippet":"max-snippet:-1","max-image-preview":"max-image-preview:large","max-video-preview":"max-video-preview:-1"},"canonical":"https:\/\/www.airpower.fi\/en\/product\/ultra-drill-shaft-15m-gray\/","og_locale":"en_US","og_type":"article","og_title":"Ultra drill shaft 15m Gray - AirPower - Puhtaan ilman puolesta","og_description":"Ultra drill shaft \/15 meters (Operating range 500-1250mm max.)","og_url":"https:\/\/www.airpower.fi\/en\/product\/ultra-drill-shaft-15m-gray\/","og_site_name":"AirPower - Puhtaan ilman puolesta","article_modified_time":"2025-08-18T12:53:00+00:00","og_image":[{"width":1000,"height":1000,"url":"https:\/\/www.airpower.fi\/wpc\/uploads\/2025\/06\/20315-H-Ultra-akseli-Harmaa_15m_Varppi_1_AirPower.jpg","type":"image\/jpeg"}],"twitter_card":"summary_large_image","twitter_misc":{"Est. reading time":"2 minutes"},"schema":{"@context":"https:\/\/schema.org","@graph":[{"@type":"WebPage","@id":"https:\/\/www.airpower.fi\/en\/product\/ultra-drill-shaft-15m-gray\/","url":"https:\/\/www.airpower.fi\/en\/product\/ultra-drill-shaft-15m-gray\/","name":"Ultra drill shaft 15m Gray - AirPower - Puhtaan ilman puolesta","isPartOf":{"@id":"https:\/\/www.airpower.fi\/en\/#website"},"primaryImageOfPage":{"@id":"https:\/\/www.airpower.fi\/en\/product\/ultra-drill-shaft-15m-gray\/#primaryimage"},"image":{"@id":"https:\/\/www.airpower.fi\/en\/product\/ultra-drill-shaft-15m-gray\/#primaryimage"},"thumbnailUrl":"https:\/\/www.airpower.fi\/wpc\/uploads\/2025\/06\/20315-H-Ultra-akseli-Harmaa_15m_Varppi_1_AirPower.jpg","datePublished":"2025-06-05T11:02:56+00:00","dateModified":"2025-08-18T12:53:00+00:00","breadcrumb":{"@id":"https:\/\/www.airpower.fi\/en\/product\/ultra-drill-shaft-15m-gray\/#breadcrumb"},"inLanguage":"en-US","potentialAction":[{"@type":"ReadAction","target":["https:\/\/www.airpower.fi\/en\/product\/ultra-drill-shaft-15m-gray\/"]}]},{"@type":"ImageObject","inLanguage":"en-US","@id":"https:\/\/www.airpower.fi\/en\/product\/ultra-drill-shaft-15m-gray\/#primaryimage","url":"https:\/\/www.airpower.fi\/wpc\/uploads\/2025\/06\/20315-H-Ultra-akseli-Harmaa_15m_Varppi_1_AirPower.jpg","contentUrl":"https:\/\/www.airpower.fi\/wpc\/uploads\/2025\/06\/20315-H-Ultra-akseli-Harmaa_15m_Varppi_1_AirPower.jpg","width":1000,"height":1000},{"@type":"BreadcrumbList","@id":"https:\/\/www.airpower.fi\/en\/product\/ultra-drill-shaft-15m-gray\/#breadcrumb","itemListElement":[{"@type":"ListItem","position":1,"name":"Home","item":"https:\/\/www.airpower.fi\/en\/"},{"@type":"ListItem","position":2,"name":"Products","item":"https:\/\/www.airpower.fi\/tuotteet\/"},{"@type":"ListItem","position":3,"name":"Ultra drill shaft 15m Gray"}]},{"@type":"WebSite","@id":"https:\/\/www.airpower.fi\/en\/#website","url":"https:\/\/www.airpower.fi\/en\/","name":"AirPower - Puhtaan ilman puolesta","description":"Ratkaisut ilmastointikanavien puhdistukseen ja tarkastukseen","alternateName":"R\u00e4\u00e4kkyl\u00e4n Pelti- ja Metallity\u00f6 Oy","potentialAction":[{"@type":"SearchAction","target":{"@type":"EntryPoint","urlTemplate":"https:\/\/www.airpower.fi\/en\/?s={search_term_string}"},"query-input":{"@type":"PropertyValueSpecification","valueRequired":true,"valueName":"search_term_string"}}],"inLanguage":"en-US"}]}},"_links":{"self":[{"href":"https:\/\/www.airpower.fi\/en\/wp-json\/wp\/v2\/product\/1709","targetHints":{"allow":["GET"]}}],"collection":[{"href":"https:\/\/www.airpower.fi\/en\/wp-json\/wp\/v2\/product"}],"about":[{"href":"https:\/\/www.airpower.fi\/en\/wp-json\/wp\/v2\/types\/product"}],"wp:featuredmedia":[{"embeddable":true,"href":"https:\/\/www.airpower.fi\/en\/wp-json\/wp\/v2\/media\/766"}],"wp:attachment":[{"href":"https:\/\/www.airpower.fi\/en\/wp-json\/wp\/v2\/media?parent=1709"}],"wp:term":[{"taxonomy":"product_brand","embeddable":true,"href":"https:\/\/www.airpower.fi\/en\/wp-json\/wp\/v2\/product_brand?post=1709"},{"taxonomy":"product_cat","embeddable":true,"href":"https:\/\/www.airpower.fi\/en\/wp-json\/wp\/v2\/product_cat?post=1709"},{"taxonomy":"product_tag","embeddable":true,"href":"https:\/\/www.airpower.fi\/en\/wp-json\/wp\/v2\/product_tag?post=1709"}],"curies":[{"name":"wp","href":"https:\/\/api.w.org\/{rel}","templated":true}]}}