{"id":1713,"date":"2025-06-05T14:02:57","date_gmt":"2025-06-05T11:02:57","guid":{"rendered":"https:\/\/www.airpower.fi\/tuote\/repair-kit-ultra-drill-shaft-gray\/"},"modified":"2025-06-05T14:02:57","modified_gmt":"2025-06-05T11:02:57","slug":"repair-kit-ultra-drill-shaft-gray","status":"publish","type":"product","link":"https:\/\/www.airpower.fi\/en\/product\/repair-kit-ultra-drill-shaft-gray\/","title":{"rendered":"Repair kit Ultra Drill shaft, Gray"},"content":{"rendered":"<p>Repair kit for Grey Ultra Drill Shaft. Includes all metal parts for the drill head and brush head, bearings, and screws. The package also includes hex keys for the screws.<\/p>\n<p>Does not include the wire itself, protective cover, or brush attachment adapter.<\/p>\n","protected":false},"excerpt":{"rendered":"<p>Repair kit Ultra, Gray<\/p>\n","protected":false},"featured_media":698,"template":"","meta":[],"product_brand":[],"product_cat":[229],"product_tag":[279,306,327,360,293,294,295],"class_list":{"0":"post-1713","1":"product","2":"type-product","3":"status-publish","4":"has-post-thumbnail","6":"product_cat-ultra-shafts","7":"product_tag-drilling-machine-axles","8":"product_tag-gray","9":"product_tag-repair-kit","10":"product_tag-spare-part","11":"product_tag-ultra-en","12":"product_tag-ultra-axle","13":"product_tag-warp","15":"first","16":"instock","17":"shipping-taxable","18":"purchasable","19":"product-type-simple"},"yoast_head":"<!-- This site is optimized with the Yoast SEO plugin v27.2 - https:\/\/yoast.com\/product\/yoast-seo-wordpress\/ -->\n<title>Repair kit Ultra Drill shaft, Gray - AirPower - Puhtaan ilman puolesta<\/title>\n<meta name=\"robots\" content=\"index, follow, max-snippet:-1, max-image-preview:large, max-video-preview:-1\" \/>\n<link rel=\"canonical\" href=\"https:\/\/www.airpower.fi\/en\/product\/repair-kit-ultra-drill-shaft-gray\/\" \/>\n<meta property=\"og:locale\" content=\"en_US\" \/>\n<meta property=\"og:type\" content=\"article\" \/>\n<meta property=\"og:title\" content=\"Repair kit Ultra Drill shaft, Gray - AirPower - Puhtaan ilman puolesta\" \/>\n<meta property=\"og:description\" content=\"Repair kit Ultra, Gray\" \/>\n<meta property=\"og:url\" content=\"https:\/\/www.airpower.fi\/en\/product\/repair-kit-ultra-drill-shaft-gray\/\" \/>\n<meta property=\"og:site_name\" content=\"AirPower - Puhtaan ilman puolesta\" \/>\n<meta property=\"og:image\" content=\"https:\/\/www.airpower.fi\/wpc\/uploads\/2025\/06\/20338-h-korjaussarja-ultra_akseli_airpower.jpg\" \/>\n\t<meta property=\"og:image:width\" content=\"1000\" \/>\n\t<meta property=\"og:image:height\" content=\"1000\" \/>\n\t<meta property=\"og:image:type\" content=\"image\/jpeg\" \/>\n<meta name=\"twitter:card\" content=\"summary_large_image\" \/>\n<script type=\"application\/ld+json\" class=\"yoast-schema-graph\">{\"@context\":\"https:\/\/schema.org\",\"@graph\":[{\"@type\":\"WebPage\",\"@id\":\"https:\/\/www.airpower.fi\/en\/product\/repair-kit-ultra-drill-shaft-gray\/\",\"url\":\"https:\/\/www.airpower.fi\/en\/product\/repair-kit-ultra-drill-shaft-gray\/\",\"name\":\"Repair kit Ultra Drill shaft, Gray - AirPower - Puhtaan ilman puolesta\",\"isPartOf\":{\"@id\":\"https:\/\/www.airpower.fi\/en\/#website\"},\"primaryImageOfPage\":{\"@id\":\"https:\/\/www.airpower.fi\/en\/product\/repair-kit-ultra-drill-shaft-gray\/#primaryimage\"},\"image\":{\"@id\":\"https:\/\/www.airpower.fi\/en\/product\/repair-kit-ultra-drill-shaft-gray\/#primaryimage\"},\"thumbnailUrl\":\"https:\/\/www.airpower.fi\/wpc\/uploads\/2025\/06\/20338-h-korjaussarja-ultra_akseli_airpower.jpg\",\"datePublished\":\"2025-06-05T11:02:57+00:00\",\"breadcrumb\":{\"@id\":\"https:\/\/www.airpower.fi\/en\/product\/repair-kit-ultra-drill-shaft-gray\/#breadcrumb\"},\"inLanguage\":\"en-US\",\"potentialAction\":[{\"@type\":\"ReadAction\",\"target\":[\"https:\/\/www.airpower.fi\/en\/product\/repair-kit-ultra-drill-shaft-gray\/\"]}]},{\"@type\":\"ImageObject\",\"inLanguage\":\"en-US\",\"@id\":\"https:\/\/www.airpower.fi\/en\/product\/repair-kit-ultra-drill-shaft-gray\/#primaryimage\",\"url\":\"https:\/\/www.airpower.fi\/wpc\/uploads\/2025\/06\/20338-h-korjaussarja-ultra_akseli_airpower.jpg\",\"contentUrl\":\"https:\/\/www.airpower.fi\/wpc\/uploads\/2025\/06\/20338-h-korjaussarja-ultra_akseli_airpower.jpg\",\"width\":1000,\"height\":1000},{\"@type\":\"BreadcrumbList\",\"@id\":\"https:\/\/www.airpower.fi\/en\/product\/repair-kit-ultra-drill-shaft-gray\/#breadcrumb\",\"itemListElement\":[{\"@type\":\"ListItem\",\"position\":1,\"name\":\"Home\",\"item\":\"https:\/\/www.airpower.fi\/en\/\"},{\"@type\":\"ListItem\",\"position\":2,\"name\":\"Products\",\"item\":\"https:\/\/www.airpower.fi\/tuotteet\/\"},{\"@type\":\"ListItem\",\"position\":3,\"name\":\"Repair kit Ultra Drill shaft, Gray\"}]},{\"@type\":\"WebSite\",\"@id\":\"https:\/\/www.airpower.fi\/en\/#website\",\"url\":\"https:\/\/www.airpower.fi\/en\/\",\"name\":\"AirPower - Puhtaan ilman puolesta\",\"description\":\"Ratkaisut ilmastointikanavien puhdistukseen ja tarkastukseen\",\"alternateName\":\"R\u00e4\u00e4kkyl\u00e4n Pelti- ja Metallity\u00f6 Oy\",\"potentialAction\":[{\"@type\":\"SearchAction\",\"target\":{\"@type\":\"EntryPoint\",\"urlTemplate\":\"https:\/\/www.airpower.fi\/en\/?s={search_term_string}\"},\"query-input\":{\"@type\":\"PropertyValueSpecification\",\"valueRequired\":true,\"valueName\":\"search_term_string\"}}],\"inLanguage\":\"en-US\"}]}<\/script>\n<!-- \/ Yoast SEO plugin. -->","yoast_head_json":{"title":"Repair kit Ultra Drill shaft, Gray - AirPower - Puhtaan ilman puolesta","robots":{"index":"index","follow":"follow","max-snippet":"max-snippet:-1","max-image-preview":"max-image-preview:large","max-video-preview":"max-video-preview:-1"},"canonical":"https:\/\/www.airpower.fi\/en\/product\/repair-kit-ultra-drill-shaft-gray\/","og_locale":"en_US","og_type":"article","og_title":"Repair kit Ultra Drill shaft, Gray - AirPower - Puhtaan ilman puolesta","og_description":"Repair kit Ultra, Gray","og_url":"https:\/\/www.airpower.fi\/en\/product\/repair-kit-ultra-drill-shaft-gray\/","og_site_name":"AirPower - Puhtaan ilman puolesta","og_image":[{"width":1000,"height":1000,"url":"https:\/\/www.airpower.fi\/wpc\/uploads\/2025\/06\/20338-h-korjaussarja-ultra_akseli_airpower.jpg","type":"image\/jpeg"}],"twitter_card":"summary_large_image","schema":{"@context":"https:\/\/schema.org","@graph":[{"@type":"WebPage","@id":"https:\/\/www.airpower.fi\/en\/product\/repair-kit-ultra-drill-shaft-gray\/","url":"https:\/\/www.airpower.fi\/en\/product\/repair-kit-ultra-drill-shaft-gray\/","name":"Repair kit Ultra Drill shaft, Gray - AirPower - Puhtaan ilman puolesta","isPartOf":{"@id":"https:\/\/www.airpower.fi\/en\/#website"},"primaryImageOfPage":{"@id":"https:\/\/www.airpower.fi\/en\/product\/repair-kit-ultra-drill-shaft-gray\/#primaryimage"},"image":{"@id":"https:\/\/www.airpower.fi\/en\/product\/repair-kit-ultra-drill-shaft-gray\/#primaryimage"},"thumbnailUrl":"https:\/\/www.airpower.fi\/wpc\/uploads\/2025\/06\/20338-h-korjaussarja-ultra_akseli_airpower.jpg","datePublished":"2025-06-05T11:02:57+00:00","breadcrumb":{"@id":"https:\/\/www.airpower.fi\/en\/product\/repair-kit-ultra-drill-shaft-gray\/#breadcrumb"},"inLanguage":"en-US","potentialAction":[{"@type":"ReadAction","target":["https:\/\/www.airpower.fi\/en\/product\/repair-kit-ultra-drill-shaft-gray\/"]}]},{"@type":"ImageObject","inLanguage":"en-US","@id":"https:\/\/www.airpower.fi\/en\/product\/repair-kit-ultra-drill-shaft-gray\/#primaryimage","url":"https:\/\/www.airpower.fi\/wpc\/uploads\/2025\/06\/20338-h-korjaussarja-ultra_akseli_airpower.jpg","contentUrl":"https:\/\/www.airpower.fi\/wpc\/uploads\/2025\/06\/20338-h-korjaussarja-ultra_akseli_airpower.jpg","width":1000,"height":1000},{"@type":"BreadcrumbList","@id":"https:\/\/www.airpower.fi\/en\/product\/repair-kit-ultra-drill-shaft-gray\/#breadcrumb","itemListElement":[{"@type":"ListItem","position":1,"name":"Home","item":"https:\/\/www.airpower.fi\/en\/"},{"@type":"ListItem","position":2,"name":"Products","item":"https:\/\/www.airpower.fi\/tuotteet\/"},{"@type":"ListItem","position":3,"name":"Repair kit Ultra Drill shaft, Gray"}]},{"@type":"WebSite","@id":"https:\/\/www.airpower.fi\/en\/#website","url":"https:\/\/www.airpower.fi\/en\/","name":"AirPower - Puhtaan ilman puolesta","description":"Ratkaisut ilmastointikanavien puhdistukseen ja tarkastukseen","alternateName":"R\u00e4\u00e4kkyl\u00e4n Pelti- ja Metallity\u00f6 Oy","potentialAction":[{"@type":"SearchAction","target":{"@type":"EntryPoint","urlTemplate":"https:\/\/www.airpower.fi\/en\/?s={search_term_string}"},"query-input":{"@type":"PropertyValueSpecification","valueRequired":true,"valueName":"search_term_string"}}],"inLanguage":"en-US"}]}},"_links":{"self":[{"href":"https:\/\/www.airpower.fi\/en\/wp-json\/wp\/v2\/product\/1713","targetHints":{"allow":["GET"]}}],"collection":[{"href":"https:\/\/www.airpower.fi\/en\/wp-json\/wp\/v2\/product"}],"about":[{"href":"https:\/\/www.airpower.fi\/en\/wp-json\/wp\/v2\/types\/product"}],"wp:featuredmedia":[{"embeddable":true,"href":"https:\/\/www.airpower.fi\/en\/wp-json\/wp\/v2\/media\/698"}],"wp:attachment":[{"href":"https:\/\/www.airpower.fi\/en\/wp-json\/wp\/v2\/media?parent=1713"}],"wp:term":[{"taxonomy":"product_brand","embeddable":true,"href":"https:\/\/www.airpower.fi\/en\/wp-json\/wp\/v2\/product_brand?post=1713"},{"taxonomy":"product_cat","embeddable":true,"href":"https:\/\/www.airpower.fi\/en\/wp-json\/wp\/v2\/product_cat?post=1713"},{"taxonomy":"product_tag","embeddable":true,"href":"https:\/\/www.airpower.fi\/en\/wp-json\/wp\/v2\/product_tag?post=1713"}],"curies":[{"name":"wp","href":"https:\/\/api.w.org\/{rel}","templated":true}]}}