{"id":1721,"date":"2025-06-05T14:02:58","date_gmt":"2025-06-05T11:02:58","guid":{"rendered":"https:\/\/www.airpower.fi\/tuote\/flexible-shaft-6-mm-length-10-m\/"},"modified":"2025-08-18T13:32:07","modified_gmt":"2025-08-18T10:32:07","slug":"flexible-shaft-6-mm-length-10-m","status":"publish","type":"product","link":"https:\/\/www.airpower.fi\/en\/product\/flexible-shaft-6-mm-length-10-m\/","title":{"rendered":"Flexible shaft 6 mm, length 10 m"},"content":{"rendered":"<p><strong>Flexible 6 mm shaft &#8211; Length 10 m (duct sizes 100\u2013200 mm)<\/strong><\/p>\n<p data-start=\"133\" data-end=\"344\">The flexible 6mm shaft is the most versatile shaft in the AirPower drill shaft range. Also known as the \u201cSauna Duct\u201d shaft, it\u2019s perfect for cleaning small and curved HVAC ducts, living up to its nickname.<\/p>\n<p data-start=\"346\" data-end=\"515\">The flexible shaft features a spring-loaded inner core, allowing it to bend and rotate even in tight curves. It can be used with a reel and rotates in both directions.<\/p>\n<p data-start=\"517\" data-end=\"634\">When the inner shaft stretches during use, the outer casing can be quickly and easily tightened from the drill end.<\/p>\n<p data-start=\"636\" data-end=\"742\">The brush head is designed to be as lightweight as possible, making operation easier and more efficient.<\/p>\n<p data-start=\"744\" data-end=\"851\">The shaft has a 10mm drill attachment and the brush is secured with an M6 countersunk screw.<\/p>\n<p data-start=\"853\" data-end=\"934\"><strong data-start=\"853\" data-end=\"876\">Compatible Brushes:<\/strong><br data-start=\"876\" data-end=\"879\" \/>Brushes from the <em data-start=\"896\" data-end=\"917\">Flexible 6mm Shafts &#8211; brushes<\/em> product group.<\/p>\n<p>&nbsp;<\/p>\n","protected":false},"excerpt":{"rendered":"<p>Shaft 6 mm, 10 meters, M6 brush mounting<\/p>\n","protected":false},"featured_media":1179,"template":"","meta":[],"product_brand":[],"product_cat":[226],"product_tag":[245,279,291,339,289,295],"class_list":{"0":"post-1721","1":"product","2":"type-product","3":"status-publish","4":"has-post-thumbnail","6":"product_cat-flexible-shafts-6mm","7":"product_tag-6mm-en","8":"product_tag-drilling-machine-axles","9":"product_tag-flexible-axle","10":"product_tag-rotation-axle","11":"product_tag-sauna-channel","12":"product_tag-warp","14":"first","15":"instock","16":"shipping-taxable","17":"purchasable","18":"product-type-simple"},"yoast_head":"<!-- This site is optimized with the Yoast SEO plugin v27.2 - https:\/\/yoast.com\/product\/yoast-seo-wordpress\/ -->\n<title>Flexible shaft 6 mm, length 10 m - AirPower - Puhtaan ilman puolesta<\/title>\n<meta name=\"robots\" content=\"index, follow, max-snippet:-1, max-image-preview:large, max-video-preview:-1\" \/>\n<link rel=\"canonical\" href=\"https:\/\/www.airpower.fi\/en\/product\/flexible-shaft-6-mm-length-10-m\/\" \/>\n<meta property=\"og:locale\" content=\"en_US\" \/>\n<meta property=\"og:type\" content=\"article\" \/>\n<meta property=\"og:title\" content=\"Flexible shaft 6 mm, length 10 m - AirPower - Puhtaan ilman puolesta\" \/>\n<meta property=\"og:description\" content=\"Shaft 6 mm, 10 meters, M6 brush mounting\" \/>\n<meta property=\"og:url\" content=\"https:\/\/www.airpower.fi\/en\/product\/flexible-shaft-6-mm-length-10-m\/\" \/>\n<meta property=\"og:site_name\" content=\"AirPower - Puhtaan ilman puolesta\" \/>\n<meta property=\"article:modified_time\" content=\"2025-08-18T10:32:07+00:00\" \/>\n<meta property=\"og:image\" content=\"https:\/\/www.airpower.fi\/wpc\/uploads\/2025\/06\/206xx-Taipuisa-akseli-6mm-3_AirPower.jpg\" \/>\n\t<meta property=\"og:image:width\" content=\"1000\" \/>\n\t<meta property=\"og:image:height\" content=\"1000\" \/>\n\t<meta property=\"og:image:type\" content=\"image\/jpeg\" \/>\n<meta name=\"twitter:card\" content=\"summary_large_image\" \/>\n<meta name=\"twitter:label1\" content=\"Est. reading time\" \/>\n\t<meta name=\"twitter:data1\" content=\"2 minutes\" \/>\n<script type=\"application\/ld+json\" class=\"yoast-schema-graph\">{\"@context\":\"https:\/\/schema.org\",\"@graph\":[{\"@type\":\"WebPage\",\"@id\":\"https:\/\/www.airpower.fi\/en\/product\/flexible-shaft-6-mm-length-10-m\/\",\"url\":\"https:\/\/www.airpower.fi\/en\/product\/flexible-shaft-6-mm-length-10-m\/\",\"name\":\"Flexible shaft 6 mm, length 10 m - AirPower - Puhtaan ilman puolesta\",\"isPartOf\":{\"@id\":\"https:\/\/www.airpower.fi\/en\/#website\"},\"primaryImageOfPage\":{\"@id\":\"https:\/\/www.airpower.fi\/en\/product\/flexible-shaft-6-mm-length-10-m\/#primaryimage\"},\"image\":{\"@id\":\"https:\/\/www.airpower.fi\/en\/product\/flexible-shaft-6-mm-length-10-m\/#primaryimage\"},\"thumbnailUrl\":\"https:\/\/www.airpower.fi\/wpc\/uploads\/2025\/06\/206xx-Taipuisa-akseli-6mm-3_AirPower.jpg\",\"datePublished\":\"2025-06-05T11:02:58+00:00\",\"dateModified\":\"2025-08-18T10:32:07+00:00\",\"breadcrumb\":{\"@id\":\"https:\/\/www.airpower.fi\/en\/product\/flexible-shaft-6-mm-length-10-m\/#breadcrumb\"},\"inLanguage\":\"en-US\",\"potentialAction\":[{\"@type\":\"ReadAction\",\"target\":[\"https:\/\/www.airpower.fi\/en\/product\/flexible-shaft-6-mm-length-10-m\/\"]}]},{\"@type\":\"ImageObject\",\"inLanguage\":\"en-US\",\"@id\":\"https:\/\/www.airpower.fi\/en\/product\/flexible-shaft-6-mm-length-10-m\/#primaryimage\",\"url\":\"https:\/\/www.airpower.fi\/wpc\/uploads\/2025\/06\/206xx-Taipuisa-akseli-6mm-3_AirPower.jpg\",\"contentUrl\":\"https:\/\/www.airpower.fi\/wpc\/uploads\/2025\/06\/206xx-Taipuisa-akseli-6mm-3_AirPower.jpg\",\"width\":1000,\"height\":1000},{\"@type\":\"BreadcrumbList\",\"@id\":\"https:\/\/www.airpower.fi\/en\/product\/flexible-shaft-6-mm-length-10-m\/#breadcrumb\",\"itemListElement\":[{\"@type\":\"ListItem\",\"position\":1,\"name\":\"Home\",\"item\":\"https:\/\/www.airpower.fi\/en\/\"},{\"@type\":\"ListItem\",\"position\":2,\"name\":\"Products\",\"item\":\"https:\/\/www.airpower.fi\/tuotteet\/\"},{\"@type\":\"ListItem\",\"position\":3,\"name\":\"Flexible shaft 6 mm, length 10 m\"}]},{\"@type\":\"WebSite\",\"@id\":\"https:\/\/www.airpower.fi\/en\/#website\",\"url\":\"https:\/\/www.airpower.fi\/en\/\",\"name\":\"AirPower - Puhtaan ilman puolesta\",\"description\":\"Ratkaisut ilmastointikanavien puhdistukseen ja tarkastukseen\",\"alternateName\":\"R\u00e4\u00e4kkyl\u00e4n Pelti- ja Metallity\u00f6 Oy\",\"potentialAction\":[{\"@type\":\"SearchAction\",\"target\":{\"@type\":\"EntryPoint\",\"urlTemplate\":\"https:\/\/www.airpower.fi\/en\/?s={search_term_string}\"},\"query-input\":{\"@type\":\"PropertyValueSpecification\",\"valueRequired\":true,\"valueName\":\"search_term_string\"}}],\"inLanguage\":\"en-US\"}]}<\/script>\n<!-- \/ Yoast SEO plugin. -->","yoast_head_json":{"title":"Flexible shaft 6 mm, length 10 m - AirPower - Puhtaan ilman puolesta","robots":{"index":"index","follow":"follow","max-snippet":"max-snippet:-1","max-image-preview":"max-image-preview:large","max-video-preview":"max-video-preview:-1"},"canonical":"https:\/\/www.airpower.fi\/en\/product\/flexible-shaft-6-mm-length-10-m\/","og_locale":"en_US","og_type":"article","og_title":"Flexible shaft 6 mm, length 10 m - AirPower - Puhtaan ilman puolesta","og_description":"Shaft 6 mm, 10 meters, M6 brush mounting","og_url":"https:\/\/www.airpower.fi\/en\/product\/flexible-shaft-6-mm-length-10-m\/","og_site_name":"AirPower - Puhtaan ilman puolesta","article_modified_time":"2025-08-18T10:32:07+00:00","og_image":[{"width":1000,"height":1000,"url":"https:\/\/www.airpower.fi\/wpc\/uploads\/2025\/06\/206xx-Taipuisa-akseli-6mm-3_AirPower.jpg","type":"image\/jpeg"}],"twitter_card":"summary_large_image","twitter_misc":{"Est. reading time":"2 minutes"},"schema":{"@context":"https:\/\/schema.org","@graph":[{"@type":"WebPage","@id":"https:\/\/www.airpower.fi\/en\/product\/flexible-shaft-6-mm-length-10-m\/","url":"https:\/\/www.airpower.fi\/en\/product\/flexible-shaft-6-mm-length-10-m\/","name":"Flexible shaft 6 mm, length 10 m - AirPower - Puhtaan ilman puolesta","isPartOf":{"@id":"https:\/\/www.airpower.fi\/en\/#website"},"primaryImageOfPage":{"@id":"https:\/\/www.airpower.fi\/en\/product\/flexible-shaft-6-mm-length-10-m\/#primaryimage"},"image":{"@id":"https:\/\/www.airpower.fi\/en\/product\/flexible-shaft-6-mm-length-10-m\/#primaryimage"},"thumbnailUrl":"https:\/\/www.airpower.fi\/wpc\/uploads\/2025\/06\/206xx-Taipuisa-akseli-6mm-3_AirPower.jpg","datePublished":"2025-06-05T11:02:58+00:00","dateModified":"2025-08-18T10:32:07+00:00","breadcrumb":{"@id":"https:\/\/www.airpower.fi\/en\/product\/flexible-shaft-6-mm-length-10-m\/#breadcrumb"},"inLanguage":"en-US","potentialAction":[{"@type":"ReadAction","target":["https:\/\/www.airpower.fi\/en\/product\/flexible-shaft-6-mm-length-10-m\/"]}]},{"@type":"ImageObject","inLanguage":"en-US","@id":"https:\/\/www.airpower.fi\/en\/product\/flexible-shaft-6-mm-length-10-m\/#primaryimage","url":"https:\/\/www.airpower.fi\/wpc\/uploads\/2025\/06\/206xx-Taipuisa-akseli-6mm-3_AirPower.jpg","contentUrl":"https:\/\/www.airpower.fi\/wpc\/uploads\/2025\/06\/206xx-Taipuisa-akseli-6mm-3_AirPower.jpg","width":1000,"height":1000},{"@type":"BreadcrumbList","@id":"https:\/\/www.airpower.fi\/en\/product\/flexible-shaft-6-mm-length-10-m\/#breadcrumb","itemListElement":[{"@type":"ListItem","position":1,"name":"Home","item":"https:\/\/www.airpower.fi\/en\/"},{"@type":"ListItem","position":2,"name":"Products","item":"https:\/\/www.airpower.fi\/tuotteet\/"},{"@type":"ListItem","position":3,"name":"Flexible shaft 6 mm, length 10 m"}]},{"@type":"WebSite","@id":"https:\/\/www.airpower.fi\/en\/#website","url":"https:\/\/www.airpower.fi\/en\/","name":"AirPower - Puhtaan ilman puolesta","description":"Ratkaisut ilmastointikanavien puhdistukseen ja tarkastukseen","alternateName":"R\u00e4\u00e4kkyl\u00e4n Pelti- ja Metallity\u00f6 Oy","potentialAction":[{"@type":"SearchAction","target":{"@type":"EntryPoint","urlTemplate":"https:\/\/www.airpower.fi\/en\/?s={search_term_string}"},"query-input":{"@type":"PropertyValueSpecification","valueRequired":true,"valueName":"search_term_string"}}],"inLanguage":"en-US"}]}},"_links":{"self":[{"href":"https:\/\/www.airpower.fi\/en\/wp-json\/wp\/v2\/product\/1721","targetHints":{"allow":["GET"]}}],"collection":[{"href":"https:\/\/www.airpower.fi\/en\/wp-json\/wp\/v2\/product"}],"about":[{"href":"https:\/\/www.airpower.fi\/en\/wp-json\/wp\/v2\/types\/product"}],"wp:featuredmedia":[{"embeddable":true,"href":"https:\/\/www.airpower.fi\/en\/wp-json\/wp\/v2\/media\/1179"}],"wp:attachment":[{"href":"https:\/\/www.airpower.fi\/en\/wp-json\/wp\/v2\/media?parent=1721"}],"wp:term":[{"taxonomy":"product_brand","embeddable":true,"href":"https:\/\/www.airpower.fi\/en\/wp-json\/wp\/v2\/product_brand?post=1721"},{"taxonomy":"product_cat","embeddable":true,"href":"https:\/\/www.airpower.fi\/en\/wp-json\/wp\/v2\/product_cat?post=1721"},{"taxonomy":"product_tag","embeddable":true,"href":"https:\/\/www.airpower.fi\/en\/wp-json\/wp\/v2\/product_tag?post=1721"}],"curies":[{"name":"wp","href":"https:\/\/api.w.org\/{rel}","templated":true}]}}