{"id":1729,"date":"2025-06-05T14:02:59","date_gmt":"2025-06-05T11:02:59","guid":{"rendered":"https:\/\/www.airpower.fi\/tuote\/flexible-cotter-pin-shaft-8-mm-length-8-m\/"},"modified":"2025-08-18T14:21:24","modified_gmt":"2025-08-18T11:21:24","slug":"flexible-cotter-pin-shaft-8-mm-length-8-m","status":"publish","type":"product","link":"https:\/\/www.airpower.fi\/en\/product\/flexible-cotter-pin-shaft-8-mm-length-8-m\/","title":{"rendered":"Flexible cotter pin shaft 8 mm, length 8 m"},"content":{"rendered":"<p><strong>Flexible 8 mm cotter pin shaft \u2013 Length 8 m. Recommended duct sizes 100\u2013315 mm<\/strong><\/p>\n<p data-start=\"79\" data-end=\"251\">The flexible 8mm shaft is a popular choice for air ducts under \u00f8315mm. It provides a good balance of flexibility while maintaining sufficient stiffness for effective use.<\/p>\n<p data-start=\"253\" data-end=\"431\">The pin shaft features a spring-loaded 8mm inner shaft, allowing it to bend and rotate even in tight curves. It can also be operated from a reel and rotated in both directions.<\/p>\n<p data-start=\"433\" data-end=\"548\">If the inner shaft stretches during use, the outer casing can be quickly and easily tightened from the drill end.<\/p>\n<p data-start=\"550\" data-end=\"652\">The brush head is designed to be as lightweight as possible, facilitating use and rotation in bends.<\/p>\n<p data-start=\"654\" data-end=\"844\">The shaft has a 10mm chuck attachment for a drill. The brush head is secured using a pin that passes through both the brush and the brush head. A pin bag is included for attaching brushes.<\/p>\n<p data-start=\"654\" data-end=\"844\">\n<p data-start=\"846\" data-end=\"937\" data-is-last-node=\"\" data-is-only-node=\"\"><strong data-start=\"846\" data-end=\"869\">Compatible brushes:<\/strong><br data-start=\"869\" data-end=\"872\" \/>Cotter Pin shaft brushes \u2013 brushes from the corresponding product group.<\/p>\n","protected":false},"excerpt":{"rendered":"<p>Shaft 8 mm, 8 meters, cotter pin attachment<\/p>\n","protected":false},"featured_media":812,"template":"","meta":[],"product_brand":[],"product_cat":[228],"product_tag":[246,279,339,345,295],"class_list":{"0":"post-1729","1":"product","2":"type-product","3":"status-publish","4":"has-post-thumbnail","6":"product_cat-flexible-cotter-pin-shafts-8mm","7":"product_tag-8mm-en-2","8":"product_tag-drilling-machine-axles","9":"product_tag-rotation-axle","10":"product_tag-shock-axle","11":"product_tag-warp","13":"first","14":"instock","15":"shipping-taxable","16":"purchasable","17":"product-type-simple"},"yoast_head":"<!-- This site is optimized with the Yoast SEO plugin v27.4 - https:\/\/yoast.com\/product\/yoast-seo-wordpress\/ -->\n<title>Flexible cotter pin shaft 8 mm, length 8 m - AirPower - Puhtaan ilman puolesta<\/title>\n<meta name=\"robots\" content=\"index, follow, max-snippet:-1, max-image-preview:large, max-video-preview:-1\" \/>\n<link rel=\"canonical\" href=\"https:\/\/www.airpower.fi\/en\/product\/flexible-cotter-pin-shaft-8-mm-length-8-m\/\" \/>\n<meta property=\"og:locale\" content=\"en_US\" \/>\n<meta property=\"og:type\" content=\"article\" \/>\n<meta property=\"og:title\" content=\"Flexible cotter pin shaft 8 mm, length 8 m - AirPower - Puhtaan ilman puolesta\" \/>\n<meta property=\"og:description\" content=\"Shaft 8 mm, 8 meters, cotter pin attachment\" \/>\n<meta property=\"og:url\" content=\"https:\/\/www.airpower.fi\/en\/product\/flexible-cotter-pin-shaft-8-mm-length-8-m\/\" \/>\n<meta property=\"og:site_name\" content=\"AirPower - Puhtaan ilman puolesta\" \/>\n<meta property=\"article:modified_time\" content=\"2025-08-18T11:21:24+00:00\" \/>\n<meta property=\"og:image\" content=\"https:\/\/www.airpower.fi\/wpc\/uploads\/2025\/06\/20808J-Taipuisa-sokka-akseli-8mm_1_AirPower.jpg\" \/>\n\t<meta property=\"og:image:width\" content=\"1000\" \/>\n\t<meta property=\"og:image:height\" content=\"1000\" \/>\n\t<meta property=\"og:image:type\" content=\"image\/jpeg\" \/>\n<meta name=\"twitter:card\" content=\"summary_large_image\" \/>\n<meta name=\"twitter:label1\" content=\"Est. reading time\" \/>\n\t<meta name=\"twitter:data1\" content=\"2 minutes\" \/>\n<script type=\"application\/ld+json\" class=\"yoast-schema-graph\">{\"@context\":\"https:\\\/\\\/schema.org\",\"@graph\":[{\"@type\":\"WebPage\",\"@id\":\"https:\\\/\\\/www.airpower.fi\\\/en\\\/product\\\/flexible-cotter-pin-shaft-8-mm-length-8-m\\\/\",\"url\":\"https:\\\/\\\/www.airpower.fi\\\/en\\\/product\\\/flexible-cotter-pin-shaft-8-mm-length-8-m\\\/\",\"name\":\"Flexible cotter pin shaft 8 mm, length 8 m - AirPower - Puhtaan ilman puolesta\",\"isPartOf\":{\"@id\":\"https:\\\/\\\/www.airpower.fi\\\/en\\\/#website\"},\"primaryImageOfPage\":{\"@id\":\"https:\\\/\\\/www.airpower.fi\\\/en\\\/product\\\/flexible-cotter-pin-shaft-8-mm-length-8-m\\\/#primaryimage\"},\"image\":{\"@id\":\"https:\\\/\\\/www.airpower.fi\\\/en\\\/product\\\/flexible-cotter-pin-shaft-8-mm-length-8-m\\\/#primaryimage\"},\"thumbnailUrl\":\"https:\\\/\\\/www.airpower.fi\\\/wpc\\\/uploads\\\/2025\\\/06\\\/20808J-Taipuisa-sokka-akseli-8mm_1_AirPower.jpg\",\"datePublished\":\"2025-06-05T11:02:59+00:00\",\"dateModified\":\"2025-08-18T11:21:24+00:00\",\"breadcrumb\":{\"@id\":\"https:\\\/\\\/www.airpower.fi\\\/en\\\/product\\\/flexible-cotter-pin-shaft-8-mm-length-8-m\\\/#breadcrumb\"},\"inLanguage\":\"en-US\",\"potentialAction\":[{\"@type\":\"ReadAction\",\"target\":[\"https:\\\/\\\/www.airpower.fi\\\/en\\\/product\\\/flexible-cotter-pin-shaft-8-mm-length-8-m\\\/\"]}]},{\"@type\":\"ImageObject\",\"inLanguage\":\"en-US\",\"@id\":\"https:\\\/\\\/www.airpower.fi\\\/en\\\/product\\\/flexible-cotter-pin-shaft-8-mm-length-8-m\\\/#primaryimage\",\"url\":\"https:\\\/\\\/www.airpower.fi\\\/wpc\\\/uploads\\\/2025\\\/06\\\/20808J-Taipuisa-sokka-akseli-8mm_1_AirPower.jpg\",\"contentUrl\":\"https:\\\/\\\/www.airpower.fi\\\/wpc\\\/uploads\\\/2025\\\/06\\\/20808J-Taipuisa-sokka-akseli-8mm_1_AirPower.jpg\",\"width\":1000,\"height\":1000},{\"@type\":\"BreadcrumbList\",\"@id\":\"https:\\\/\\\/www.airpower.fi\\\/en\\\/product\\\/flexible-cotter-pin-shaft-8-mm-length-8-m\\\/#breadcrumb\",\"itemListElement\":[{\"@type\":\"ListItem\",\"position\":1,\"name\":\"Home\",\"item\":\"https:\\\/\\\/www.airpower.fi\\\/en\\\/\"},{\"@type\":\"ListItem\",\"position\":2,\"name\":\"Products\",\"item\":\"https:\\\/\\\/www.airpower.fi\\\/tuotteet\\\/\"},{\"@type\":\"ListItem\",\"position\":3,\"name\":\"Flexible cotter pin shaft 8 mm, length 8 m\"}]},{\"@type\":\"WebSite\",\"@id\":\"https:\\\/\\\/www.airpower.fi\\\/en\\\/#website\",\"url\":\"https:\\\/\\\/www.airpower.fi\\\/en\\\/\",\"name\":\"AirPower - Puhtaan ilman puolesta\",\"description\":\"Ratkaisut ilmastointikanavien puhdistukseen ja tarkastukseen\",\"alternateName\":\"R\u00e4\u00e4kkyl\u00e4n Pelti- ja Metallity\u00f6 Oy\",\"potentialAction\":[{\"@type\":\"SearchAction\",\"target\":{\"@type\":\"EntryPoint\",\"urlTemplate\":\"https:\\\/\\\/www.airpower.fi\\\/en\\\/?s={search_term_string}\"},\"query-input\":{\"@type\":\"PropertyValueSpecification\",\"valueRequired\":true,\"valueName\":\"search_term_string\"}}],\"inLanguage\":\"en-US\"}]}<\/script>\n<!-- \/ Yoast SEO plugin. -->","yoast_head_json":{"title":"Flexible cotter pin shaft 8 mm, length 8 m - AirPower - Puhtaan ilman puolesta","robots":{"index":"index","follow":"follow","max-snippet":"max-snippet:-1","max-image-preview":"max-image-preview:large","max-video-preview":"max-video-preview:-1"},"canonical":"https:\/\/www.airpower.fi\/en\/product\/flexible-cotter-pin-shaft-8-mm-length-8-m\/","og_locale":"en_US","og_type":"article","og_title":"Flexible cotter pin shaft 8 mm, length 8 m - AirPower - Puhtaan ilman puolesta","og_description":"Shaft 8 mm, 8 meters, cotter pin attachment","og_url":"https:\/\/www.airpower.fi\/en\/product\/flexible-cotter-pin-shaft-8-mm-length-8-m\/","og_site_name":"AirPower - Puhtaan ilman puolesta","article_modified_time":"2025-08-18T11:21:24+00:00","og_image":[{"width":1000,"height":1000,"url":"https:\/\/www.airpower.fi\/wpc\/uploads\/2025\/06\/20808J-Taipuisa-sokka-akseli-8mm_1_AirPower.jpg","type":"image\/jpeg"}],"twitter_card":"summary_large_image","twitter_misc":{"Est. reading time":"2 minutes"},"schema":{"@context":"https:\/\/schema.org","@graph":[{"@type":"WebPage","@id":"https:\/\/www.airpower.fi\/en\/product\/flexible-cotter-pin-shaft-8-mm-length-8-m\/","url":"https:\/\/www.airpower.fi\/en\/product\/flexible-cotter-pin-shaft-8-mm-length-8-m\/","name":"Flexible cotter pin shaft 8 mm, length 8 m - AirPower - Puhtaan ilman puolesta","isPartOf":{"@id":"https:\/\/www.airpower.fi\/en\/#website"},"primaryImageOfPage":{"@id":"https:\/\/www.airpower.fi\/en\/product\/flexible-cotter-pin-shaft-8-mm-length-8-m\/#primaryimage"},"image":{"@id":"https:\/\/www.airpower.fi\/en\/product\/flexible-cotter-pin-shaft-8-mm-length-8-m\/#primaryimage"},"thumbnailUrl":"https:\/\/www.airpower.fi\/wpc\/uploads\/2025\/06\/20808J-Taipuisa-sokka-akseli-8mm_1_AirPower.jpg","datePublished":"2025-06-05T11:02:59+00:00","dateModified":"2025-08-18T11:21:24+00:00","breadcrumb":{"@id":"https:\/\/www.airpower.fi\/en\/product\/flexible-cotter-pin-shaft-8-mm-length-8-m\/#breadcrumb"},"inLanguage":"en-US","potentialAction":[{"@type":"ReadAction","target":["https:\/\/www.airpower.fi\/en\/product\/flexible-cotter-pin-shaft-8-mm-length-8-m\/"]}]},{"@type":"ImageObject","inLanguage":"en-US","@id":"https:\/\/www.airpower.fi\/en\/product\/flexible-cotter-pin-shaft-8-mm-length-8-m\/#primaryimage","url":"https:\/\/www.airpower.fi\/wpc\/uploads\/2025\/06\/20808J-Taipuisa-sokka-akseli-8mm_1_AirPower.jpg","contentUrl":"https:\/\/www.airpower.fi\/wpc\/uploads\/2025\/06\/20808J-Taipuisa-sokka-akseli-8mm_1_AirPower.jpg","width":1000,"height":1000},{"@type":"BreadcrumbList","@id":"https:\/\/www.airpower.fi\/en\/product\/flexible-cotter-pin-shaft-8-mm-length-8-m\/#breadcrumb","itemListElement":[{"@type":"ListItem","position":1,"name":"Home","item":"https:\/\/www.airpower.fi\/en\/"},{"@type":"ListItem","position":2,"name":"Products","item":"https:\/\/www.airpower.fi\/tuotteet\/"},{"@type":"ListItem","position":3,"name":"Flexible cotter pin shaft 8 mm, length 8 m"}]},{"@type":"WebSite","@id":"https:\/\/www.airpower.fi\/en\/#website","url":"https:\/\/www.airpower.fi\/en\/","name":"AirPower - Puhtaan ilman puolesta","description":"Ratkaisut ilmastointikanavien puhdistukseen ja tarkastukseen","alternateName":"R\u00e4\u00e4kkyl\u00e4n Pelti- ja Metallity\u00f6 Oy","potentialAction":[{"@type":"SearchAction","target":{"@type":"EntryPoint","urlTemplate":"https:\/\/www.airpower.fi\/en\/?s={search_term_string}"},"query-input":{"@type":"PropertyValueSpecification","valueRequired":true,"valueName":"search_term_string"}}],"inLanguage":"en-US"}]}},"_links":{"self":[{"href":"https:\/\/www.airpower.fi\/en\/wp-json\/wp\/v2\/product\/1729","targetHints":{"allow":["GET"]}}],"collection":[{"href":"https:\/\/www.airpower.fi\/en\/wp-json\/wp\/v2\/product"}],"about":[{"href":"https:\/\/www.airpower.fi\/en\/wp-json\/wp\/v2\/types\/product"}],"wp:featuredmedia":[{"embeddable":true,"href":"https:\/\/www.airpower.fi\/en\/wp-json\/wp\/v2\/media\/812"}],"wp:attachment":[{"href":"https:\/\/www.airpower.fi\/en\/wp-json\/wp\/v2\/media?parent=1729"}],"wp:term":[{"taxonomy":"product_brand","embeddable":true,"href":"https:\/\/www.airpower.fi\/en\/wp-json\/wp\/v2\/product_brand?post=1729"},{"taxonomy":"product_cat","embeddable":true,"href":"https:\/\/www.airpower.fi\/en\/wp-json\/wp\/v2\/product_cat?post=1729"},{"taxonomy":"product_tag","embeddable":true,"href":"https:\/\/www.airpower.fi\/en\/wp-json\/wp\/v2\/product_tag?post=1729"}],"curies":[{"name":"wp","href":"https:\/\/api.w.org\/{rel}","templated":true}]}}