{"id":1736,"date":"2025-06-05T14:03:01","date_gmt":"2025-06-05T11:03:01","guid":{"rendered":"https:\/\/www.airpower.fi\/tuote\/twisted-brush-m12-o400\/"},"modified":"2025-08-18T16:18:57","modified_gmt":"2025-08-18T13:18:57","slug":"twisted-brush-m12-o400","status":"publish","type":"product","link":"https:\/\/www.airpower.fi\/en\/product\/twisted-brush-m12-o400\/","title":{"rendered":"Twisted Brush M12 \u00f8400"},"content":{"rendered":"<p data-start=\"40\" data-end=\"81\">Twisted Brush for \u00d8400mm Round Duct. &#8220;Spun Light&#8221;<\/p>\n<p data-start=\"83\" data-end=\"151\">This brush features a metal frame with an M12 threaded attachment.<\/p>\n<p data-start=\"153\" data-end=\"252\">Attachment security is ensured with a pin. Mounting is done via an M18\u2013M12 adapter for the brush.<\/p>\n<p data-start=\"254\" data-end=\"304\">The brush uses four different bristle materials:<\/p>\n<ul data-start=\"305\" data-end=\"465\">\n<li data-start=\"305\" data-end=\"342\">\n<p data-start=\"307\" data-end=\"342\">White and yellow plastic bristles<\/p>\n<\/li>\n<li data-start=\"343\" data-end=\"396\">\n<p data-start=\"345\" data-end=\"396\">Coarse abrasive nylon for more effective cleaning<\/p>\n<\/li>\n<li data-start=\"397\" data-end=\"465\">\n<p data-start=\"399\" data-end=\"465\">Thin brass bristles to reduce static electricity during rotation<\/p>\n<\/li>\n<\/ul>\n<p data-start=\"467\" data-end=\"527\">A versatile brush suitable for general HVAC duct cleaning.<\/p>\n<p data-start=\"529\" data-end=\"551\">Compatible with:<\/p>\n<ul data-start=\"552\" data-end=\"662\">\n<li data-start=\"552\" data-end=\"604\">\n<p data-start=\"554\" data-end=\"604\">Brush machines: Kela Master K15\/Junior, K20, K30<\/p>\n<\/li>\n<li data-start=\"605\" data-end=\"662\">\n<p data-start=\"607\" data-end=\"662\">Drill shafts: Ultra shafts and flexible shafts 8\u201312mm<\/p>\n<\/li>\n<\/ul>\n","protected":false},"excerpt":{"rendered":"<p>Twisted 400 light (fastening M12 external thread + pin)<\/p>\n","protected":false},"featured_media":640,"template":"","meta":[],"product_brand":[],"product_cat":[238],"product_tag":[310,280,274,318,257],"class_list":{"0":"post-1736","1":"product","2":"type-product","3":"status-publish","4":"has-post-thumbnail","6":"product_cat-threaded-m12-brushes-round-duct","7":"product_tag-air-duct-cleaning-brush","8":"product_tag-cleaning-brush","9":"product_tag-m12-brush","10":"product_tag-rectangular-duct","11":"product_tag-ventilation-duct","13":"first","14":"instock","15":"shipping-taxable","16":"purchasable","17":"product-type-simple"},"yoast_head":"<!-- This site is optimized with the Yoast SEO plugin v27.2 - https:\/\/yoast.com\/product\/yoast-seo-wordpress\/ -->\n<title>Twisted Brush M12 \u00f8400 - AirPower - Puhtaan ilman puolesta<\/title>\n<meta name=\"robots\" content=\"index, follow, max-snippet:-1, max-image-preview:large, max-video-preview:-1\" \/>\n<link rel=\"canonical\" href=\"https:\/\/www.airpower.fi\/en\/product\/twisted-brush-m12-o400\/\" \/>\n<meta property=\"og:locale\" content=\"en_US\" \/>\n<meta property=\"og:type\" content=\"article\" \/>\n<meta property=\"og:title\" content=\"Twisted Brush M12 \u00f8400 - AirPower - Puhtaan ilman puolesta\" \/>\n<meta property=\"og:description\" content=\"Twisted 400 light (fastening M12 external thread + pin)\" \/>\n<meta property=\"og:url\" content=\"https:\/\/www.airpower.fi\/en\/product\/twisted-brush-m12-o400\/\" \/>\n<meta property=\"og:site_name\" content=\"AirPower - Puhtaan ilman puolesta\" \/>\n<meta property=\"article:modified_time\" content=\"2025-08-18T13:18:57+00:00\" \/>\n<meta property=\"og:image\" content=\"https:\/\/www.airpower.fi\/wpc\/uploads\/2025\/06\/4400-kierretty-harja-m12-400_1_airpower.jpg\" \/>\n\t<meta property=\"og:image:width\" content=\"1000\" \/>\n\t<meta property=\"og:image:height\" content=\"1000\" \/>\n\t<meta property=\"og:image:type\" content=\"image\/jpeg\" \/>\n<meta name=\"twitter:card\" content=\"summary_large_image\" \/>\n<meta name=\"twitter:label1\" content=\"Est. reading time\" \/>\n\t<meta name=\"twitter:data1\" content=\"1 minute\" \/>\n<script type=\"application\/ld+json\" class=\"yoast-schema-graph\">{\"@context\":\"https:\/\/schema.org\",\"@graph\":[{\"@type\":\"WebPage\",\"@id\":\"https:\/\/www.airpower.fi\/en\/product\/twisted-brush-m12-o400\/\",\"url\":\"https:\/\/www.airpower.fi\/en\/product\/twisted-brush-m12-o400\/\",\"name\":\"Twisted Brush M12 \u00f8400 - AirPower - Puhtaan ilman puolesta\",\"isPartOf\":{\"@id\":\"https:\/\/www.airpower.fi\/en\/#website\"},\"primaryImageOfPage\":{\"@id\":\"https:\/\/www.airpower.fi\/en\/product\/twisted-brush-m12-o400\/#primaryimage\"},\"image\":{\"@id\":\"https:\/\/www.airpower.fi\/en\/product\/twisted-brush-m12-o400\/#primaryimage\"},\"thumbnailUrl\":\"https:\/\/www.airpower.fi\/wpc\/uploads\/2025\/06\/4400-kierretty-harja-m12-400_1_airpower.jpg\",\"datePublished\":\"2025-06-05T11:03:01+00:00\",\"dateModified\":\"2025-08-18T13:18:57+00:00\",\"breadcrumb\":{\"@id\":\"https:\/\/www.airpower.fi\/en\/product\/twisted-brush-m12-o400\/#breadcrumb\"},\"inLanguage\":\"en-US\",\"potentialAction\":[{\"@type\":\"ReadAction\",\"target\":[\"https:\/\/www.airpower.fi\/en\/product\/twisted-brush-m12-o400\/\"]}]},{\"@type\":\"ImageObject\",\"inLanguage\":\"en-US\",\"@id\":\"https:\/\/www.airpower.fi\/en\/product\/twisted-brush-m12-o400\/#primaryimage\",\"url\":\"https:\/\/www.airpower.fi\/wpc\/uploads\/2025\/06\/4400-kierretty-harja-m12-400_1_airpower.jpg\",\"contentUrl\":\"https:\/\/www.airpower.fi\/wpc\/uploads\/2025\/06\/4400-kierretty-harja-m12-400_1_airpower.jpg\",\"width\":1000,\"height\":1000},{\"@type\":\"BreadcrumbList\",\"@id\":\"https:\/\/www.airpower.fi\/en\/product\/twisted-brush-m12-o400\/#breadcrumb\",\"itemListElement\":[{\"@type\":\"ListItem\",\"position\":1,\"name\":\"Home\",\"item\":\"https:\/\/www.airpower.fi\/en\/\"},{\"@type\":\"ListItem\",\"position\":2,\"name\":\"Products\",\"item\":\"https:\/\/www.airpower.fi\/tuotteet\/\"},{\"@type\":\"ListItem\",\"position\":3,\"name\":\"Twisted Brush M12 \u00f8400\"}]},{\"@type\":\"WebSite\",\"@id\":\"https:\/\/www.airpower.fi\/en\/#website\",\"url\":\"https:\/\/www.airpower.fi\/en\/\",\"name\":\"AirPower - Puhtaan ilman puolesta\",\"description\":\"Ratkaisut ilmastointikanavien puhdistukseen ja tarkastukseen\",\"alternateName\":\"R\u00e4\u00e4kkyl\u00e4n Pelti- ja Metallity\u00f6 Oy\",\"potentialAction\":[{\"@type\":\"SearchAction\",\"target\":{\"@type\":\"EntryPoint\",\"urlTemplate\":\"https:\/\/www.airpower.fi\/en\/?s={search_term_string}\"},\"query-input\":{\"@type\":\"PropertyValueSpecification\",\"valueRequired\":true,\"valueName\":\"search_term_string\"}}],\"inLanguage\":\"en-US\"}]}<\/script>\n<!-- \/ Yoast SEO plugin. -->","yoast_head_json":{"title":"Twisted Brush M12 \u00f8400 - AirPower - Puhtaan ilman puolesta","robots":{"index":"index","follow":"follow","max-snippet":"max-snippet:-1","max-image-preview":"max-image-preview:large","max-video-preview":"max-video-preview:-1"},"canonical":"https:\/\/www.airpower.fi\/en\/product\/twisted-brush-m12-o400\/","og_locale":"en_US","og_type":"article","og_title":"Twisted Brush M12 \u00f8400 - AirPower - Puhtaan ilman puolesta","og_description":"Twisted 400 light (fastening M12 external thread + pin)","og_url":"https:\/\/www.airpower.fi\/en\/product\/twisted-brush-m12-o400\/","og_site_name":"AirPower - Puhtaan ilman puolesta","article_modified_time":"2025-08-18T13:18:57+00:00","og_image":[{"width":1000,"height":1000,"url":"https:\/\/www.airpower.fi\/wpc\/uploads\/2025\/06\/4400-kierretty-harja-m12-400_1_airpower.jpg","type":"image\/jpeg"}],"twitter_card":"summary_large_image","twitter_misc":{"Est. reading time":"1 minute"},"schema":{"@context":"https:\/\/schema.org","@graph":[{"@type":"WebPage","@id":"https:\/\/www.airpower.fi\/en\/product\/twisted-brush-m12-o400\/","url":"https:\/\/www.airpower.fi\/en\/product\/twisted-brush-m12-o400\/","name":"Twisted Brush M12 \u00f8400 - AirPower - Puhtaan ilman puolesta","isPartOf":{"@id":"https:\/\/www.airpower.fi\/en\/#website"},"primaryImageOfPage":{"@id":"https:\/\/www.airpower.fi\/en\/product\/twisted-brush-m12-o400\/#primaryimage"},"image":{"@id":"https:\/\/www.airpower.fi\/en\/product\/twisted-brush-m12-o400\/#primaryimage"},"thumbnailUrl":"https:\/\/www.airpower.fi\/wpc\/uploads\/2025\/06\/4400-kierretty-harja-m12-400_1_airpower.jpg","datePublished":"2025-06-05T11:03:01+00:00","dateModified":"2025-08-18T13:18:57+00:00","breadcrumb":{"@id":"https:\/\/www.airpower.fi\/en\/product\/twisted-brush-m12-o400\/#breadcrumb"},"inLanguage":"en-US","potentialAction":[{"@type":"ReadAction","target":["https:\/\/www.airpower.fi\/en\/product\/twisted-brush-m12-o400\/"]}]},{"@type":"ImageObject","inLanguage":"en-US","@id":"https:\/\/www.airpower.fi\/en\/product\/twisted-brush-m12-o400\/#primaryimage","url":"https:\/\/www.airpower.fi\/wpc\/uploads\/2025\/06\/4400-kierretty-harja-m12-400_1_airpower.jpg","contentUrl":"https:\/\/www.airpower.fi\/wpc\/uploads\/2025\/06\/4400-kierretty-harja-m12-400_1_airpower.jpg","width":1000,"height":1000},{"@type":"BreadcrumbList","@id":"https:\/\/www.airpower.fi\/en\/product\/twisted-brush-m12-o400\/#breadcrumb","itemListElement":[{"@type":"ListItem","position":1,"name":"Home","item":"https:\/\/www.airpower.fi\/en\/"},{"@type":"ListItem","position":2,"name":"Products","item":"https:\/\/www.airpower.fi\/tuotteet\/"},{"@type":"ListItem","position":3,"name":"Twisted Brush M12 \u00f8400"}]},{"@type":"WebSite","@id":"https:\/\/www.airpower.fi\/en\/#website","url":"https:\/\/www.airpower.fi\/en\/","name":"AirPower - Puhtaan ilman puolesta","description":"Ratkaisut ilmastointikanavien puhdistukseen ja tarkastukseen","alternateName":"R\u00e4\u00e4kkyl\u00e4n Pelti- ja Metallity\u00f6 Oy","potentialAction":[{"@type":"SearchAction","target":{"@type":"EntryPoint","urlTemplate":"https:\/\/www.airpower.fi\/en\/?s={search_term_string}"},"query-input":{"@type":"PropertyValueSpecification","valueRequired":true,"valueName":"search_term_string"}}],"inLanguage":"en-US"}]}},"_links":{"self":[{"href":"https:\/\/www.airpower.fi\/en\/wp-json\/wp\/v2\/product\/1736","targetHints":{"allow":["GET"]}}],"collection":[{"href":"https:\/\/www.airpower.fi\/en\/wp-json\/wp\/v2\/product"}],"about":[{"href":"https:\/\/www.airpower.fi\/en\/wp-json\/wp\/v2\/types\/product"}],"wp:featuredmedia":[{"embeddable":true,"href":"https:\/\/www.airpower.fi\/en\/wp-json\/wp\/v2\/media\/640"}],"wp:attachment":[{"href":"https:\/\/www.airpower.fi\/en\/wp-json\/wp\/v2\/media?parent=1736"}],"wp:term":[{"taxonomy":"product_brand","embeddable":true,"href":"https:\/\/www.airpower.fi\/en\/wp-json\/wp\/v2\/product_brand?post=1736"},{"taxonomy":"product_cat","embeddable":true,"href":"https:\/\/www.airpower.fi\/en\/wp-json\/wp\/v2\/product_cat?post=1736"},{"taxonomy":"product_tag","embeddable":true,"href":"https:\/\/www.airpower.fi\/en\/wp-json\/wp\/v2\/product_tag?post=1736"}],"curies":[{"name":"wp","href":"https:\/\/api.w.org\/{rel}","templated":true}]}}