{"id":1753,"date":"2025-06-05T14:03:04","date_gmt":"2025-06-05T11:03:04","guid":{"rendered":"https:\/\/www.airpower.fi\/tuote\/brush-for-rectangular-duct-m12-o600\/"},"modified":"2025-08-20T09:53:22","modified_gmt":"2025-08-20T06:53:22","slug":"brush-for-rectangular-duct-m12-o600","status":"publish","type":"product","link":"https:\/\/www.airpower.fi\/en\/product\/brush-for-rectangular-duct-m12-o600\/","title":{"rendered":"Brush for rectangular duct M12 \u00f8600"},"content":{"rendered":"<p data-start=\"135\" data-end=\"323\">The combination brush is designed for cleaning rectangular\/square ducts. The lightweight outer bristles are engineered to extend into the duct corners when rotating, ensuring thorough cleaning.<\/p>\n<p data-start=\"325\" data-end=\"486\">Stiffer bristles in the center provide support and stability, keeping the brush properly positioned inside the duct. The brush can also be used in round ducts.<\/p>\n<p data-start=\"488\" data-end=\"633\">The brush features a metal frame center with an M12 threaded connection, secured with a locking pin.<br data-start=\"593\" data-end=\"596\" \/>Attachment via M18\u2013M12 adapter.<\/p>\n<p data-start=\"635\" data-end=\"659\">Compatible with:<\/p>\n<p data-start=\"662\" data-end=\"712\">Brush machines: Kela Master K15\/Junior, K20, K30<\/p>\n<p data-start=\"715\" data-end=\"773\">Drill shafts: Ultra-shafts and flexible shafts (8\u201312 mm)<\/p>\n","protected":false},"excerpt":{"rendered":"<p>Brush for rectangular duct 600 twisted (M12 external thread + cotter pin)<\/p>\n","protected":false},"featured_media":1335,"template":"","meta":[],"product_brand":[],"product_cat":[243],"product_tag":[310,280,274,318,257],"class_list":{"0":"post-1753","1":"product","2":"type-product","3":"status-publish","4":"has-post-thumbnail","6":"product_cat-combination-brush-m12-rectangular-duct","7":"product_tag-air-duct-cleaning-brush","8":"product_tag-cleaning-brush","9":"product_tag-m12-brush","10":"product_tag-rectangular-duct","11":"product_tag-ventilation-duct","13":"first","14":"instock","15":"shipping-taxable","16":"purchasable","17":"product-type-simple"},"yoast_head":"<!-- This site is optimized with the Yoast SEO plugin v27.2 - https:\/\/yoast.com\/product\/yoast-seo-wordpress\/ -->\n<title>Brush for rectangular duct M12 \u00f8600 - AirPower - Puhtaan ilman puolesta<\/title>\n<meta name=\"robots\" content=\"index, follow, max-snippet:-1, max-image-preview:large, max-video-preview:-1\" \/>\n<link rel=\"canonical\" href=\"https:\/\/www.airpower.fi\/en\/product\/brush-for-rectangular-duct-m12-o600\/\" \/>\n<meta property=\"og:locale\" content=\"en_US\" \/>\n<meta property=\"og:type\" content=\"article\" \/>\n<meta property=\"og:title\" content=\"Brush for rectangular duct M12 \u00f8600 - AirPower - Puhtaan ilman puolesta\" \/>\n<meta property=\"og:description\" content=\"Brush for rectangular duct 600 twisted (M12 external thread + cotter pin)\" \/>\n<meta property=\"og:url\" content=\"https:\/\/www.airpower.fi\/en\/product\/brush-for-rectangular-duct-m12-o600\/\" \/>\n<meta property=\"og:site_name\" content=\"AirPower - Puhtaan ilman puolesta\" \/>\n<meta property=\"article:modified_time\" content=\"2025-08-20T06:53:22+00:00\" \/>\n<meta property=\"og:image\" content=\"https:\/\/www.airpower.fi\/wpc\/uploads\/2025\/06\/40060_Yhdistelmaharja_600_M12_AirPower.jpg\" \/>\n\t<meta property=\"og:image:width\" content=\"1000\" \/>\n\t<meta property=\"og:image:height\" content=\"1000\" \/>\n\t<meta property=\"og:image:type\" content=\"image\/jpeg\" \/>\n<meta name=\"twitter:card\" content=\"summary_large_image\" \/>\n<meta name=\"twitter:label1\" content=\"Est. reading time\" \/>\n\t<meta name=\"twitter:data1\" content=\"1 minute\" \/>\n<script type=\"application\/ld+json\" class=\"yoast-schema-graph\">{\"@context\":\"https:\/\/schema.org\",\"@graph\":[{\"@type\":\"WebPage\",\"@id\":\"https:\/\/www.airpower.fi\/en\/product\/brush-for-rectangular-duct-m12-o600\/\",\"url\":\"https:\/\/www.airpower.fi\/en\/product\/brush-for-rectangular-duct-m12-o600\/\",\"name\":\"Brush for rectangular duct M12 \u00f8600 - AirPower - Puhtaan ilman puolesta\",\"isPartOf\":{\"@id\":\"https:\/\/www.airpower.fi\/en\/#website\"},\"primaryImageOfPage\":{\"@id\":\"https:\/\/www.airpower.fi\/en\/product\/brush-for-rectangular-duct-m12-o600\/#primaryimage\"},\"image\":{\"@id\":\"https:\/\/www.airpower.fi\/en\/product\/brush-for-rectangular-duct-m12-o600\/#primaryimage\"},\"thumbnailUrl\":\"https:\/\/www.airpower.fi\/wpc\/uploads\/2025\/06\/40060_Yhdistelmaharja_600_M12_AirPower.jpg\",\"datePublished\":\"2025-06-05T11:03:04+00:00\",\"dateModified\":\"2025-08-20T06:53:22+00:00\",\"breadcrumb\":{\"@id\":\"https:\/\/www.airpower.fi\/en\/product\/brush-for-rectangular-duct-m12-o600\/#breadcrumb\"},\"inLanguage\":\"en-US\",\"potentialAction\":[{\"@type\":\"ReadAction\",\"target\":[\"https:\/\/www.airpower.fi\/en\/product\/brush-for-rectangular-duct-m12-o600\/\"]}]},{\"@type\":\"ImageObject\",\"inLanguage\":\"en-US\",\"@id\":\"https:\/\/www.airpower.fi\/en\/product\/brush-for-rectangular-duct-m12-o600\/#primaryimage\",\"url\":\"https:\/\/www.airpower.fi\/wpc\/uploads\/2025\/06\/40060_Yhdistelmaharja_600_M12_AirPower.jpg\",\"contentUrl\":\"https:\/\/www.airpower.fi\/wpc\/uploads\/2025\/06\/40060_Yhdistelmaharja_600_M12_AirPower.jpg\",\"width\":1000,\"height\":1000},{\"@type\":\"BreadcrumbList\",\"@id\":\"https:\/\/www.airpower.fi\/en\/product\/brush-for-rectangular-duct-m12-o600\/#breadcrumb\",\"itemListElement\":[{\"@type\":\"ListItem\",\"position\":1,\"name\":\"Home\",\"item\":\"https:\/\/www.airpower.fi\/en\/\"},{\"@type\":\"ListItem\",\"position\":2,\"name\":\"Products\",\"item\":\"https:\/\/www.airpower.fi\/tuotteet\/\"},{\"@type\":\"ListItem\",\"position\":3,\"name\":\"Brush for rectangular duct M12 \u00f8600\"}]},{\"@type\":\"WebSite\",\"@id\":\"https:\/\/www.airpower.fi\/en\/#website\",\"url\":\"https:\/\/www.airpower.fi\/en\/\",\"name\":\"AirPower - Puhtaan ilman puolesta\",\"description\":\"Ratkaisut ilmastointikanavien puhdistukseen ja tarkastukseen\",\"alternateName\":\"R\u00e4\u00e4kkyl\u00e4n Pelti- ja Metallity\u00f6 Oy\",\"potentialAction\":[{\"@type\":\"SearchAction\",\"target\":{\"@type\":\"EntryPoint\",\"urlTemplate\":\"https:\/\/www.airpower.fi\/en\/?s={search_term_string}\"},\"query-input\":{\"@type\":\"PropertyValueSpecification\",\"valueRequired\":true,\"valueName\":\"search_term_string\"}}],\"inLanguage\":\"en-US\"}]}<\/script>\n<!-- \/ Yoast SEO plugin. -->","yoast_head_json":{"title":"Brush for rectangular duct M12 \u00f8600 - AirPower - Puhtaan ilman puolesta","robots":{"index":"index","follow":"follow","max-snippet":"max-snippet:-1","max-image-preview":"max-image-preview:large","max-video-preview":"max-video-preview:-1"},"canonical":"https:\/\/www.airpower.fi\/en\/product\/brush-for-rectangular-duct-m12-o600\/","og_locale":"en_US","og_type":"article","og_title":"Brush for rectangular duct M12 \u00f8600 - AirPower - Puhtaan ilman puolesta","og_description":"Brush for rectangular duct 600 twisted (M12 external thread + cotter pin)","og_url":"https:\/\/www.airpower.fi\/en\/product\/brush-for-rectangular-duct-m12-o600\/","og_site_name":"AirPower - Puhtaan ilman puolesta","article_modified_time":"2025-08-20T06:53:22+00:00","og_image":[{"width":1000,"height":1000,"url":"https:\/\/www.airpower.fi\/wpc\/uploads\/2025\/06\/40060_Yhdistelmaharja_600_M12_AirPower.jpg","type":"image\/jpeg"}],"twitter_card":"summary_large_image","twitter_misc":{"Est. reading time":"1 minute"},"schema":{"@context":"https:\/\/schema.org","@graph":[{"@type":"WebPage","@id":"https:\/\/www.airpower.fi\/en\/product\/brush-for-rectangular-duct-m12-o600\/","url":"https:\/\/www.airpower.fi\/en\/product\/brush-for-rectangular-duct-m12-o600\/","name":"Brush for rectangular duct M12 \u00f8600 - AirPower - Puhtaan ilman puolesta","isPartOf":{"@id":"https:\/\/www.airpower.fi\/en\/#website"},"primaryImageOfPage":{"@id":"https:\/\/www.airpower.fi\/en\/product\/brush-for-rectangular-duct-m12-o600\/#primaryimage"},"image":{"@id":"https:\/\/www.airpower.fi\/en\/product\/brush-for-rectangular-duct-m12-o600\/#primaryimage"},"thumbnailUrl":"https:\/\/www.airpower.fi\/wpc\/uploads\/2025\/06\/40060_Yhdistelmaharja_600_M12_AirPower.jpg","datePublished":"2025-06-05T11:03:04+00:00","dateModified":"2025-08-20T06:53:22+00:00","breadcrumb":{"@id":"https:\/\/www.airpower.fi\/en\/product\/brush-for-rectangular-duct-m12-o600\/#breadcrumb"},"inLanguage":"en-US","potentialAction":[{"@type":"ReadAction","target":["https:\/\/www.airpower.fi\/en\/product\/brush-for-rectangular-duct-m12-o600\/"]}]},{"@type":"ImageObject","inLanguage":"en-US","@id":"https:\/\/www.airpower.fi\/en\/product\/brush-for-rectangular-duct-m12-o600\/#primaryimage","url":"https:\/\/www.airpower.fi\/wpc\/uploads\/2025\/06\/40060_Yhdistelmaharja_600_M12_AirPower.jpg","contentUrl":"https:\/\/www.airpower.fi\/wpc\/uploads\/2025\/06\/40060_Yhdistelmaharja_600_M12_AirPower.jpg","width":1000,"height":1000},{"@type":"BreadcrumbList","@id":"https:\/\/www.airpower.fi\/en\/product\/brush-for-rectangular-duct-m12-o600\/#breadcrumb","itemListElement":[{"@type":"ListItem","position":1,"name":"Home","item":"https:\/\/www.airpower.fi\/en\/"},{"@type":"ListItem","position":2,"name":"Products","item":"https:\/\/www.airpower.fi\/tuotteet\/"},{"@type":"ListItem","position":3,"name":"Brush for rectangular duct M12 \u00f8600"}]},{"@type":"WebSite","@id":"https:\/\/www.airpower.fi\/en\/#website","url":"https:\/\/www.airpower.fi\/en\/","name":"AirPower - Puhtaan ilman puolesta","description":"Ratkaisut ilmastointikanavien puhdistukseen ja tarkastukseen","alternateName":"R\u00e4\u00e4kkyl\u00e4n Pelti- ja Metallity\u00f6 Oy","potentialAction":[{"@type":"SearchAction","target":{"@type":"EntryPoint","urlTemplate":"https:\/\/www.airpower.fi\/en\/?s={search_term_string}"},"query-input":{"@type":"PropertyValueSpecification","valueRequired":true,"valueName":"search_term_string"}}],"inLanguage":"en-US"}]}},"_links":{"self":[{"href":"https:\/\/www.airpower.fi\/en\/wp-json\/wp\/v2\/product\/1753","targetHints":{"allow":["GET"]}}],"collection":[{"href":"https:\/\/www.airpower.fi\/en\/wp-json\/wp\/v2\/product"}],"about":[{"href":"https:\/\/www.airpower.fi\/en\/wp-json\/wp\/v2\/types\/product"}],"wp:featuredmedia":[{"embeddable":true,"href":"https:\/\/www.airpower.fi\/en\/wp-json\/wp\/v2\/media\/1335"}],"wp:attachment":[{"href":"https:\/\/www.airpower.fi\/en\/wp-json\/wp\/v2\/media?parent=1753"}],"wp:term":[{"taxonomy":"product_brand","embeddable":true,"href":"https:\/\/www.airpower.fi\/en\/wp-json\/wp\/v2\/product_brand?post=1753"},{"taxonomy":"product_cat","embeddable":true,"href":"https:\/\/www.airpower.fi\/en\/wp-json\/wp\/v2\/product_cat?post=1753"},{"taxonomy":"product_tag","embeddable":true,"href":"https:\/\/www.airpower.fi\/en\/wp-json\/wp\/v2\/product_tag?post=1753"}],"curies":[{"name":"wp","href":"https:\/\/api.w.org\/{rel}","templated":true}]}}