{"id":1784,"date":"2025-06-05T14:03:06","date_gmt":"2025-06-05T11:03:06","guid":{"rendered":"https:\/\/www.airpower.fi\/tuote\/brush-for-rectangular-duct-plastic-o800\/"},"modified":"2025-08-20T09:46:40","modified_gmt":"2025-08-20T06:46:40","slug":"brush-for-rectangular-duct-plastic-o800","status":"publish","type":"product","link":"https:\/\/www.airpower.fi\/en\/product\/brush-for-rectangular-duct-plastic-o800\/","title":{"rendered":"Brush for rectangular duct plastic \u00f8800"},"content":{"rendered":"<p data-start=\"218\" data-end=\"435\">The combination brush is specially designed for cleaning rectangular\/square ducts. Its lightweight outer bristles ensure that, when rotating, they reach all the way into the duct corners for thorough cleaning.<\/p>\n<p data-start=\"437\" data-end=\"617\">The stiffer bristles in the center provide stability and support, keeping the brush steady inside the duct. Versatile in use, the brush is also suitable for cleaning round ducts.<\/p>\n<p>\u00f825mm mounting hole with keyway. Clamping adapter M18-M12 brush mounting<\/p>\n<p data-start=\"709\" data-end=\"733\">Compatible with:<\/p>\n<p data-start=\"709\" data-end=\"733\">Brush machines: Kela Master K15\/Junior, K20, K30<\/p>\n<p data-start=\"789\" data-end=\"847\">Drill shafts: Ultra-shafts and flexible shafts (8\u201312 mm)<\/p>\n","protected":false},"excerpt":{"rendered":"<p>Brush for rectangular duct 800 plastic (D25 + keyway)<\/p>\n","protected":false},"featured_media":1339,"template":"","meta":[],"product_brand":[],"product_cat":[244],"product_tag":[310,280,330,331,318,257],"class_list":{"0":"post-1784","1":"product","2":"type-product","3":"status-publish","4":"has-post-thumbnail","6":"product_cat-combination-plastic-brushes-rectangular-duct","7":"product_tag-air-duct-cleaning-brush","8":"product_tag-cleaning-brush","9":"product_tag-plastic-frame","10":"product_tag-plastic-frame-brush","11":"product_tag-rectangular-duct","12":"product_tag-ventilation-duct","14":"first","15":"instock","16":"shipping-taxable","17":"purchasable","18":"product-type-simple"},"yoast_head":"<!-- This site is optimized with the Yoast SEO plugin v27.2 - https:\/\/yoast.com\/product\/yoast-seo-wordpress\/ -->\n<title>Brush for rectangular duct plastic \u00f8800 - AirPower - Puhtaan ilman puolesta<\/title>\n<meta name=\"robots\" content=\"index, follow, max-snippet:-1, max-image-preview:large, max-video-preview:-1\" \/>\n<link rel=\"canonical\" href=\"https:\/\/www.airpower.fi\/en\/product\/brush-for-rectangular-duct-plastic-o800\/\" \/>\n<meta property=\"og:locale\" content=\"en_US\" \/>\n<meta property=\"og:type\" content=\"article\" \/>\n<meta property=\"og:title\" content=\"Brush for rectangular duct plastic \u00f8800 - AirPower - Puhtaan ilman puolesta\" \/>\n<meta property=\"og:description\" content=\"Brush for rectangular duct 800 plastic (D25 + keyway)\" \/>\n<meta property=\"og:url\" content=\"https:\/\/www.airpower.fi\/en\/product\/brush-for-rectangular-duct-plastic-o800\/\" \/>\n<meta property=\"og:site_name\" content=\"AirPower - Puhtaan ilman puolesta\" \/>\n<meta property=\"article:modified_time\" content=\"2025-08-20T06:46:40+00:00\" \/>\n<meta property=\"og:image\" content=\"https:\/\/www.airpower.fi\/wpc\/uploads\/2025\/06\/50080_Yhdistelmaharja_800_Muovi_AirPower.jpg\" \/>\n\t<meta property=\"og:image:width\" content=\"1000\" \/>\n\t<meta property=\"og:image:height\" content=\"1000\" \/>\n\t<meta property=\"og:image:type\" content=\"image\/jpeg\" \/>\n<meta name=\"twitter:card\" content=\"summary_large_image\" \/>\n<meta name=\"twitter:label1\" content=\"Est. reading time\" \/>\n\t<meta name=\"twitter:data1\" content=\"1 minute\" \/>\n<script type=\"application\/ld+json\" class=\"yoast-schema-graph\">{\"@context\":\"https:\/\/schema.org\",\"@graph\":[{\"@type\":\"WebPage\",\"@id\":\"https:\/\/www.airpower.fi\/en\/product\/brush-for-rectangular-duct-plastic-o800\/\",\"url\":\"https:\/\/www.airpower.fi\/en\/product\/brush-for-rectangular-duct-plastic-o800\/\",\"name\":\"Brush for rectangular duct plastic \u00f8800 - AirPower - Puhtaan ilman puolesta\",\"isPartOf\":{\"@id\":\"https:\/\/www.airpower.fi\/en\/#website\"},\"primaryImageOfPage\":{\"@id\":\"https:\/\/www.airpower.fi\/en\/product\/brush-for-rectangular-duct-plastic-o800\/#primaryimage\"},\"image\":{\"@id\":\"https:\/\/www.airpower.fi\/en\/product\/brush-for-rectangular-duct-plastic-o800\/#primaryimage\"},\"thumbnailUrl\":\"https:\/\/www.airpower.fi\/wpc\/uploads\/2025\/06\/50080_Yhdistelmaharja_800_Muovi_AirPower.jpg\",\"datePublished\":\"2025-06-05T11:03:06+00:00\",\"dateModified\":\"2025-08-20T06:46:40+00:00\",\"breadcrumb\":{\"@id\":\"https:\/\/www.airpower.fi\/en\/product\/brush-for-rectangular-duct-plastic-o800\/#breadcrumb\"},\"inLanguage\":\"en-US\",\"potentialAction\":[{\"@type\":\"ReadAction\",\"target\":[\"https:\/\/www.airpower.fi\/en\/product\/brush-for-rectangular-duct-plastic-o800\/\"]}]},{\"@type\":\"ImageObject\",\"inLanguage\":\"en-US\",\"@id\":\"https:\/\/www.airpower.fi\/en\/product\/brush-for-rectangular-duct-plastic-o800\/#primaryimage\",\"url\":\"https:\/\/www.airpower.fi\/wpc\/uploads\/2025\/06\/50080_Yhdistelmaharja_800_Muovi_AirPower.jpg\",\"contentUrl\":\"https:\/\/www.airpower.fi\/wpc\/uploads\/2025\/06\/50080_Yhdistelmaharja_800_Muovi_AirPower.jpg\",\"width\":1000,\"height\":1000},{\"@type\":\"BreadcrumbList\",\"@id\":\"https:\/\/www.airpower.fi\/en\/product\/brush-for-rectangular-duct-plastic-o800\/#breadcrumb\",\"itemListElement\":[{\"@type\":\"ListItem\",\"position\":1,\"name\":\"Home\",\"item\":\"https:\/\/www.airpower.fi\/en\/\"},{\"@type\":\"ListItem\",\"position\":2,\"name\":\"Products\",\"item\":\"https:\/\/www.airpower.fi\/tuotteet\/\"},{\"@type\":\"ListItem\",\"position\":3,\"name\":\"Brush for rectangular duct plastic \u00f8800\"}]},{\"@type\":\"WebSite\",\"@id\":\"https:\/\/www.airpower.fi\/en\/#website\",\"url\":\"https:\/\/www.airpower.fi\/en\/\",\"name\":\"AirPower - Puhtaan ilman puolesta\",\"description\":\"Ratkaisut ilmastointikanavien puhdistukseen ja tarkastukseen\",\"alternateName\":\"R\u00e4\u00e4kkyl\u00e4n Pelti- ja Metallity\u00f6 Oy\",\"potentialAction\":[{\"@type\":\"SearchAction\",\"target\":{\"@type\":\"EntryPoint\",\"urlTemplate\":\"https:\/\/www.airpower.fi\/en\/?s={search_term_string}\"},\"query-input\":{\"@type\":\"PropertyValueSpecification\",\"valueRequired\":true,\"valueName\":\"search_term_string\"}}],\"inLanguage\":\"en-US\"}]}<\/script>\n<!-- \/ Yoast SEO plugin. -->","yoast_head_json":{"title":"Brush for rectangular duct plastic \u00f8800 - AirPower - Puhtaan ilman puolesta","robots":{"index":"index","follow":"follow","max-snippet":"max-snippet:-1","max-image-preview":"max-image-preview:large","max-video-preview":"max-video-preview:-1"},"canonical":"https:\/\/www.airpower.fi\/en\/product\/brush-for-rectangular-duct-plastic-o800\/","og_locale":"en_US","og_type":"article","og_title":"Brush for rectangular duct plastic \u00f8800 - AirPower - Puhtaan ilman puolesta","og_description":"Brush for rectangular duct 800 plastic (D25 + keyway)","og_url":"https:\/\/www.airpower.fi\/en\/product\/brush-for-rectangular-duct-plastic-o800\/","og_site_name":"AirPower - Puhtaan ilman puolesta","article_modified_time":"2025-08-20T06:46:40+00:00","og_image":[{"width":1000,"height":1000,"url":"https:\/\/www.airpower.fi\/wpc\/uploads\/2025\/06\/50080_Yhdistelmaharja_800_Muovi_AirPower.jpg","type":"image\/jpeg"}],"twitter_card":"summary_large_image","twitter_misc":{"Est. reading time":"1 minute"},"schema":{"@context":"https:\/\/schema.org","@graph":[{"@type":"WebPage","@id":"https:\/\/www.airpower.fi\/en\/product\/brush-for-rectangular-duct-plastic-o800\/","url":"https:\/\/www.airpower.fi\/en\/product\/brush-for-rectangular-duct-plastic-o800\/","name":"Brush for rectangular duct plastic \u00f8800 - AirPower - Puhtaan ilman puolesta","isPartOf":{"@id":"https:\/\/www.airpower.fi\/en\/#website"},"primaryImageOfPage":{"@id":"https:\/\/www.airpower.fi\/en\/product\/brush-for-rectangular-duct-plastic-o800\/#primaryimage"},"image":{"@id":"https:\/\/www.airpower.fi\/en\/product\/brush-for-rectangular-duct-plastic-o800\/#primaryimage"},"thumbnailUrl":"https:\/\/www.airpower.fi\/wpc\/uploads\/2025\/06\/50080_Yhdistelmaharja_800_Muovi_AirPower.jpg","datePublished":"2025-06-05T11:03:06+00:00","dateModified":"2025-08-20T06:46:40+00:00","breadcrumb":{"@id":"https:\/\/www.airpower.fi\/en\/product\/brush-for-rectangular-duct-plastic-o800\/#breadcrumb"},"inLanguage":"en-US","potentialAction":[{"@type":"ReadAction","target":["https:\/\/www.airpower.fi\/en\/product\/brush-for-rectangular-duct-plastic-o800\/"]}]},{"@type":"ImageObject","inLanguage":"en-US","@id":"https:\/\/www.airpower.fi\/en\/product\/brush-for-rectangular-duct-plastic-o800\/#primaryimage","url":"https:\/\/www.airpower.fi\/wpc\/uploads\/2025\/06\/50080_Yhdistelmaharja_800_Muovi_AirPower.jpg","contentUrl":"https:\/\/www.airpower.fi\/wpc\/uploads\/2025\/06\/50080_Yhdistelmaharja_800_Muovi_AirPower.jpg","width":1000,"height":1000},{"@type":"BreadcrumbList","@id":"https:\/\/www.airpower.fi\/en\/product\/brush-for-rectangular-duct-plastic-o800\/#breadcrumb","itemListElement":[{"@type":"ListItem","position":1,"name":"Home","item":"https:\/\/www.airpower.fi\/en\/"},{"@type":"ListItem","position":2,"name":"Products","item":"https:\/\/www.airpower.fi\/tuotteet\/"},{"@type":"ListItem","position":3,"name":"Brush for rectangular duct plastic \u00f8800"}]},{"@type":"WebSite","@id":"https:\/\/www.airpower.fi\/en\/#website","url":"https:\/\/www.airpower.fi\/en\/","name":"AirPower - Puhtaan ilman puolesta","description":"Ratkaisut ilmastointikanavien puhdistukseen ja tarkastukseen","alternateName":"R\u00e4\u00e4kkyl\u00e4n Pelti- ja Metallity\u00f6 Oy","potentialAction":[{"@type":"SearchAction","target":{"@type":"EntryPoint","urlTemplate":"https:\/\/www.airpower.fi\/en\/?s={search_term_string}"},"query-input":{"@type":"PropertyValueSpecification","valueRequired":true,"valueName":"search_term_string"}}],"inLanguage":"en-US"}]}},"_links":{"self":[{"href":"https:\/\/www.airpower.fi\/en\/wp-json\/wp\/v2\/product\/1784","targetHints":{"allow":["GET"]}}],"collection":[{"href":"https:\/\/www.airpower.fi\/en\/wp-json\/wp\/v2\/product"}],"about":[{"href":"https:\/\/www.airpower.fi\/en\/wp-json\/wp\/v2\/types\/product"}],"wp:featuredmedia":[{"embeddable":true,"href":"https:\/\/www.airpower.fi\/en\/wp-json\/wp\/v2\/media\/1339"}],"wp:attachment":[{"href":"https:\/\/www.airpower.fi\/en\/wp-json\/wp\/v2\/media?parent=1784"}],"wp:term":[{"taxonomy":"product_brand","embeddable":true,"href":"https:\/\/www.airpower.fi\/en\/wp-json\/wp\/v2\/product_brand?post=1784"},{"taxonomy":"product_cat","embeddable":true,"href":"https:\/\/www.airpower.fi\/en\/wp-json\/wp\/v2\/product_cat?post=1784"},{"taxonomy":"product_tag","embeddable":true,"href":"https:\/\/www.airpower.fi\/en\/wp-json\/wp\/v2\/product_tag?post=1784"}],"curies":[{"name":"wp","href":"https:\/\/api.w.org\/{rel}","templated":true}]}}