{"id":1792,"date":"2025-06-05T14:03:08","date_gmt":"2025-06-05T11:03:08","guid":{"rendered":"https:\/\/www.airpower.fi\/tuote\/brush-plastic-o315\/"},"modified":"2025-08-18T16:40:56","modified_gmt":"2025-08-18T13:40:56","slug":"brush-plastic-o315","status":"publish","type":"product","link":"https:\/\/www.airpower.fi\/en\/product\/brush-plastic-o315\/","title":{"rendered":"Brush Plastic \u00f8315"},"content":{"rendered":"<p data-start=\"40\" data-end=\"88\">Plastic-Body Brush for \u00d8315mm Round Ducts<\/p>\n<p data-start=\"90\" data-end=\"127\">Brush with blue and white bristles.<\/p>\n<p data-start=\"129\" data-end=\"236\">The bristles in the center of the brush are firmer to help maintain stability while cleaning in the duct.<\/p>\n<p data-start=\"238\" data-end=\"353\">A good general-purpose brush for HVAC duct cleaning, slightly softer in bristles compared to twisted M12 brushes.<\/p>\n<p data-start=\"355\" data-end=\"377\">Compatible with:<\/p>\n<ul data-start=\"378\" data-end=\"486\" data-is-last-node=\"\" data-is-only-node=\"\">\n<li data-start=\"378\" data-end=\"430\">\n<p data-start=\"380\" data-end=\"430\">Brush machines: Kela Master K15\/Junior, K20, K30<\/p>\n<\/li>\n<li data-start=\"431\" data-end=\"486\" data-is-last-node=\"\">\n<p data-start=\"433\" data-end=\"486\" data-is-last-node=\"\">Drill shafts: Ultra shafts and flexible shafts 8\u201312mm<\/p>\n<\/li>\n<\/ul>\n","protected":false},"excerpt":{"rendered":"<p>Brush 315 plastic (D25 + keyway)<\/p>\n","protected":false},"featured_media":826,"template":"","meta":[],"product_brand":[],"product_cat":[234],"product_tag":[310,280,330,331,338,257],"class_list":{"0":"post-1792","1":"product","2":"type-product","3":"status-publish","4":"has-post-thumbnail","6":"product_cat-plastic-brushes-round-duct","7":"product_tag-air-duct-cleaning-brush","8":"product_tag-cleaning-brush","9":"product_tag-plastic-frame","10":"product_tag-plastic-frame-brush","11":"product_tag-rounded-duct","12":"product_tag-ventilation-duct","14":"first","15":"instock","16":"shipping-taxable","17":"purchasable","18":"product-type-simple"},"yoast_head":"<!-- This site is optimized with the Yoast SEO plugin v27.2 - https:\/\/yoast.com\/product\/yoast-seo-wordpress\/ -->\n<title>Brush Plastic \u00f8315 - AirPower - Puhtaan ilman puolesta<\/title>\n<meta name=\"robots\" content=\"index, follow, max-snippet:-1, max-image-preview:large, max-video-preview:-1\" \/>\n<link rel=\"canonical\" href=\"https:\/\/www.airpower.fi\/en\/product\/brush-plastic-o315\/\" \/>\n<meta property=\"og:locale\" content=\"en_US\" \/>\n<meta property=\"og:type\" content=\"article\" \/>\n<meta property=\"og:title\" content=\"Brush Plastic \u00f8315 - AirPower - Puhtaan ilman puolesta\" \/>\n<meta property=\"og:description\" content=\"Brush 315 plastic (D25 + keyway)\" \/>\n<meta property=\"og:url\" content=\"https:\/\/www.airpower.fi\/en\/product\/brush-plastic-o315\/\" \/>\n<meta property=\"og:site_name\" content=\"AirPower - Puhtaan ilman puolesta\" \/>\n<meta property=\"article:modified_time\" content=\"2025-08-18T13:40:56+00:00\" \/>\n<meta property=\"og:image\" content=\"https:\/\/www.airpower.fi\/wpc\/uploads\/2025\/06\/50315-Harja-muovirunko_315_AirPower.jpg\" \/>\n\t<meta property=\"og:image:width\" content=\"1000\" \/>\n\t<meta property=\"og:image:height\" content=\"1000\" \/>\n\t<meta property=\"og:image:type\" content=\"image\/jpeg\" \/>\n<meta name=\"twitter:card\" content=\"summary_large_image\" \/>\n<meta name=\"twitter:label1\" content=\"Est. reading time\" \/>\n\t<meta name=\"twitter:data1\" content=\"1 minute\" \/>\n<script type=\"application\/ld+json\" class=\"yoast-schema-graph\">{\"@context\":\"https:\/\/schema.org\",\"@graph\":[{\"@type\":\"WebPage\",\"@id\":\"https:\/\/www.airpower.fi\/en\/product\/brush-plastic-o315\/\",\"url\":\"https:\/\/www.airpower.fi\/en\/product\/brush-plastic-o315\/\",\"name\":\"Brush Plastic \u00f8315 - AirPower - Puhtaan ilman puolesta\",\"isPartOf\":{\"@id\":\"https:\/\/www.airpower.fi\/en\/#website\"},\"primaryImageOfPage\":{\"@id\":\"https:\/\/www.airpower.fi\/en\/product\/brush-plastic-o315\/#primaryimage\"},\"image\":{\"@id\":\"https:\/\/www.airpower.fi\/en\/product\/brush-plastic-o315\/#primaryimage\"},\"thumbnailUrl\":\"https:\/\/www.airpower.fi\/wpc\/uploads\/2025\/06\/50315-Harja-muovirunko_315_AirPower.jpg\",\"datePublished\":\"2025-06-05T11:03:08+00:00\",\"dateModified\":\"2025-08-18T13:40:56+00:00\",\"breadcrumb\":{\"@id\":\"https:\/\/www.airpower.fi\/en\/product\/brush-plastic-o315\/#breadcrumb\"},\"inLanguage\":\"en-US\",\"potentialAction\":[{\"@type\":\"ReadAction\",\"target\":[\"https:\/\/www.airpower.fi\/en\/product\/brush-plastic-o315\/\"]}]},{\"@type\":\"ImageObject\",\"inLanguage\":\"en-US\",\"@id\":\"https:\/\/www.airpower.fi\/en\/product\/brush-plastic-o315\/#primaryimage\",\"url\":\"https:\/\/www.airpower.fi\/wpc\/uploads\/2025\/06\/50315-Harja-muovirunko_315_AirPower.jpg\",\"contentUrl\":\"https:\/\/www.airpower.fi\/wpc\/uploads\/2025\/06\/50315-Harja-muovirunko_315_AirPower.jpg\",\"width\":1000,\"height\":1000},{\"@type\":\"BreadcrumbList\",\"@id\":\"https:\/\/www.airpower.fi\/en\/product\/brush-plastic-o315\/#breadcrumb\",\"itemListElement\":[{\"@type\":\"ListItem\",\"position\":1,\"name\":\"Home\",\"item\":\"https:\/\/www.airpower.fi\/en\/\"},{\"@type\":\"ListItem\",\"position\":2,\"name\":\"Products\",\"item\":\"https:\/\/www.airpower.fi\/tuotteet\/\"},{\"@type\":\"ListItem\",\"position\":3,\"name\":\"Brush Plastic \u00f8315\"}]},{\"@type\":\"WebSite\",\"@id\":\"https:\/\/www.airpower.fi\/en\/#website\",\"url\":\"https:\/\/www.airpower.fi\/en\/\",\"name\":\"AirPower - Puhtaan ilman puolesta\",\"description\":\"Ratkaisut ilmastointikanavien puhdistukseen ja tarkastukseen\",\"alternateName\":\"R\u00e4\u00e4kkyl\u00e4n Pelti- ja Metallity\u00f6 Oy\",\"potentialAction\":[{\"@type\":\"SearchAction\",\"target\":{\"@type\":\"EntryPoint\",\"urlTemplate\":\"https:\/\/www.airpower.fi\/en\/?s={search_term_string}\"},\"query-input\":{\"@type\":\"PropertyValueSpecification\",\"valueRequired\":true,\"valueName\":\"search_term_string\"}}],\"inLanguage\":\"en-US\"}]}<\/script>\n<!-- \/ Yoast SEO plugin. -->","yoast_head_json":{"title":"Brush Plastic \u00f8315 - AirPower - Puhtaan ilman puolesta","robots":{"index":"index","follow":"follow","max-snippet":"max-snippet:-1","max-image-preview":"max-image-preview:large","max-video-preview":"max-video-preview:-1"},"canonical":"https:\/\/www.airpower.fi\/en\/product\/brush-plastic-o315\/","og_locale":"en_US","og_type":"article","og_title":"Brush Plastic \u00f8315 - AirPower - Puhtaan ilman puolesta","og_description":"Brush 315 plastic (D25 + keyway)","og_url":"https:\/\/www.airpower.fi\/en\/product\/brush-plastic-o315\/","og_site_name":"AirPower - Puhtaan ilman puolesta","article_modified_time":"2025-08-18T13:40:56+00:00","og_image":[{"width":1000,"height":1000,"url":"https:\/\/www.airpower.fi\/wpc\/uploads\/2025\/06\/50315-Harja-muovirunko_315_AirPower.jpg","type":"image\/jpeg"}],"twitter_card":"summary_large_image","twitter_misc":{"Est. reading time":"1 minute"},"schema":{"@context":"https:\/\/schema.org","@graph":[{"@type":"WebPage","@id":"https:\/\/www.airpower.fi\/en\/product\/brush-plastic-o315\/","url":"https:\/\/www.airpower.fi\/en\/product\/brush-plastic-o315\/","name":"Brush Plastic \u00f8315 - AirPower - Puhtaan ilman puolesta","isPartOf":{"@id":"https:\/\/www.airpower.fi\/en\/#website"},"primaryImageOfPage":{"@id":"https:\/\/www.airpower.fi\/en\/product\/brush-plastic-o315\/#primaryimage"},"image":{"@id":"https:\/\/www.airpower.fi\/en\/product\/brush-plastic-o315\/#primaryimage"},"thumbnailUrl":"https:\/\/www.airpower.fi\/wpc\/uploads\/2025\/06\/50315-Harja-muovirunko_315_AirPower.jpg","datePublished":"2025-06-05T11:03:08+00:00","dateModified":"2025-08-18T13:40:56+00:00","breadcrumb":{"@id":"https:\/\/www.airpower.fi\/en\/product\/brush-plastic-o315\/#breadcrumb"},"inLanguage":"en-US","potentialAction":[{"@type":"ReadAction","target":["https:\/\/www.airpower.fi\/en\/product\/brush-plastic-o315\/"]}]},{"@type":"ImageObject","inLanguage":"en-US","@id":"https:\/\/www.airpower.fi\/en\/product\/brush-plastic-o315\/#primaryimage","url":"https:\/\/www.airpower.fi\/wpc\/uploads\/2025\/06\/50315-Harja-muovirunko_315_AirPower.jpg","contentUrl":"https:\/\/www.airpower.fi\/wpc\/uploads\/2025\/06\/50315-Harja-muovirunko_315_AirPower.jpg","width":1000,"height":1000},{"@type":"BreadcrumbList","@id":"https:\/\/www.airpower.fi\/en\/product\/brush-plastic-o315\/#breadcrumb","itemListElement":[{"@type":"ListItem","position":1,"name":"Home","item":"https:\/\/www.airpower.fi\/en\/"},{"@type":"ListItem","position":2,"name":"Products","item":"https:\/\/www.airpower.fi\/tuotteet\/"},{"@type":"ListItem","position":3,"name":"Brush Plastic \u00f8315"}]},{"@type":"WebSite","@id":"https:\/\/www.airpower.fi\/en\/#website","url":"https:\/\/www.airpower.fi\/en\/","name":"AirPower - Puhtaan ilman puolesta","description":"Ratkaisut ilmastointikanavien puhdistukseen ja tarkastukseen","alternateName":"R\u00e4\u00e4kkyl\u00e4n Pelti- ja Metallity\u00f6 Oy","potentialAction":[{"@type":"SearchAction","target":{"@type":"EntryPoint","urlTemplate":"https:\/\/www.airpower.fi\/en\/?s={search_term_string}"},"query-input":{"@type":"PropertyValueSpecification","valueRequired":true,"valueName":"search_term_string"}}],"inLanguage":"en-US"}]}},"_links":{"self":[{"href":"https:\/\/www.airpower.fi\/en\/wp-json\/wp\/v2\/product\/1792","targetHints":{"allow":["GET"]}}],"collection":[{"href":"https:\/\/www.airpower.fi\/en\/wp-json\/wp\/v2\/product"}],"about":[{"href":"https:\/\/www.airpower.fi\/en\/wp-json\/wp\/v2\/types\/product"}],"wp:featuredmedia":[{"embeddable":true,"href":"https:\/\/www.airpower.fi\/en\/wp-json\/wp\/v2\/media\/826"}],"wp:attachment":[{"href":"https:\/\/www.airpower.fi\/en\/wp-json\/wp\/v2\/media?parent=1792"}],"wp:term":[{"taxonomy":"product_brand","embeddable":true,"href":"https:\/\/www.airpower.fi\/en\/wp-json\/wp\/v2\/product_brand?post=1792"},{"taxonomy":"product_cat","embeddable":true,"href":"https:\/\/www.airpower.fi\/en\/wp-json\/wp\/v2\/product_cat?post=1792"},{"taxonomy":"product_tag","embeddable":true,"href":"https:\/\/www.airpower.fi\/en\/wp-json\/wp\/v2\/product_tag?post=1792"}],"curies":[{"name":"wp","href":"https:\/\/api.w.org\/{rel}","templated":true}]}}