{"id":1804,"date":"2025-06-05T14:03:10","date_gmt":"2025-06-05T11:03:10","guid":{"rendered":"https:\/\/www.airpower.fi\/tuote\/cotter-pin-brush-set-o100-o200\/"},"modified":"2025-08-18T16:08:46","modified_gmt":"2025-08-18T13:08:46","slug":"cotter-pin-brush-set-o100-o200","status":"publish","type":"product","link":"https:\/\/www.airpower.fi\/en\/product\/cotter-pin-brush-set-o100-o200\/","title":{"rendered":"Cotter pin brush set \u00f8100 -\u00f8200"},"content":{"rendered":"<p data-start=\"40\" data-end=\"125\">8mm Cotter pin-Shaft Brush Set \u2013 White-Yellow, Traditional Model for \u00d8100\u2013\u00d8200mm Ducts<\/p>\n<p data-start=\"127\" data-end=\"273\">This brush set is designed for 8mm pin-shafts and duct sizes \u00d8100\u2013\u00d8200mm. The set includes 4 brushes: 50101100, 50101125, 5010160, and 50101200.<\/p>\n<p data-start=\"275\" data-end=\"312\">The brushes are attached with pins.<\/p>\n<p data-start=\"314\" data-end=\"368\">Pins for attachment are included with the brush set.<\/p>\n","protected":false},"excerpt":{"rendered":"<p>Cotter pin brush set, plastic, 100-200, 4 pcs (D10 + socket attachment)<\/p>\n","protected":false},"featured_media":574,"template":"","meta":[],"product_brand":[],"product_cat":[240],"product_tag":[310,280,330,338,346,257],"class_list":{"0":"post-1804","1":"product","2":"type-product","3":"status-publish","4":"has-post-thumbnail","6":"product_cat-cotter-pin-brushes","7":"product_tag-air-duct-cleaning-brush","8":"product_tag-cleaning-brush","9":"product_tag-plastic-frame","10":"product_tag-rounded-duct","11":"product_tag-shock-axle-brush","12":"product_tag-ventilation-duct","14":"first","15":"instock","16":"shipping-taxable","17":"purchasable","18":"product-type-simple"},"yoast_head":"<!-- This site is optimized with the Yoast SEO plugin v27.4 - https:\/\/yoast.com\/product\/yoast-seo-wordpress\/ -->\n<title>Cotter pin brush set \u00f8100 -\u00f8200 - AirPower - Puhtaan ilman puolesta<\/title>\n<meta name=\"robots\" content=\"index, follow, max-snippet:-1, max-image-preview:large, max-video-preview:-1\" \/>\n<link rel=\"canonical\" href=\"https:\/\/www.airpower.fi\/en\/product\/cotter-pin-brush-set-o100-o200\/\" \/>\n<meta property=\"og:locale\" content=\"en_US\" \/>\n<meta property=\"og:type\" content=\"article\" \/>\n<meta property=\"og:title\" content=\"Cotter pin brush set \u00f8100 -\u00f8200 - AirPower - Puhtaan ilman puolesta\" \/>\n<meta property=\"og:description\" content=\"Cotter pin brush set, plastic, 100-200, 4 pcs (D10 + socket attachment)\" \/>\n<meta property=\"og:url\" content=\"https:\/\/www.airpower.fi\/en\/product\/cotter-pin-brush-set-o100-o200\/\" \/>\n<meta property=\"og:site_name\" content=\"AirPower - Puhtaan ilman puolesta\" \/>\n<meta property=\"article:modified_time\" content=\"2025-08-18T13:08:46+00:00\" \/>\n<meta property=\"og:image\" content=\"https:\/\/www.airpower.fi\/wpc\/uploads\/2025\/06\/50100200-4-sokkaharjasarja-100-200_airpower.jpg\" \/>\n\t<meta property=\"og:image:width\" content=\"1000\" \/>\n\t<meta property=\"og:image:height\" content=\"1000\" \/>\n\t<meta property=\"og:image:type\" content=\"image\/jpeg\" \/>\n<meta name=\"twitter:card\" content=\"summary_large_image\" \/>\n<meta name=\"twitter:label1\" content=\"Est. reading time\" \/>\n\t<meta name=\"twitter:data1\" content=\"1 minute\" \/>\n<script type=\"application\/ld+json\" class=\"yoast-schema-graph\">{\"@context\":\"https:\\\/\\\/schema.org\",\"@graph\":[{\"@type\":\"WebPage\",\"@id\":\"https:\\\/\\\/www.airpower.fi\\\/en\\\/product\\\/cotter-pin-brush-set-o100-o200\\\/\",\"url\":\"https:\\\/\\\/www.airpower.fi\\\/en\\\/product\\\/cotter-pin-brush-set-o100-o200\\\/\",\"name\":\"Cotter pin brush set \u00f8100 -\u00f8200 - AirPower - Puhtaan ilman puolesta\",\"isPartOf\":{\"@id\":\"https:\\\/\\\/www.airpower.fi\\\/en\\\/#website\"},\"primaryImageOfPage\":{\"@id\":\"https:\\\/\\\/www.airpower.fi\\\/en\\\/product\\\/cotter-pin-brush-set-o100-o200\\\/#primaryimage\"},\"image\":{\"@id\":\"https:\\\/\\\/www.airpower.fi\\\/en\\\/product\\\/cotter-pin-brush-set-o100-o200\\\/#primaryimage\"},\"thumbnailUrl\":\"https:\\\/\\\/www.airpower.fi\\\/wpc\\\/uploads\\\/2025\\\/06\\\/50100200-4-sokkaharjasarja-100-200_airpower.jpg\",\"datePublished\":\"2025-06-05T11:03:10+00:00\",\"dateModified\":\"2025-08-18T13:08:46+00:00\",\"breadcrumb\":{\"@id\":\"https:\\\/\\\/www.airpower.fi\\\/en\\\/product\\\/cotter-pin-brush-set-o100-o200\\\/#breadcrumb\"},\"inLanguage\":\"en-US\",\"potentialAction\":[{\"@type\":\"ReadAction\",\"target\":[\"https:\\\/\\\/www.airpower.fi\\\/en\\\/product\\\/cotter-pin-brush-set-o100-o200\\\/\"]}]},{\"@type\":\"ImageObject\",\"inLanguage\":\"en-US\",\"@id\":\"https:\\\/\\\/www.airpower.fi\\\/en\\\/product\\\/cotter-pin-brush-set-o100-o200\\\/#primaryimage\",\"url\":\"https:\\\/\\\/www.airpower.fi\\\/wpc\\\/uploads\\\/2025\\\/06\\\/50100200-4-sokkaharjasarja-100-200_airpower.jpg\",\"contentUrl\":\"https:\\\/\\\/www.airpower.fi\\\/wpc\\\/uploads\\\/2025\\\/06\\\/50100200-4-sokkaharjasarja-100-200_airpower.jpg\",\"width\":1000,\"height\":1000},{\"@type\":\"BreadcrumbList\",\"@id\":\"https:\\\/\\\/www.airpower.fi\\\/en\\\/product\\\/cotter-pin-brush-set-o100-o200\\\/#breadcrumb\",\"itemListElement\":[{\"@type\":\"ListItem\",\"position\":1,\"name\":\"Home\",\"item\":\"https:\\\/\\\/www.airpower.fi\\\/en\\\/\"},{\"@type\":\"ListItem\",\"position\":2,\"name\":\"Products\",\"item\":\"https:\\\/\\\/www.airpower.fi\\\/tuotteet\\\/\"},{\"@type\":\"ListItem\",\"position\":3,\"name\":\"Cotter pin brush set \u00f8100 -\u00f8200\"}]},{\"@type\":\"WebSite\",\"@id\":\"https:\\\/\\\/www.airpower.fi\\\/en\\\/#website\",\"url\":\"https:\\\/\\\/www.airpower.fi\\\/en\\\/\",\"name\":\"AirPower - Puhtaan ilman puolesta\",\"description\":\"Ratkaisut ilmastointikanavien puhdistukseen ja tarkastukseen\",\"alternateName\":\"R\u00e4\u00e4kkyl\u00e4n Pelti- ja Metallity\u00f6 Oy\",\"potentialAction\":[{\"@type\":\"SearchAction\",\"target\":{\"@type\":\"EntryPoint\",\"urlTemplate\":\"https:\\\/\\\/www.airpower.fi\\\/en\\\/?s={search_term_string}\"},\"query-input\":{\"@type\":\"PropertyValueSpecification\",\"valueRequired\":true,\"valueName\":\"search_term_string\"}}],\"inLanguage\":\"en-US\"}]}<\/script>\n<!-- \/ Yoast SEO plugin. -->","yoast_head_json":{"title":"Cotter pin brush set \u00f8100 -\u00f8200 - AirPower - Puhtaan ilman puolesta","robots":{"index":"index","follow":"follow","max-snippet":"max-snippet:-1","max-image-preview":"max-image-preview:large","max-video-preview":"max-video-preview:-1"},"canonical":"https:\/\/www.airpower.fi\/en\/product\/cotter-pin-brush-set-o100-o200\/","og_locale":"en_US","og_type":"article","og_title":"Cotter pin brush set \u00f8100 -\u00f8200 - AirPower - Puhtaan ilman puolesta","og_description":"Cotter pin brush set, plastic, 100-200, 4 pcs (D10 + socket attachment)","og_url":"https:\/\/www.airpower.fi\/en\/product\/cotter-pin-brush-set-o100-o200\/","og_site_name":"AirPower - Puhtaan ilman puolesta","article_modified_time":"2025-08-18T13:08:46+00:00","og_image":[{"width":1000,"height":1000,"url":"https:\/\/www.airpower.fi\/wpc\/uploads\/2025\/06\/50100200-4-sokkaharjasarja-100-200_airpower.jpg","type":"image\/jpeg"}],"twitter_card":"summary_large_image","twitter_misc":{"Est. reading time":"1 minute"},"schema":{"@context":"https:\/\/schema.org","@graph":[{"@type":"WebPage","@id":"https:\/\/www.airpower.fi\/en\/product\/cotter-pin-brush-set-o100-o200\/","url":"https:\/\/www.airpower.fi\/en\/product\/cotter-pin-brush-set-o100-o200\/","name":"Cotter pin brush set \u00f8100 -\u00f8200 - AirPower - Puhtaan ilman puolesta","isPartOf":{"@id":"https:\/\/www.airpower.fi\/en\/#website"},"primaryImageOfPage":{"@id":"https:\/\/www.airpower.fi\/en\/product\/cotter-pin-brush-set-o100-o200\/#primaryimage"},"image":{"@id":"https:\/\/www.airpower.fi\/en\/product\/cotter-pin-brush-set-o100-o200\/#primaryimage"},"thumbnailUrl":"https:\/\/www.airpower.fi\/wpc\/uploads\/2025\/06\/50100200-4-sokkaharjasarja-100-200_airpower.jpg","datePublished":"2025-06-05T11:03:10+00:00","dateModified":"2025-08-18T13:08:46+00:00","breadcrumb":{"@id":"https:\/\/www.airpower.fi\/en\/product\/cotter-pin-brush-set-o100-o200\/#breadcrumb"},"inLanguage":"en-US","potentialAction":[{"@type":"ReadAction","target":["https:\/\/www.airpower.fi\/en\/product\/cotter-pin-brush-set-o100-o200\/"]}]},{"@type":"ImageObject","inLanguage":"en-US","@id":"https:\/\/www.airpower.fi\/en\/product\/cotter-pin-brush-set-o100-o200\/#primaryimage","url":"https:\/\/www.airpower.fi\/wpc\/uploads\/2025\/06\/50100200-4-sokkaharjasarja-100-200_airpower.jpg","contentUrl":"https:\/\/www.airpower.fi\/wpc\/uploads\/2025\/06\/50100200-4-sokkaharjasarja-100-200_airpower.jpg","width":1000,"height":1000},{"@type":"BreadcrumbList","@id":"https:\/\/www.airpower.fi\/en\/product\/cotter-pin-brush-set-o100-o200\/#breadcrumb","itemListElement":[{"@type":"ListItem","position":1,"name":"Home","item":"https:\/\/www.airpower.fi\/en\/"},{"@type":"ListItem","position":2,"name":"Products","item":"https:\/\/www.airpower.fi\/tuotteet\/"},{"@type":"ListItem","position":3,"name":"Cotter pin brush set \u00f8100 -\u00f8200"}]},{"@type":"WebSite","@id":"https:\/\/www.airpower.fi\/en\/#website","url":"https:\/\/www.airpower.fi\/en\/","name":"AirPower - Puhtaan ilman puolesta","description":"Ratkaisut ilmastointikanavien puhdistukseen ja tarkastukseen","alternateName":"R\u00e4\u00e4kkyl\u00e4n Pelti- ja Metallity\u00f6 Oy","potentialAction":[{"@type":"SearchAction","target":{"@type":"EntryPoint","urlTemplate":"https:\/\/www.airpower.fi\/en\/?s={search_term_string}"},"query-input":{"@type":"PropertyValueSpecification","valueRequired":true,"valueName":"search_term_string"}}],"inLanguage":"en-US"}]}},"_links":{"self":[{"href":"https:\/\/www.airpower.fi\/en\/wp-json\/wp\/v2\/product\/1804","targetHints":{"allow":["GET"]}}],"collection":[{"href":"https:\/\/www.airpower.fi\/en\/wp-json\/wp\/v2\/product"}],"about":[{"href":"https:\/\/www.airpower.fi\/en\/wp-json\/wp\/v2\/types\/product"}],"wp:featuredmedia":[{"embeddable":true,"href":"https:\/\/www.airpower.fi\/en\/wp-json\/wp\/v2\/media\/574"}],"wp:attachment":[{"href":"https:\/\/www.airpower.fi\/en\/wp-json\/wp\/v2\/media?parent=1804"}],"wp:term":[{"taxonomy":"product_brand","embeddable":true,"href":"https:\/\/www.airpower.fi\/en\/wp-json\/wp\/v2\/product_brand?post=1804"},{"taxonomy":"product_cat","embeddable":true,"href":"https:\/\/www.airpower.fi\/en\/wp-json\/wp\/v2\/product_cat?post=1804"},{"taxonomy":"product_tag","embeddable":true,"href":"https:\/\/www.airpower.fi\/en\/wp-json\/wp\/v2\/product_tag?post=1804"}],"curies":[{"name":"wp","href":"https:\/\/api.w.org\/{rel}","templated":true}]}}