{"id":1815,"date":"2025-06-05T14:03:13","date_gmt":"2025-06-05T11:03:13","guid":{"rendered":"https:\/\/www.airpower.fi\/tuote\/hourglass-brush-m6-160-160\/"},"modified":"2025-08-18T15:58:59","modified_gmt":"2025-08-18T12:58:59","slug":"hourglass-brush-m6-160-160","status":"publish","type":"product","link":"https:\/\/www.airpower.fi\/en\/product\/hourglass-brush-m6-160-160\/","title":{"rendered":"Hourglass brush M6, 160\/160"},"content":{"rendered":"<p data-start=\"64\" data-end=\"131\">Brush for Flexible 6mm Shaft \u2013 \u00d8160mm Ducts (Hourglass Brush)<\/p>\n<p data-start=\"133\" data-end=\"316\">This brush is designed for use with the flexible 6mm shaft, suitable for ducts with a diameter of \u00d8160mm. Commonly known as the <em data-start=\"261\" data-end=\"280\">\u201chourglass brush\u201d<\/em>, thanks to its distinctive shape.<\/p>\n<p data-start=\"318\" data-end=\"388\">The bristles are directed in both directions for effective cleaning.<\/p>\n<p data-start=\"390\" data-end=\"470\">The brush is supplied with an M6 fastening screw and a hex key for tightening.<\/p>\n","protected":false},"excerpt":{"rendered":"<p>Hourglass brush 160\/160 + M6 screw and soft screw lock<\/p>\n","protected":false},"featured_media":712,"template":"","meta":[],"product_brand":[],"product_cat":[235],"product_tag":[245,310,280,291,359,338,343,257],"class_list":{"0":"post-1815","1":"product","2":"type-product","3":"status-publish","4":"has-post-thumbnail","6":"product_cat-brushes-flexible-6mm-axles","7":"product_tag-6mm-en","8":"product_tag-air-duct-cleaning-brush","9":"product_tag-cleaning-brush","10":"product_tag-flexible-axle","11":"product_tag-hourglass","12":"product_tag-rounded-duct","13":"product_tag-sauna-channel-brush","14":"product_tag-ventilation-duct","16":"first","17":"instock","18":"shipping-taxable","19":"purchasable","20":"product-type-simple"},"yoast_head":"<!-- This site is optimized with the Yoast SEO plugin v27.2 - https:\/\/yoast.com\/product\/yoast-seo-wordpress\/ -->\n<title>Hourglass brush M6, 160\/160 - AirPower - Puhtaan ilman puolesta<\/title>\n<meta name=\"robots\" content=\"index, follow, max-snippet:-1, max-image-preview:large, max-video-preview:-1\" \/>\n<link rel=\"canonical\" href=\"https:\/\/www.airpower.fi\/en\/product\/hourglass-brush-m6-160-160\/\" \/>\n<meta property=\"og:locale\" content=\"en_US\" \/>\n<meta property=\"og:type\" content=\"article\" \/>\n<meta property=\"og:title\" content=\"Hourglass brush M6, 160\/160 - AirPower - Puhtaan ilman puolesta\" \/>\n<meta property=\"og:description\" content=\"Hourglass brush 160\/160 + M6 screw and soft screw lock\" \/>\n<meta property=\"og:url\" content=\"https:\/\/www.airpower.fi\/en\/product\/hourglass-brush-m6-160-160\/\" \/>\n<meta property=\"og:site_name\" content=\"AirPower - Puhtaan ilman puolesta\" \/>\n<meta property=\"article:modified_time\" content=\"2025-08-18T12:58:59+00:00\" \/>\n<meta property=\"og:image\" content=\"https:\/\/www.airpower.fi\/wpc\/uploads\/2025\/06\/30160t-tiimalasiharja-m6_airpower.jpg\" \/>\n\t<meta property=\"og:image:width\" content=\"1000\" \/>\n\t<meta property=\"og:image:height\" content=\"1000\" \/>\n\t<meta property=\"og:image:type\" content=\"image\/jpeg\" \/>\n<meta name=\"twitter:card\" content=\"summary_large_image\" \/>\n<meta name=\"twitter:label1\" content=\"Est. reading time\" \/>\n\t<meta name=\"twitter:data1\" content=\"1 minute\" \/>\n<script type=\"application\/ld+json\" class=\"yoast-schema-graph\">{\"@context\":\"https:\/\/schema.org\",\"@graph\":[{\"@type\":\"WebPage\",\"@id\":\"https:\/\/www.airpower.fi\/en\/product\/hourglass-brush-m6-160-160\/\",\"url\":\"https:\/\/www.airpower.fi\/en\/product\/hourglass-brush-m6-160-160\/\",\"name\":\"Hourglass brush M6, 160\/160 - AirPower - Puhtaan ilman puolesta\",\"isPartOf\":{\"@id\":\"https:\/\/www.airpower.fi\/en\/#website\"},\"primaryImageOfPage\":{\"@id\":\"https:\/\/www.airpower.fi\/en\/product\/hourglass-brush-m6-160-160\/#primaryimage\"},\"image\":{\"@id\":\"https:\/\/www.airpower.fi\/en\/product\/hourglass-brush-m6-160-160\/#primaryimage\"},\"thumbnailUrl\":\"https:\/\/www.airpower.fi\/wpc\/uploads\/2025\/06\/30160t-tiimalasiharja-m6_airpower.jpg\",\"datePublished\":\"2025-06-05T11:03:13+00:00\",\"dateModified\":\"2025-08-18T12:58:59+00:00\",\"breadcrumb\":{\"@id\":\"https:\/\/www.airpower.fi\/en\/product\/hourglass-brush-m6-160-160\/#breadcrumb\"},\"inLanguage\":\"en-US\",\"potentialAction\":[{\"@type\":\"ReadAction\",\"target\":[\"https:\/\/www.airpower.fi\/en\/product\/hourglass-brush-m6-160-160\/\"]}]},{\"@type\":\"ImageObject\",\"inLanguage\":\"en-US\",\"@id\":\"https:\/\/www.airpower.fi\/en\/product\/hourglass-brush-m6-160-160\/#primaryimage\",\"url\":\"https:\/\/www.airpower.fi\/wpc\/uploads\/2025\/06\/30160t-tiimalasiharja-m6_airpower.jpg\",\"contentUrl\":\"https:\/\/www.airpower.fi\/wpc\/uploads\/2025\/06\/30160t-tiimalasiharja-m6_airpower.jpg\",\"width\":1000,\"height\":1000},{\"@type\":\"BreadcrumbList\",\"@id\":\"https:\/\/www.airpower.fi\/en\/product\/hourglass-brush-m6-160-160\/#breadcrumb\",\"itemListElement\":[{\"@type\":\"ListItem\",\"position\":1,\"name\":\"Home\",\"item\":\"https:\/\/www.airpower.fi\/en\/\"},{\"@type\":\"ListItem\",\"position\":2,\"name\":\"Products\",\"item\":\"https:\/\/www.airpower.fi\/tuotteet\/\"},{\"@type\":\"ListItem\",\"position\":3,\"name\":\"Hourglass brush M6, 160\/160\"}]},{\"@type\":\"WebSite\",\"@id\":\"https:\/\/www.airpower.fi\/en\/#website\",\"url\":\"https:\/\/www.airpower.fi\/en\/\",\"name\":\"AirPower - Puhtaan ilman puolesta\",\"description\":\"Ratkaisut ilmastointikanavien puhdistukseen ja tarkastukseen\",\"alternateName\":\"R\u00e4\u00e4kkyl\u00e4n Pelti- ja Metallity\u00f6 Oy\",\"potentialAction\":[{\"@type\":\"SearchAction\",\"target\":{\"@type\":\"EntryPoint\",\"urlTemplate\":\"https:\/\/www.airpower.fi\/en\/?s={search_term_string}\"},\"query-input\":{\"@type\":\"PropertyValueSpecification\",\"valueRequired\":true,\"valueName\":\"search_term_string\"}}],\"inLanguage\":\"en-US\"}]}<\/script>\n<!-- \/ Yoast SEO plugin. -->","yoast_head_json":{"title":"Hourglass brush M6, 160\/160 - AirPower - Puhtaan ilman puolesta","robots":{"index":"index","follow":"follow","max-snippet":"max-snippet:-1","max-image-preview":"max-image-preview:large","max-video-preview":"max-video-preview:-1"},"canonical":"https:\/\/www.airpower.fi\/en\/product\/hourglass-brush-m6-160-160\/","og_locale":"en_US","og_type":"article","og_title":"Hourglass brush M6, 160\/160 - AirPower - Puhtaan ilman puolesta","og_description":"Hourglass brush 160\/160 + M6 screw and soft screw lock","og_url":"https:\/\/www.airpower.fi\/en\/product\/hourglass-brush-m6-160-160\/","og_site_name":"AirPower - Puhtaan ilman puolesta","article_modified_time":"2025-08-18T12:58:59+00:00","og_image":[{"width":1000,"height":1000,"url":"https:\/\/www.airpower.fi\/wpc\/uploads\/2025\/06\/30160t-tiimalasiharja-m6_airpower.jpg","type":"image\/jpeg"}],"twitter_card":"summary_large_image","twitter_misc":{"Est. reading time":"1 minute"},"schema":{"@context":"https:\/\/schema.org","@graph":[{"@type":"WebPage","@id":"https:\/\/www.airpower.fi\/en\/product\/hourglass-brush-m6-160-160\/","url":"https:\/\/www.airpower.fi\/en\/product\/hourglass-brush-m6-160-160\/","name":"Hourglass brush M6, 160\/160 - AirPower - Puhtaan ilman puolesta","isPartOf":{"@id":"https:\/\/www.airpower.fi\/en\/#website"},"primaryImageOfPage":{"@id":"https:\/\/www.airpower.fi\/en\/product\/hourglass-brush-m6-160-160\/#primaryimage"},"image":{"@id":"https:\/\/www.airpower.fi\/en\/product\/hourglass-brush-m6-160-160\/#primaryimage"},"thumbnailUrl":"https:\/\/www.airpower.fi\/wpc\/uploads\/2025\/06\/30160t-tiimalasiharja-m6_airpower.jpg","datePublished":"2025-06-05T11:03:13+00:00","dateModified":"2025-08-18T12:58:59+00:00","breadcrumb":{"@id":"https:\/\/www.airpower.fi\/en\/product\/hourglass-brush-m6-160-160\/#breadcrumb"},"inLanguage":"en-US","potentialAction":[{"@type":"ReadAction","target":["https:\/\/www.airpower.fi\/en\/product\/hourglass-brush-m6-160-160\/"]}]},{"@type":"ImageObject","inLanguage":"en-US","@id":"https:\/\/www.airpower.fi\/en\/product\/hourglass-brush-m6-160-160\/#primaryimage","url":"https:\/\/www.airpower.fi\/wpc\/uploads\/2025\/06\/30160t-tiimalasiharja-m6_airpower.jpg","contentUrl":"https:\/\/www.airpower.fi\/wpc\/uploads\/2025\/06\/30160t-tiimalasiharja-m6_airpower.jpg","width":1000,"height":1000},{"@type":"BreadcrumbList","@id":"https:\/\/www.airpower.fi\/en\/product\/hourglass-brush-m6-160-160\/#breadcrumb","itemListElement":[{"@type":"ListItem","position":1,"name":"Home","item":"https:\/\/www.airpower.fi\/en\/"},{"@type":"ListItem","position":2,"name":"Products","item":"https:\/\/www.airpower.fi\/tuotteet\/"},{"@type":"ListItem","position":3,"name":"Hourglass brush M6, 160\/160"}]},{"@type":"WebSite","@id":"https:\/\/www.airpower.fi\/en\/#website","url":"https:\/\/www.airpower.fi\/en\/","name":"AirPower - Puhtaan ilman puolesta","description":"Ratkaisut ilmastointikanavien puhdistukseen ja tarkastukseen","alternateName":"R\u00e4\u00e4kkyl\u00e4n Pelti- ja Metallity\u00f6 Oy","potentialAction":[{"@type":"SearchAction","target":{"@type":"EntryPoint","urlTemplate":"https:\/\/www.airpower.fi\/en\/?s={search_term_string}"},"query-input":{"@type":"PropertyValueSpecification","valueRequired":true,"valueName":"search_term_string"}}],"inLanguage":"en-US"}]}},"_links":{"self":[{"href":"https:\/\/www.airpower.fi\/en\/wp-json\/wp\/v2\/product\/1815","targetHints":{"allow":["GET"]}}],"collection":[{"href":"https:\/\/www.airpower.fi\/en\/wp-json\/wp\/v2\/product"}],"about":[{"href":"https:\/\/www.airpower.fi\/en\/wp-json\/wp\/v2\/types\/product"}],"wp:featuredmedia":[{"embeddable":true,"href":"https:\/\/www.airpower.fi\/en\/wp-json\/wp\/v2\/media\/712"}],"wp:attachment":[{"href":"https:\/\/www.airpower.fi\/en\/wp-json\/wp\/v2\/media?parent=1815"}],"wp:term":[{"taxonomy":"product_brand","embeddable":true,"href":"https:\/\/www.airpower.fi\/en\/wp-json\/wp\/v2\/product_brand?post=1815"},{"taxonomy":"product_cat","embeddable":true,"href":"https:\/\/www.airpower.fi\/en\/wp-json\/wp\/v2\/product_cat?post=1815"},{"taxonomy":"product_tag","embeddable":true,"href":"https:\/\/www.airpower.fi\/en\/wp-json\/wp\/v2\/product_tag?post=1815"}],"curies":[{"name":"wp","href":"https:\/\/api.w.org\/{rel}","templated":true}]}}