{"id":1857,"date":"2025-06-05T14:03:21","date_gmt":"2025-06-05T11:03:21","guid":{"rendered":"https:\/\/www.airpower.fi\/tuote\/abrasive-brush-m12-o250xl\/"},"modified":"2025-08-20T10:35:59","modified_gmt":"2025-08-20T07:35:59","slug":"abrasive-brush-m12-o250xl","status":"publish","type":"product","link":"https:\/\/www.airpower.fi\/en\/product\/abrasive-brush-m12-o250xl\/","title":{"rendered":"Abrasive brush M12 \u00f8250XL"},"content":{"rendered":"<p data-start=\"81\" data-end=\"106\">Abrasive Brush \u00f8250mm XL . The abrasive brush features bristles made from abrasive nylon\u2014nylon infused with abrasive grit. The bristle stiffness is between that of a twisted M12 brush and a fat duct brush. The XL model has more bristles, making it a fuller, denser brush.<\/p>\n<p data-start=\"293\" data-end=\"347\">Designed for tougher dirt and buildup in HVAC ducts.<\/p>\n<p data-start=\"349\" data-end=\"489\">The brush has a durable metal frame with an M12 threaded connection, secured with a locking pin.<br data-start=\"449\" data-end=\"452\" \/>Attachment via M18\u2013M12 adapter.<\/p>\n<p data-start=\"491\" data-end=\"515\">Compatible with:<\/p>\n<p data-start=\"518\" data-end=\"568\">Brush machines: Kela Master K15\/Junior, K20, K30<\/p>\n<p data-start=\"571\" data-end=\"629\">Drill shafts: Ultra-shafts and flexible shafts (8\u201312 mm)<\/p>\n<p>&nbsp;<\/p>\n","protected":false},"excerpt":{"rendered":"<p>Abrasive brush XL 250 (M12 external thread + cotter pin)<\/p>\n","protected":false},"featured_media":1095,"template":"","meta":[],"product_brand":[],"product_cat":[236],"product_tag":[256],"class_list":{"0":"post-1857","1":"product","2":"type-product","3":"status-publish","4":"has-post-thumbnail","6":"product_cat-abrasive-brushes","7":"product_tag-abrasive-brush","9":"first","10":"instock","11":"shipping-taxable","12":"purchasable","13":"product-type-simple"},"yoast_head":"<!-- This site is optimized with the Yoast SEO plugin v27.2 - https:\/\/yoast.com\/product\/yoast-seo-wordpress\/ -->\n<title>Abrasive brush M12 \u00f8250XL - AirPower - Puhtaan ilman puolesta<\/title>\n<meta name=\"robots\" content=\"index, follow, max-snippet:-1, max-image-preview:large, max-video-preview:-1\" \/>\n<link rel=\"canonical\" href=\"https:\/\/www.airpower.fi\/en\/product\/abrasive-brush-m12-o250xl\/\" \/>\n<meta property=\"og:locale\" content=\"en_US\" \/>\n<meta property=\"og:type\" content=\"article\" \/>\n<meta property=\"og:title\" content=\"Abrasive brush M12 \u00f8250XL - AirPower - Puhtaan ilman puolesta\" \/>\n<meta property=\"og:description\" content=\"Abrasive brush XL 250 (M12 external thread + cotter pin)\" \/>\n<meta property=\"og:url\" content=\"https:\/\/www.airpower.fi\/en\/product\/abrasive-brush-m12-o250xl\/\" \/>\n<meta property=\"og:site_name\" content=\"AirPower - Puhtaan ilman puolesta\" \/>\n<meta property=\"article:modified_time\" content=\"2025-08-20T07:35:59+00:00\" \/>\n<meta property=\"og:image\" content=\"https:\/\/www.airpower.fi\/wpc\/uploads\/2025\/06\/55250XL-Hiontaharja-250-XL_1_AirPower.jpg\" \/>\n\t<meta property=\"og:image:width\" content=\"1000\" \/>\n\t<meta property=\"og:image:height\" content=\"1000\" \/>\n\t<meta property=\"og:image:type\" content=\"image\/jpeg\" \/>\n<meta name=\"twitter:card\" content=\"summary_large_image\" \/>\n<meta name=\"twitter:label1\" content=\"Est. reading time\" \/>\n\t<meta name=\"twitter:data1\" content=\"1 minute\" \/>\n<script type=\"application\/ld+json\" class=\"yoast-schema-graph\">{\"@context\":\"https:\/\/schema.org\",\"@graph\":[{\"@type\":\"WebPage\",\"@id\":\"https:\/\/www.airpower.fi\/en\/product\/abrasive-brush-m12-o250xl\/\",\"url\":\"https:\/\/www.airpower.fi\/en\/product\/abrasive-brush-m12-o250xl\/\",\"name\":\"Abrasive brush M12 \u00f8250XL - AirPower - Puhtaan ilman puolesta\",\"isPartOf\":{\"@id\":\"https:\/\/www.airpower.fi\/en\/#website\"},\"primaryImageOfPage\":{\"@id\":\"https:\/\/www.airpower.fi\/en\/product\/abrasive-brush-m12-o250xl\/#primaryimage\"},\"image\":{\"@id\":\"https:\/\/www.airpower.fi\/en\/product\/abrasive-brush-m12-o250xl\/#primaryimage\"},\"thumbnailUrl\":\"https:\/\/www.airpower.fi\/wpc\/uploads\/2025\/06\/55250XL-Hiontaharja-250-XL_1_AirPower.jpg\",\"datePublished\":\"2025-06-05T11:03:21+00:00\",\"dateModified\":\"2025-08-20T07:35:59+00:00\",\"breadcrumb\":{\"@id\":\"https:\/\/www.airpower.fi\/en\/product\/abrasive-brush-m12-o250xl\/#breadcrumb\"},\"inLanguage\":\"en-US\",\"potentialAction\":[{\"@type\":\"ReadAction\",\"target\":[\"https:\/\/www.airpower.fi\/en\/product\/abrasive-brush-m12-o250xl\/\"]}]},{\"@type\":\"ImageObject\",\"inLanguage\":\"en-US\",\"@id\":\"https:\/\/www.airpower.fi\/en\/product\/abrasive-brush-m12-o250xl\/#primaryimage\",\"url\":\"https:\/\/www.airpower.fi\/wpc\/uploads\/2025\/06\/55250XL-Hiontaharja-250-XL_1_AirPower.jpg\",\"contentUrl\":\"https:\/\/www.airpower.fi\/wpc\/uploads\/2025\/06\/55250XL-Hiontaharja-250-XL_1_AirPower.jpg\",\"width\":1000,\"height\":1000},{\"@type\":\"BreadcrumbList\",\"@id\":\"https:\/\/www.airpower.fi\/en\/product\/abrasive-brush-m12-o250xl\/#breadcrumb\",\"itemListElement\":[{\"@type\":\"ListItem\",\"position\":1,\"name\":\"Home\",\"item\":\"https:\/\/www.airpower.fi\/en\/\"},{\"@type\":\"ListItem\",\"position\":2,\"name\":\"Products\",\"item\":\"https:\/\/www.airpower.fi\/tuotteet\/\"},{\"@type\":\"ListItem\",\"position\":3,\"name\":\"Abrasive brush M12 \u00f8250XL\"}]},{\"@type\":\"WebSite\",\"@id\":\"https:\/\/www.airpower.fi\/en\/#website\",\"url\":\"https:\/\/www.airpower.fi\/en\/\",\"name\":\"AirPower - Puhtaan ilman puolesta\",\"description\":\"Ratkaisut ilmastointikanavien puhdistukseen ja tarkastukseen\",\"alternateName\":\"R\u00e4\u00e4kkyl\u00e4n Pelti- ja Metallity\u00f6 Oy\",\"potentialAction\":[{\"@type\":\"SearchAction\",\"target\":{\"@type\":\"EntryPoint\",\"urlTemplate\":\"https:\/\/www.airpower.fi\/en\/?s={search_term_string}\"},\"query-input\":{\"@type\":\"PropertyValueSpecification\",\"valueRequired\":true,\"valueName\":\"search_term_string\"}}],\"inLanguage\":\"en-US\"}]}<\/script>\n<!-- \/ Yoast SEO plugin. -->","yoast_head_json":{"title":"Abrasive brush M12 \u00f8250XL - AirPower - Puhtaan ilman puolesta","robots":{"index":"index","follow":"follow","max-snippet":"max-snippet:-1","max-image-preview":"max-image-preview:large","max-video-preview":"max-video-preview:-1"},"canonical":"https:\/\/www.airpower.fi\/en\/product\/abrasive-brush-m12-o250xl\/","og_locale":"en_US","og_type":"article","og_title":"Abrasive brush M12 \u00f8250XL - AirPower - Puhtaan ilman puolesta","og_description":"Abrasive brush XL 250 (M12 external thread + cotter pin)","og_url":"https:\/\/www.airpower.fi\/en\/product\/abrasive-brush-m12-o250xl\/","og_site_name":"AirPower - Puhtaan ilman puolesta","article_modified_time":"2025-08-20T07:35:59+00:00","og_image":[{"width":1000,"height":1000,"url":"https:\/\/www.airpower.fi\/wpc\/uploads\/2025\/06\/55250XL-Hiontaharja-250-XL_1_AirPower.jpg","type":"image\/jpeg"}],"twitter_card":"summary_large_image","twitter_misc":{"Est. reading time":"1 minute"},"schema":{"@context":"https:\/\/schema.org","@graph":[{"@type":"WebPage","@id":"https:\/\/www.airpower.fi\/en\/product\/abrasive-brush-m12-o250xl\/","url":"https:\/\/www.airpower.fi\/en\/product\/abrasive-brush-m12-o250xl\/","name":"Abrasive brush M12 \u00f8250XL - AirPower - Puhtaan ilman puolesta","isPartOf":{"@id":"https:\/\/www.airpower.fi\/en\/#website"},"primaryImageOfPage":{"@id":"https:\/\/www.airpower.fi\/en\/product\/abrasive-brush-m12-o250xl\/#primaryimage"},"image":{"@id":"https:\/\/www.airpower.fi\/en\/product\/abrasive-brush-m12-o250xl\/#primaryimage"},"thumbnailUrl":"https:\/\/www.airpower.fi\/wpc\/uploads\/2025\/06\/55250XL-Hiontaharja-250-XL_1_AirPower.jpg","datePublished":"2025-06-05T11:03:21+00:00","dateModified":"2025-08-20T07:35:59+00:00","breadcrumb":{"@id":"https:\/\/www.airpower.fi\/en\/product\/abrasive-brush-m12-o250xl\/#breadcrumb"},"inLanguage":"en-US","potentialAction":[{"@type":"ReadAction","target":["https:\/\/www.airpower.fi\/en\/product\/abrasive-brush-m12-o250xl\/"]}]},{"@type":"ImageObject","inLanguage":"en-US","@id":"https:\/\/www.airpower.fi\/en\/product\/abrasive-brush-m12-o250xl\/#primaryimage","url":"https:\/\/www.airpower.fi\/wpc\/uploads\/2025\/06\/55250XL-Hiontaharja-250-XL_1_AirPower.jpg","contentUrl":"https:\/\/www.airpower.fi\/wpc\/uploads\/2025\/06\/55250XL-Hiontaharja-250-XL_1_AirPower.jpg","width":1000,"height":1000},{"@type":"BreadcrumbList","@id":"https:\/\/www.airpower.fi\/en\/product\/abrasive-brush-m12-o250xl\/#breadcrumb","itemListElement":[{"@type":"ListItem","position":1,"name":"Home","item":"https:\/\/www.airpower.fi\/en\/"},{"@type":"ListItem","position":2,"name":"Products","item":"https:\/\/www.airpower.fi\/tuotteet\/"},{"@type":"ListItem","position":3,"name":"Abrasive brush M12 \u00f8250XL"}]},{"@type":"WebSite","@id":"https:\/\/www.airpower.fi\/en\/#website","url":"https:\/\/www.airpower.fi\/en\/","name":"AirPower - Puhtaan ilman puolesta","description":"Ratkaisut ilmastointikanavien puhdistukseen ja tarkastukseen","alternateName":"R\u00e4\u00e4kkyl\u00e4n Pelti- ja Metallity\u00f6 Oy","potentialAction":[{"@type":"SearchAction","target":{"@type":"EntryPoint","urlTemplate":"https:\/\/www.airpower.fi\/en\/?s={search_term_string}"},"query-input":{"@type":"PropertyValueSpecification","valueRequired":true,"valueName":"search_term_string"}}],"inLanguage":"en-US"}]}},"_links":{"self":[{"href":"https:\/\/www.airpower.fi\/en\/wp-json\/wp\/v2\/product\/1857","targetHints":{"allow":["GET"]}}],"collection":[{"href":"https:\/\/www.airpower.fi\/en\/wp-json\/wp\/v2\/product"}],"about":[{"href":"https:\/\/www.airpower.fi\/en\/wp-json\/wp\/v2\/types\/product"}],"wp:featuredmedia":[{"embeddable":true,"href":"https:\/\/www.airpower.fi\/en\/wp-json\/wp\/v2\/media\/1095"}],"wp:attachment":[{"href":"https:\/\/www.airpower.fi\/en\/wp-json\/wp\/v2\/media?parent=1857"}],"wp:term":[{"taxonomy":"product_brand","embeddable":true,"href":"https:\/\/www.airpower.fi\/en\/wp-json\/wp\/v2\/product_brand?post=1857"},{"taxonomy":"product_cat","embeddable":true,"href":"https:\/\/www.airpower.fi\/en\/wp-json\/wp\/v2\/product_cat?post=1857"},{"taxonomy":"product_tag","embeddable":true,"href":"https:\/\/www.airpower.fi\/en\/wp-json\/wp\/v2\/product_tag?post=1857"}],"curies":[{"name":"wp","href":"https:\/\/api.w.org\/{rel}","templated":true}]}}