{"id":1897,"date":"2025-06-05T14:03:29","date_gmt":"2025-06-05T11:03:29","guid":{"rendered":"https:\/\/www.airpower.fi\/tuote\/vacuum-pump-400-v-6000-m%c2%b3-2200-pa\/"},"modified":"2026-02-16T12:48:37","modified_gmt":"2026-02-16T10:48:37","slug":"vacuum-pump-400-v-6000-m%c2%b3-2200-pa","status":"publish","type":"product","link":"https:\/\/www.airpower.fi\/en\/product\/vacuum-pump-400-v-6000-m%c2%b3-2200-pa\/","title":{"rendered":"Vacuum maker 400 V \/ 6000 m\u00b3 \/ 2200 Pa"},"content":{"rendered":"<p data-start=\"66\" data-end=\"170\">Aluminum-framed, high-performance vacuum maker \/ negative air machine with a 3 kW motor and 16A power connection.<\/p>\n<p data-start=\"172\" data-end=\"226\">Equipped with standard ventilation duct connections inlet: \u00d8 315 mm and outlet: \u00d8 315 mm<\/p>\n<p data-start=\"277\" data-end=\"298\">Specifications:<\/p>\n<p data-start=\"301\" data-end=\"331\">Airflow: up to 6000 m\u00b3\/h<\/p>\n<p data-start=\"334\" data-end=\"372\">Negative pressure: up to 2200 Pa<\/p>\n<p data-start=\"375\" data-end=\"392\">Motor: 3 kW<\/p>\n<p data-start=\"395\" data-end=\"443\">Dimensions (L \u00d7 W \u00d7 H): 650 \u00d7 650 \u00d7 750 mm<\/p>\n<p data-start=\"446\" data-end=\"465\">Weight: 42 kg<\/p>\n","protected":false},"excerpt":{"rendered":"<p>Vacuum pump 3kW 400 V \/ 6000 m\u00b3 \/ 2200 Pa<\/p>\n","protected":false},"featured_media":1372,"template":"","meta":[],"product_brand":[],"product_cat":[218],"product_tag":[315,300,248],"class_list":{"0":"post-1897","1":"product","2":"type-product","3":"status-publish","4":"has-post-thumbnail","6":"product_cat-vacuum-makers","7":"product_tag-duct-cleaner","8":"product_tag-vacuum","9":"product_tag-vacuum-maker","11":"first","12":"instock","13":"shipping-taxable","14":"purchasable","15":"product-type-simple"},"yoast_head":"<!-- This site is optimized with the Yoast SEO plugin v27.5 - https:\/\/yoast.com\/product\/yoast-seo-wordpress\/ -->\n<title>Vacuum maker 400 V \/ 6000 m\u00b3 \/ 2200 Pa - AirPower - Puhtaan ilman puolesta<\/title>\n<meta name=\"robots\" content=\"index, follow, max-snippet:-1, max-image-preview:large, max-video-preview:-1\" \/>\n<link rel=\"canonical\" href=\"https:\/\/www.airpower.fi\/en\/product\/vacuum-pump-400-v-6000-m%c2%b3-2200-pa\/\" \/>\n<meta property=\"og:locale\" content=\"en_US\" \/>\n<meta property=\"og:type\" content=\"article\" \/>\n<meta property=\"og:title\" content=\"Vacuum maker 400 V \/ 6000 m\u00b3 \/ 2200 Pa - AirPower - Puhtaan ilman puolesta\" \/>\n<meta property=\"og:description\" content=\"Vacuum pump 3kW 400 V \/ 6000 m\u00b3 \/ 2200 Pa\" \/>\n<meta property=\"og:url\" content=\"https:\/\/www.airpower.fi\/en\/product\/vacuum-pump-400-v-6000-m%c2%b3-2200-pa\/\" \/>\n<meta property=\"og:site_name\" content=\"AirPower - Puhtaan ilman puolesta\" \/>\n<meta property=\"article:modified_time\" content=\"2026-02-16T10:48:37+00:00\" \/>\n<meta property=\"og:image\" content=\"https:\/\/www.airpower.fi\/wpc\/uploads\/2025\/06\/70400-ALU_Alipaineistaja_3kW_ALU_Voimavirta_1_AirPower.jpg\" \/>\n\t<meta property=\"og:image:width\" content=\"1000\" \/>\n\t<meta property=\"og:image:height\" content=\"1000\" \/>\n\t<meta property=\"og:image:type\" content=\"image\/jpeg\" \/>\n<meta name=\"twitter:card\" content=\"summary_large_image\" \/>\n<meta name=\"twitter:label1\" content=\"Est. reading time\" \/>\n\t<meta name=\"twitter:data1\" content=\"1 minute\" \/>\n<script type=\"application\/ld+json\" class=\"yoast-schema-graph\">{\"@context\":\"https:\\\/\\\/schema.org\",\"@graph\":[{\"@type\":\"WebPage\",\"@id\":\"https:\\\/\\\/www.airpower.fi\\\/en\\\/product\\\/vacuum-pump-400-v-6000-m%c2%b3-2200-pa\\\/\",\"url\":\"https:\\\/\\\/www.airpower.fi\\\/en\\\/product\\\/vacuum-pump-400-v-6000-m%c2%b3-2200-pa\\\/\",\"name\":\"Vacuum maker 400 V \\\/ 6000 m\u00b3 \\\/ 2200 Pa - AirPower - Puhtaan ilman puolesta\",\"isPartOf\":{\"@id\":\"https:\\\/\\\/www.airpower.fi\\\/en\\\/#website\"},\"primaryImageOfPage\":{\"@id\":\"https:\\\/\\\/www.airpower.fi\\\/en\\\/product\\\/vacuum-pump-400-v-6000-m%c2%b3-2200-pa\\\/#primaryimage\"},\"image\":{\"@id\":\"https:\\\/\\\/www.airpower.fi\\\/en\\\/product\\\/vacuum-pump-400-v-6000-m%c2%b3-2200-pa\\\/#primaryimage\"},\"thumbnailUrl\":\"https:\\\/\\\/www.airpower.fi\\\/wpc\\\/uploads\\\/2025\\\/06\\\/70400-ALU_Alipaineistaja_3kW_ALU_Voimavirta_1_AirPower.jpg\",\"datePublished\":\"2025-06-05T11:03:29+00:00\",\"dateModified\":\"2026-02-16T10:48:37+00:00\",\"breadcrumb\":{\"@id\":\"https:\\\/\\\/www.airpower.fi\\\/en\\\/product\\\/vacuum-pump-400-v-6000-m%c2%b3-2200-pa\\\/#breadcrumb\"},\"inLanguage\":\"en-US\",\"potentialAction\":[{\"@type\":\"ReadAction\",\"target\":[\"https:\\\/\\\/www.airpower.fi\\\/en\\\/product\\\/vacuum-pump-400-v-6000-m%c2%b3-2200-pa\\\/\"]}]},{\"@type\":\"ImageObject\",\"inLanguage\":\"en-US\",\"@id\":\"https:\\\/\\\/www.airpower.fi\\\/en\\\/product\\\/vacuum-pump-400-v-6000-m%c2%b3-2200-pa\\\/#primaryimage\",\"url\":\"https:\\\/\\\/www.airpower.fi\\\/wpc\\\/uploads\\\/2025\\\/06\\\/70400-ALU_Alipaineistaja_3kW_ALU_Voimavirta_1_AirPower.jpg\",\"contentUrl\":\"https:\\\/\\\/www.airpower.fi\\\/wpc\\\/uploads\\\/2025\\\/06\\\/70400-ALU_Alipaineistaja_3kW_ALU_Voimavirta_1_AirPower.jpg\",\"width\":1000,\"height\":1000},{\"@type\":\"BreadcrumbList\",\"@id\":\"https:\\\/\\\/www.airpower.fi\\\/en\\\/product\\\/vacuum-pump-400-v-6000-m%c2%b3-2200-pa\\\/#breadcrumb\",\"itemListElement\":[{\"@type\":\"ListItem\",\"position\":1,\"name\":\"Home\",\"item\":\"https:\\\/\\\/www.airpower.fi\\\/en\\\/\"},{\"@type\":\"ListItem\",\"position\":2,\"name\":\"Products\",\"item\":\"https:\\\/\\\/www.airpower.fi\\\/tuotteet\\\/\"},{\"@type\":\"ListItem\",\"position\":3,\"name\":\"Vacuum maker 400 V \\\/ 6000 m\u00b3 \\\/ 2200 Pa\"}]},{\"@type\":\"WebSite\",\"@id\":\"https:\\\/\\\/www.airpower.fi\\\/en\\\/#website\",\"url\":\"https:\\\/\\\/www.airpower.fi\\\/en\\\/\",\"name\":\"AirPower - Puhtaan ilman puolesta\",\"description\":\"Ratkaisut ilmastointikanavien puhdistukseen ja tarkastukseen\",\"alternateName\":\"R\u00e4\u00e4kkyl\u00e4n Pelti- ja Metallity\u00f6 Oy\",\"potentialAction\":[{\"@type\":\"SearchAction\",\"target\":{\"@type\":\"EntryPoint\",\"urlTemplate\":\"https:\\\/\\\/www.airpower.fi\\\/en\\\/?s={search_term_string}\"},\"query-input\":{\"@type\":\"PropertyValueSpecification\",\"valueRequired\":true,\"valueName\":\"search_term_string\"}}],\"inLanguage\":\"en-US\"}]}<\/script>\n<!-- \/ Yoast SEO plugin. -->","yoast_head_json":{"title":"Vacuum maker 400 V \/ 6000 m\u00b3 \/ 2200 Pa - AirPower - Puhtaan ilman puolesta","robots":{"index":"index","follow":"follow","max-snippet":"max-snippet:-1","max-image-preview":"max-image-preview:large","max-video-preview":"max-video-preview:-1"},"canonical":"https:\/\/www.airpower.fi\/en\/product\/vacuum-pump-400-v-6000-m%c2%b3-2200-pa\/","og_locale":"en_US","og_type":"article","og_title":"Vacuum maker 400 V \/ 6000 m\u00b3 \/ 2200 Pa - AirPower - Puhtaan ilman puolesta","og_description":"Vacuum pump 3kW 400 V \/ 6000 m\u00b3 \/ 2200 Pa","og_url":"https:\/\/www.airpower.fi\/en\/product\/vacuum-pump-400-v-6000-m%c2%b3-2200-pa\/","og_site_name":"AirPower - Puhtaan ilman puolesta","article_modified_time":"2026-02-16T10:48:37+00:00","og_image":[{"width":1000,"height":1000,"url":"https:\/\/www.airpower.fi\/wpc\/uploads\/2025\/06\/70400-ALU_Alipaineistaja_3kW_ALU_Voimavirta_1_AirPower.jpg","type":"image\/jpeg"}],"twitter_card":"summary_large_image","twitter_misc":{"Est. reading time":"1 minute"},"schema":{"@context":"https:\/\/schema.org","@graph":[{"@type":"WebPage","@id":"https:\/\/www.airpower.fi\/en\/product\/vacuum-pump-400-v-6000-m%c2%b3-2200-pa\/","url":"https:\/\/www.airpower.fi\/en\/product\/vacuum-pump-400-v-6000-m%c2%b3-2200-pa\/","name":"Vacuum maker 400 V \/ 6000 m\u00b3 \/ 2200 Pa - AirPower - Puhtaan ilman puolesta","isPartOf":{"@id":"https:\/\/www.airpower.fi\/en\/#website"},"primaryImageOfPage":{"@id":"https:\/\/www.airpower.fi\/en\/product\/vacuum-pump-400-v-6000-m%c2%b3-2200-pa\/#primaryimage"},"image":{"@id":"https:\/\/www.airpower.fi\/en\/product\/vacuum-pump-400-v-6000-m%c2%b3-2200-pa\/#primaryimage"},"thumbnailUrl":"https:\/\/www.airpower.fi\/wpc\/uploads\/2025\/06\/70400-ALU_Alipaineistaja_3kW_ALU_Voimavirta_1_AirPower.jpg","datePublished":"2025-06-05T11:03:29+00:00","dateModified":"2026-02-16T10:48:37+00:00","breadcrumb":{"@id":"https:\/\/www.airpower.fi\/en\/product\/vacuum-pump-400-v-6000-m%c2%b3-2200-pa\/#breadcrumb"},"inLanguage":"en-US","potentialAction":[{"@type":"ReadAction","target":["https:\/\/www.airpower.fi\/en\/product\/vacuum-pump-400-v-6000-m%c2%b3-2200-pa\/"]}]},{"@type":"ImageObject","inLanguage":"en-US","@id":"https:\/\/www.airpower.fi\/en\/product\/vacuum-pump-400-v-6000-m%c2%b3-2200-pa\/#primaryimage","url":"https:\/\/www.airpower.fi\/wpc\/uploads\/2025\/06\/70400-ALU_Alipaineistaja_3kW_ALU_Voimavirta_1_AirPower.jpg","contentUrl":"https:\/\/www.airpower.fi\/wpc\/uploads\/2025\/06\/70400-ALU_Alipaineistaja_3kW_ALU_Voimavirta_1_AirPower.jpg","width":1000,"height":1000},{"@type":"BreadcrumbList","@id":"https:\/\/www.airpower.fi\/en\/product\/vacuum-pump-400-v-6000-m%c2%b3-2200-pa\/#breadcrumb","itemListElement":[{"@type":"ListItem","position":1,"name":"Home","item":"https:\/\/www.airpower.fi\/en\/"},{"@type":"ListItem","position":2,"name":"Products","item":"https:\/\/www.airpower.fi\/tuotteet\/"},{"@type":"ListItem","position":3,"name":"Vacuum maker 400 V \/ 6000 m\u00b3 \/ 2200 Pa"}]},{"@type":"WebSite","@id":"https:\/\/www.airpower.fi\/en\/#website","url":"https:\/\/www.airpower.fi\/en\/","name":"AirPower - Puhtaan ilman puolesta","description":"Ratkaisut ilmastointikanavien puhdistukseen ja tarkastukseen","alternateName":"R\u00e4\u00e4kkyl\u00e4n Pelti- ja Metallity\u00f6 Oy","potentialAction":[{"@type":"SearchAction","target":{"@type":"EntryPoint","urlTemplate":"https:\/\/www.airpower.fi\/en\/?s={search_term_string}"},"query-input":{"@type":"PropertyValueSpecification","valueRequired":true,"valueName":"search_term_string"}}],"inLanguage":"en-US"}]}},"_links":{"self":[{"href":"https:\/\/www.airpower.fi\/en\/wp-json\/wp\/v2\/product\/1897","targetHints":{"allow":["GET"]}}],"collection":[{"href":"https:\/\/www.airpower.fi\/en\/wp-json\/wp\/v2\/product"}],"about":[{"href":"https:\/\/www.airpower.fi\/en\/wp-json\/wp\/v2\/types\/product"}],"wp:featuredmedia":[{"embeddable":true,"href":"https:\/\/www.airpower.fi\/en\/wp-json\/wp\/v2\/media\/1372"}],"wp:attachment":[{"href":"https:\/\/www.airpower.fi\/en\/wp-json\/wp\/v2\/media?parent=1897"}],"wp:term":[{"taxonomy":"product_brand","embeddable":true,"href":"https:\/\/www.airpower.fi\/en\/wp-json\/wp\/v2\/product_brand?post=1897"},{"taxonomy":"product_cat","embeddable":true,"href":"https:\/\/www.airpower.fi\/en\/wp-json\/wp\/v2\/product_cat?post=1897"},{"taxonomy":"product_tag","embeddable":true,"href":"https:\/\/www.airpower.fi\/en\/wp-json\/wp\/v2\/product_tag?post=1897"}],"curies":[{"name":"wp","href":"https:\/\/api.w.org\/{rel}","templated":true}]}}