{"id":2015,"date":"2025-11-07T14:58:41","date_gmt":"2025-11-07T12:58:41","guid":{"rendered":"https:\/\/www.airpower.fi\/?post_type=product&#038;p=2015"},"modified":"2025-11-07T15:37:07","modified_gmt":"2025-11-07T13:37:07","slug":"sateenvarjoharja-special-o100-o200-valkoinen","status":"publish","type":"product","link":"https:\/\/www.airpower.fi\/en\/product\/sateenvarjoharja-special-o100-o200-valkoinen\/","title":{"rendered":"Umbrella Brush &#8211; Special \u00f8100-\u00f8200 &#8211; White"},"content":{"rendered":"<p data-start=\"53\" data-end=\"143\">Cotter Shaft Brush for 8mm Shaft \u2013 Umbrella Brush \u201cSpecial\u201d for Duct Sizes \u00f8100\u2013\u00f8200mm<\/p>\n<p data-start=\"145\" data-end=\"396\">Developed in collaboration with professional cleaning specialists, this brush combines the features of both an umbrella brush and a traditional brush. It is designed so that a single brush can be used for various duct sizes ranging from 100 to 200 mm.<\/p>\n<p data-start=\"398\" data-end=\"527\">Thanks to the side bristles, the brush remains well-balanced during rotation, eliminating the need for unnecessary brush changes.<\/p>\n<p data-start=\"529\" data-end=\"565\">White front and white side bristles.<\/p>\n<p data-start=\"567\" data-end=\"659\">The brush is attached with a cotter pin and can be mounted on the shaft in either direction.<\/p>\n<p data-start=\"661\" data-end=\"716\">Cotter pins for attachment are included with the brush.<\/p>\n","protected":false},"excerpt":{"rendered":"<p>Umbrella Brush \u2013 Special \u2013 100\u2013200 \u2013 Reversible \u2013 White Bristles<\/p>\n","protected":false},"featured_media":2004,"template":"","meta":[],"product_brand":[],"product_cat":[240],"product_tag":[310,280,338,346,369,342,347,257],"class_list":{"0":"post-2015","1":"product","2":"type-product","3":"status-publish","4":"has-post-thumbnail","6":"product_cat-cotter-pin-brushes","7":"product_tag-air-duct-cleaning-brush","8":"product_tag-cleaning-brush","9":"product_tag-rounded-duct","10":"product_tag-shock-axle-brush","11":"product_tag-special-harja","12":"product_tag-umbrella","13":"product_tag-umbrella-shaped-brushes","14":"product_tag-ventilation-duct","16":"first","17":"instock","18":"shipping-taxable","19":"product-type-simple"},"yoast_head":"<!-- This site is optimized with the Yoast SEO plugin v27.4 - https:\/\/yoast.com\/product\/yoast-seo-wordpress\/ -->\n<title>Umbrella Brush - Special \u00f8100-\u00f8200 - White - AirPower - Puhtaan ilman puolesta<\/title>\n<meta name=\"robots\" content=\"index, follow, max-snippet:-1, max-image-preview:large, max-video-preview:-1\" \/>\n<link rel=\"canonical\" href=\"https:\/\/www.airpower.fi\/en\/product\/sateenvarjoharja-special-o100-o200-valkoinen\/\" \/>\n<meta property=\"og:locale\" content=\"en_US\" \/>\n<meta property=\"og:type\" content=\"article\" \/>\n<meta property=\"og:title\" content=\"Umbrella Brush - Special \u00f8100-\u00f8200 - White - AirPower - Puhtaan ilman puolesta\" \/>\n<meta property=\"og:description\" content=\"Umbrella Brush \u2013 Special \u2013 100\u2013200 \u2013 Reversible \u2013 White Bristles\" \/>\n<meta property=\"og:url\" content=\"https:\/\/www.airpower.fi\/en\/product\/sateenvarjoharja-special-o100-o200-valkoinen\/\" \/>\n<meta property=\"og:site_name\" content=\"AirPower - Puhtaan ilman puolesta\" \/>\n<meta property=\"article:modified_time\" content=\"2025-11-07T13:37:07+00:00\" \/>\n<meta property=\"og:image\" content=\"https:\/\/www.airpower.fi\/wpc\/uploads\/2025\/11\/502200WH_Sateenvarjoharja-Special_100-200_AirPower.jpg\" \/>\n\t<meta property=\"og:image:width\" content=\"1020\" \/>\n\t<meta property=\"og:image:height\" content=\"1020\" \/>\n\t<meta property=\"og:image:type\" content=\"image\/jpeg\" \/>\n<meta name=\"twitter:card\" content=\"summary_large_image\" \/>\n<meta name=\"twitter:label1\" content=\"Est. reading time\" \/>\n\t<meta name=\"twitter:data1\" content=\"1 minute\" \/>\n<script type=\"application\/ld+json\" class=\"yoast-schema-graph\">{\"@context\":\"https:\\\/\\\/schema.org\",\"@graph\":[{\"@type\":\"WebPage\",\"@id\":\"https:\\\/\\\/www.airpower.fi\\\/en\\\/product\\\/sateenvarjoharja-special-o100-o200-valkoinen\\\/\",\"url\":\"https:\\\/\\\/www.airpower.fi\\\/en\\\/product\\\/sateenvarjoharja-special-o100-o200-valkoinen\\\/\",\"name\":\"Umbrella Brush - Special \u00f8100-\u00f8200 - White - AirPower - Puhtaan ilman puolesta\",\"isPartOf\":{\"@id\":\"https:\\\/\\\/www.airpower.fi\\\/en\\\/#website\"},\"primaryImageOfPage\":{\"@id\":\"https:\\\/\\\/www.airpower.fi\\\/en\\\/product\\\/sateenvarjoharja-special-o100-o200-valkoinen\\\/#primaryimage\"},\"image\":{\"@id\":\"https:\\\/\\\/www.airpower.fi\\\/en\\\/product\\\/sateenvarjoharja-special-o100-o200-valkoinen\\\/#primaryimage\"},\"thumbnailUrl\":\"https:\\\/\\\/www.airpower.fi\\\/wpc\\\/uploads\\\/2025\\\/11\\\/502200WH_Sateenvarjoharja-Special_100-200_AirPower.jpg\",\"datePublished\":\"2025-11-07T12:58:41+00:00\",\"dateModified\":\"2025-11-07T13:37:07+00:00\",\"breadcrumb\":{\"@id\":\"https:\\\/\\\/www.airpower.fi\\\/en\\\/product\\\/sateenvarjoharja-special-o100-o200-valkoinen\\\/#breadcrumb\"},\"inLanguage\":\"en-US\",\"potentialAction\":[{\"@type\":\"ReadAction\",\"target\":[\"https:\\\/\\\/www.airpower.fi\\\/en\\\/product\\\/sateenvarjoharja-special-o100-o200-valkoinen\\\/\"]}]},{\"@type\":\"ImageObject\",\"inLanguage\":\"en-US\",\"@id\":\"https:\\\/\\\/www.airpower.fi\\\/en\\\/product\\\/sateenvarjoharja-special-o100-o200-valkoinen\\\/#primaryimage\",\"url\":\"https:\\\/\\\/www.airpower.fi\\\/wpc\\\/uploads\\\/2025\\\/11\\\/502200WH_Sateenvarjoharja-Special_100-200_AirPower.jpg\",\"contentUrl\":\"https:\\\/\\\/www.airpower.fi\\\/wpc\\\/uploads\\\/2025\\\/11\\\/502200WH_Sateenvarjoharja-Special_100-200_AirPower.jpg\",\"width\":1020,\"height\":1020},{\"@type\":\"BreadcrumbList\",\"@id\":\"https:\\\/\\\/www.airpower.fi\\\/en\\\/product\\\/sateenvarjoharja-special-o100-o200-valkoinen\\\/#breadcrumb\",\"itemListElement\":[{\"@type\":\"ListItem\",\"position\":1,\"name\":\"Home\",\"item\":\"https:\\\/\\\/www.airpower.fi\\\/en\\\/\"},{\"@type\":\"ListItem\",\"position\":2,\"name\":\"Products\",\"item\":\"https:\\\/\\\/www.airpower.fi\\\/tuotteet\\\/\"},{\"@type\":\"ListItem\",\"position\":3,\"name\":\"Umbrella Brush &#8211; Special \u00f8100-\u00f8200 &#8211; White\"}]},{\"@type\":\"WebSite\",\"@id\":\"https:\\\/\\\/www.airpower.fi\\\/en\\\/#website\",\"url\":\"https:\\\/\\\/www.airpower.fi\\\/en\\\/\",\"name\":\"AirPower - Puhtaan ilman puolesta\",\"description\":\"Ratkaisut ilmastointikanavien puhdistukseen ja tarkastukseen\",\"alternateName\":\"R\u00e4\u00e4kkyl\u00e4n Pelti- ja Metallity\u00f6 Oy\",\"potentialAction\":[{\"@type\":\"SearchAction\",\"target\":{\"@type\":\"EntryPoint\",\"urlTemplate\":\"https:\\\/\\\/www.airpower.fi\\\/en\\\/?s={search_term_string}\"},\"query-input\":{\"@type\":\"PropertyValueSpecification\",\"valueRequired\":true,\"valueName\":\"search_term_string\"}}],\"inLanguage\":\"en-US\"}]}<\/script>\n<!-- \/ Yoast SEO plugin. -->","yoast_head_json":{"title":"Umbrella Brush - Special \u00f8100-\u00f8200 - White - AirPower - Puhtaan ilman puolesta","robots":{"index":"index","follow":"follow","max-snippet":"max-snippet:-1","max-image-preview":"max-image-preview:large","max-video-preview":"max-video-preview:-1"},"canonical":"https:\/\/www.airpower.fi\/en\/product\/sateenvarjoharja-special-o100-o200-valkoinen\/","og_locale":"en_US","og_type":"article","og_title":"Umbrella Brush - Special \u00f8100-\u00f8200 - White - AirPower - Puhtaan ilman puolesta","og_description":"Umbrella Brush \u2013 Special \u2013 100\u2013200 \u2013 Reversible \u2013 White Bristles","og_url":"https:\/\/www.airpower.fi\/en\/product\/sateenvarjoharja-special-o100-o200-valkoinen\/","og_site_name":"AirPower - Puhtaan ilman puolesta","article_modified_time":"2025-11-07T13:37:07+00:00","og_image":[{"width":1020,"height":1020,"url":"https:\/\/www.airpower.fi\/wpc\/uploads\/2025\/11\/502200WH_Sateenvarjoharja-Special_100-200_AirPower.jpg","type":"image\/jpeg"}],"twitter_card":"summary_large_image","twitter_misc":{"Est. reading time":"1 minute"},"schema":{"@context":"https:\/\/schema.org","@graph":[{"@type":"WebPage","@id":"https:\/\/www.airpower.fi\/en\/product\/sateenvarjoharja-special-o100-o200-valkoinen\/","url":"https:\/\/www.airpower.fi\/en\/product\/sateenvarjoharja-special-o100-o200-valkoinen\/","name":"Umbrella Brush - Special \u00f8100-\u00f8200 - White - AirPower - Puhtaan ilman puolesta","isPartOf":{"@id":"https:\/\/www.airpower.fi\/en\/#website"},"primaryImageOfPage":{"@id":"https:\/\/www.airpower.fi\/en\/product\/sateenvarjoharja-special-o100-o200-valkoinen\/#primaryimage"},"image":{"@id":"https:\/\/www.airpower.fi\/en\/product\/sateenvarjoharja-special-o100-o200-valkoinen\/#primaryimage"},"thumbnailUrl":"https:\/\/www.airpower.fi\/wpc\/uploads\/2025\/11\/502200WH_Sateenvarjoharja-Special_100-200_AirPower.jpg","datePublished":"2025-11-07T12:58:41+00:00","dateModified":"2025-11-07T13:37:07+00:00","breadcrumb":{"@id":"https:\/\/www.airpower.fi\/en\/product\/sateenvarjoharja-special-o100-o200-valkoinen\/#breadcrumb"},"inLanguage":"en-US","potentialAction":[{"@type":"ReadAction","target":["https:\/\/www.airpower.fi\/en\/product\/sateenvarjoharja-special-o100-o200-valkoinen\/"]}]},{"@type":"ImageObject","inLanguage":"en-US","@id":"https:\/\/www.airpower.fi\/en\/product\/sateenvarjoharja-special-o100-o200-valkoinen\/#primaryimage","url":"https:\/\/www.airpower.fi\/wpc\/uploads\/2025\/11\/502200WH_Sateenvarjoharja-Special_100-200_AirPower.jpg","contentUrl":"https:\/\/www.airpower.fi\/wpc\/uploads\/2025\/11\/502200WH_Sateenvarjoharja-Special_100-200_AirPower.jpg","width":1020,"height":1020},{"@type":"BreadcrumbList","@id":"https:\/\/www.airpower.fi\/en\/product\/sateenvarjoharja-special-o100-o200-valkoinen\/#breadcrumb","itemListElement":[{"@type":"ListItem","position":1,"name":"Home","item":"https:\/\/www.airpower.fi\/en\/"},{"@type":"ListItem","position":2,"name":"Products","item":"https:\/\/www.airpower.fi\/tuotteet\/"},{"@type":"ListItem","position":3,"name":"Umbrella Brush &#8211; Special \u00f8100-\u00f8200 &#8211; White"}]},{"@type":"WebSite","@id":"https:\/\/www.airpower.fi\/en\/#website","url":"https:\/\/www.airpower.fi\/en\/","name":"AirPower - Puhtaan ilman puolesta","description":"Ratkaisut ilmastointikanavien puhdistukseen ja tarkastukseen","alternateName":"R\u00e4\u00e4kkyl\u00e4n Pelti- ja Metallity\u00f6 Oy","potentialAction":[{"@type":"SearchAction","target":{"@type":"EntryPoint","urlTemplate":"https:\/\/www.airpower.fi\/en\/?s={search_term_string}"},"query-input":{"@type":"PropertyValueSpecification","valueRequired":true,"valueName":"search_term_string"}}],"inLanguage":"en-US"}]}},"_links":{"self":[{"href":"https:\/\/www.airpower.fi\/en\/wp-json\/wp\/v2\/product\/2015","targetHints":{"allow":["GET"]}}],"collection":[{"href":"https:\/\/www.airpower.fi\/en\/wp-json\/wp\/v2\/product"}],"about":[{"href":"https:\/\/www.airpower.fi\/en\/wp-json\/wp\/v2\/types\/product"}],"wp:featuredmedia":[{"embeddable":true,"href":"https:\/\/www.airpower.fi\/en\/wp-json\/wp\/v2\/media\/2004"}],"wp:attachment":[{"href":"https:\/\/www.airpower.fi\/en\/wp-json\/wp\/v2\/media?parent=2015"}],"wp:term":[{"taxonomy":"product_brand","embeddable":true,"href":"https:\/\/www.airpower.fi\/en\/wp-json\/wp\/v2\/product_brand?post=2015"},{"taxonomy":"product_cat","embeddable":true,"href":"https:\/\/www.airpower.fi\/en\/wp-json\/wp\/v2\/product_cat?post=2015"},{"taxonomy":"product_tag","embeddable":true,"href":"https:\/\/www.airpower.fi\/en\/wp-json\/wp\/v2\/product_tag?post=2015"}],"curies":[{"name":"wp","href":"https:\/\/api.w.org\/{rel}","templated":true}]}}